{"id":1251,"date":"2021-11-03T18:14:20","date_gmt":"2021-11-03T17:14:20","guid":{"rendered":"https:\/\/parroquiaalpedrete216565863.wordpress.com\/?page_id=1251"},"modified":"2023-09-12T09:30:43","modified_gmt":"2023-09-12T07:30:43","slug":"caritas-alpedrete","status":"publish","type":"page","link":"https:\/\/parroquiadealpedrete.archimadrid.es\/?page_id=1251","title":{"rendered":"C\u00c1RITAS ALPEDRETE"},"content":{"rendered":"<p><img loading=\"lazy\" decoding=\"async\" class=\"size-full wp-image-2129 aligncenter\" src=\"https:\/\/parroquiadealpedrete.archimadrid.es\/wp-content\/uploads\/2021\/12\/logo_2x_caritas.png\" alt=\"\" width=\"280\" height=\"280\" srcset=\"https:\/\/parroquiadealpedrete.archimadrid.es\/wp-content\/uploads\/2021\/12\/logo_2x_caritas.png 280w, https:\/\/parroquiadealpedrete.archimadrid.es\/wp-content\/uploads\/2021\/12\/logo_2x_caritas-150x150.png 150w\" sizes=\"auto, (max-width: 280px) 100vw, 280px\" \/><\/p>\n\n<p class=\"fonts-plugin-block \" style=\"font-family: Oswald;font-weight: 500;font-size: 35px;text-align: center\"><strong>C\u00c1RITAS ALPEDRETE<\/strong><\/p>\n\n<p style=\"text-align: justify;\">Estar donde m\u00e1s nos necesitan. Esa es la raz\u00f3n de ser de C\u00e1ritas Parroquial de Alpedrete, la Pastoral de Caridad de la parroquia.<\/p>\n<p style=\"text-align: justify;\">En C\u00e1ritas Alpedrete acogemos y acompa\u00f1amos a todas aquellas personas y familias que se encuentran en una situaci\u00f3n vulnerable, con el objetivo de que puedan desarrollarse de manera integral en tres grandes \u00e1mbitos: necesidades b\u00e1sicas, sentido de la vida y participaci\u00f3n social. Y todo ello con una ayuda que respete y promueva la dignidad personal desde una perspectiva cristiana.<\/p>\n<p style=\"text-align: justify;\">Los 17 voluntarios que forman C\u00e1ritas Alpedrete ponemos a disposici\u00f3n de todas las personas y familias que as\u00ed lo soliciten los siguientes recursos:<\/p>\n\n<ul class=\"eplus-wrapper wp-block-list eplus-styles-uid-efb3d7\">\n<li class=\" eplus-wrapper\">Acogida y acompa\u00f1amiento.<\/li>\n\n\n\n<li class=\" eplus-wrapper\">Ayuda de alimentos.<\/li>\n\n\n\n<li class=\" eplus-wrapper\">Ayuda de ropa.<\/li>\n\n\n\n<li class=\" eplus-wrapper\">Otras ayudas puntuales: farmacia, productos de higiene, suministros, etc.<\/li>\n\n\n\n<li class=\" eplus-wrapper\">Derivaci\u00f3n para otros recursos de C\u00e1ritas Sierra: empleo, vivienda, ayudas sociales, etc.<\/li>\n<\/ul>\n\n<div class=\"wp-block-columns alignwide eplus-wrapper is-layout-flex wp-container-core-columns-is-layout-28f84493 wp-block-columns-is-layout-flex eplus-styles-uid-772e90\">\n<div class=\"wp-block-column eplus-wrapper is-layout-flow wp-block-column-is-layout-flow\"><p class=\"fonts-plugin-block \" style=\"font-size: 20px;line-height: 1\"><strong>Horarios<\/strong><\/p>\n\n<p class=\"fonts-plugin-block \">Lunes: de 11:00 a 13:30<br>Mi\u00e9rcoles y viernes: de 18:00 a 19:30<\/p><\/div>\n\n\n\n<div class=\"wp-block-column eplus-wrapper is-layout-flow wp-block-column-is-layout-flow\"><p class=\"fonts-plugin-block \" style=\"font-size: 20px;line-height: 1\"><strong>ACOGIDA Y ACOMPA\u00d1AMIENTO<\/strong><\/p>\n\n<p class=\"fonts-plugin-block \" style=\"line-height: 1\">Plaza de la Villa, 8, 28430 Alpedrete .<\/p><\/div>\n<\/div>\n\n<div class=\"wp-block-columns eplus-wrapper is-layout-flex wp-container-core-columns-is-layout-28f84493 wp-block-columns-is-layout-flex eplus-styles-uid-6a5fbc\">\n<div class=\"wp-block-column eplus-wrapper is-layout-flow wp-block-column-is-layout-flow\"><p class=\"fonts-plugin-block \" style=\"font-size: 20px;line-height: 1\"><strong>Contacto<\/strong><\/p>\n\n<p class=\"fonts-plugin-block \">Tlf.: 638 056 078<br>Email: <a href=\"mailto:caritasparroquialpedrete@gmail.com\">caritasparroquialpedrete@gmail.com<\/a><br>Facebook: C\u00e1ritas Parroquial de Alpedrete<\/p><\/div>\n<\/div>\n\n<p class=\"fonts-plugin-block \" style=\"font-size: 20px;line-height: 1\"><strong>\u00bfC\u00f3mo colaborar con C\u00e1ritas Alpedrete?<\/strong><\/p>\n\n<p class=\"fonts-plugin-block \" style=\"line-height: 1\">Banco de Santander ES42 0075 0452 3706 0034 7337<\/p>","protected":false},"excerpt":{"rendered":"<p>Estar donde m\u00e1s nos necesitan. Esa es la raz\u00f3n de ser de C\u00e1ritas Parroquial de Alpedrete, la Pastoral de Caridad de la parroquia. En C\u00e1ritas Alpedrete acogemos y acompa\u00f1amos a todas aquellas personas y familias que se encuentran en una situaci\u00f3n vulnerable, con el objetivo de que puedan desarrollarse de manera integral en tres grandes &hellip; <\/p>\n<p class=\"link-more\"><a href=\"https:\/\/parroquiadealpedrete.archimadrid.es\/?page_id=1251\" class=\"more-link\">Leer m\u00e1s<span class=\"screen-reader-text\"> \u00abC\u00c1RITAS ALPEDRETE\u00bb<\/span><\/a><\/p>\n","protected":false},"author":1,"featured_media":0,"parent":0,"menu_order":0,"comment_status":"closed","ping_status":"closed","template":"","meta":{"editor_plus_copied_stylings":"{}","footnotes":""},"class_list":["post-1251","page","type-page","status-publish","hentry"],"yoast_head":"<!-- This site is optimized with the Yoast SEO plugin v26.3 - https:\/\/yoast.com\/wordpress\/plugins\/seo\/ -->\n<title>C\u00c1RITAS ALPEDRETE - ASUNCI\u00d3N DE NUESTRA SE\u00d1ORA ALPEDRETE<\/title>\n<meta name=\"robots\" content=\"index, follow, max-snippet:-1, max-image-preview:large, max-video-preview:-1\" \/>\n<link rel=\"canonical\" href=\"https:\/\/parroquiadealpedrete.archimadrid.es\/?page_id=1251\" \/>\n<meta property=\"og:locale\" content=\"es_ES\" \/>\n<meta property=\"og:type\" content=\"article\" \/>\n<meta property=\"og:title\" content=\"C\u00c1RITAS ALPEDRETE - ASUNCI\u00d3N DE NUESTRA SE\u00d1ORA ALPEDRETE\" \/>\n<meta property=\"og:description\" content=\"Estar donde m\u00e1s nos necesitan. Esa es la raz\u00f3n de ser de C\u00e1ritas Parroquial de Alpedrete, la Pastoral de Caridad de la parroquia. En C\u00e1ritas Alpedrete acogemos y acompa\u00f1amos a todas aquellas personas y familias que se encuentran en una situaci\u00f3n vulnerable, con el objetivo de que puedan desarrollarse de manera integral en tres grandes &hellip; Leer m\u00e1s \u00abC\u00c1RITAS ALPEDRETE\u00bb\" \/>\n<meta property=\"og:url\" content=\"https:\/\/parroquiadealpedrete.archimadrid.es\/?page_id=1251\" \/>\n<meta property=\"og:site_name\" content=\"ASUNCI\u00d3N DE NUESTRA SE\u00d1ORA ALPEDRETE\" \/>\n<meta property=\"article:modified_time\" content=\"2023-09-12T07:30:43+00:00\" \/>\n<meta property=\"og:image\" content=\"https:\/\/parroquiadealpedrete.archimadrid.es\/wp-content\/uploads\/2021\/12\/logo_2x_caritas.png\" \/>\n<meta name=\"twitter:card\" content=\"summary_large_image\" \/>\n<meta name=\"twitter:label1\" content=\"Tiempo de lectura\" \/>\n\t<meta name=\"twitter:data1\" content=\"1 minuto\" \/>\n<script type=\"application\/ld+json\" class=\"yoast-schema-graph\">{\"@context\":\"https:\/\/schema.org\",\"@graph\":[{\"@type\":\"WebPage\",\"@id\":\"https:\/\/parroquiadealpedrete.archimadrid.es\/?page_id=1251\",\"url\":\"https:\/\/parroquiadealpedrete.archimadrid.es\/?page_id=1251\",\"name\":\"C\u00c1RITAS ALPEDRETE - ASUNCI\u00d3N DE NUESTRA SE\u00d1ORA ALPEDRETE\",\"isPartOf\":{\"@id\":\"https:\/\/parroquiadealpedrete.archimadrid.es\/#website\"},\"primaryImageOfPage\":{\"@id\":\"https:\/\/parroquiadealpedrete.archimadrid.es\/?page_id=1251#primaryimage\"},\"image\":{\"@id\":\"https:\/\/parroquiadealpedrete.archimadrid.es\/?page_id=1251#primaryimage\"},\"thumbnailUrl\":\"https:\/\/parroquiadealpedrete.archimadrid.es\/wp-content\/uploads\/2021\/12\/logo_2x_caritas.png\",\"datePublished\":\"2021-11-03T17:14:20+00:00\",\"dateModified\":\"2023-09-12T07:30:43+00:00\",\"breadcrumb\":{\"@id\":\"https:\/\/parroquiadealpedrete.archimadrid.es\/?page_id=1251#breadcrumb\"},\"inLanguage\":\"es\",\"potentialAction\":[{\"@type\":\"ReadAction\",\"target\":[\"https:\/\/parroquiadealpedrete.archimadrid.es\/?page_id=1251\"]}]},{\"@type\":\"ImageObject\",\"inLanguage\":\"es\",\"@id\":\"https:\/\/parroquiadealpedrete.archimadrid.es\/?page_id=1251#primaryimage\",\"url\":\"https:\/\/parroquiadealpedrete.archimadrid.es\/wp-content\/uploads\/2021\/12\/logo_2x_caritas.png\",\"contentUrl\":\"https:\/\/parroquiadealpedrete.archimadrid.es\/wp-content\/uploads\/2021\/12\/logo_2x_caritas.png\",\"width\":280,\"height\":280},{\"@type\":\"BreadcrumbList\",\"@id\":\"https:\/\/parroquiadealpedrete.archimadrid.es\/?page_id=1251#breadcrumb\",\"itemListElement\":[{\"@type\":\"ListItem\",\"position\":1,\"name\":\"Portada\",\"item\":\"https:\/\/parroquiadealpedrete.archimadrid.es\/\"},{\"@type\":\"ListItem\",\"position\":2,\"name\":\"C\u00c1RITAS ALPEDRETE\"}]},{\"@type\":\"WebSite\",\"@id\":\"https:\/\/parroquiadealpedrete.archimadrid.es\/#website\",\"url\":\"https:\/\/parroquiadealpedrete.archimadrid.es\/\",\"name\":\"ASUNCI\u00d3N DE NUESTRA SE\u00d1ORA ALPEDRETE\",\"description\":\"Parroquia de Alpedrete\",\"publisher\":{\"@id\":\"https:\/\/parroquiadealpedrete.archimadrid.es\/#organization\"},\"potentialAction\":[{\"@type\":\"SearchAction\",\"target\":{\"@type\":\"EntryPoint\",\"urlTemplate\":\"https:\/\/parroquiadealpedrete.archimadrid.es\/?s={search_term_string}\"},\"query-input\":{\"@type\":\"PropertyValueSpecification\",\"valueRequired\":true,\"valueName\":\"search_term_string\"}}],\"inLanguage\":\"es\"},{\"@type\":\"Organization\",\"@id\":\"https:\/\/parroquiadealpedrete.archimadrid.es\/#organization\",\"name\":\"Asunci\u00f3n de nuestra Se\u00f1ora de Alpedrete\",\"url\":\"https:\/\/parroquiadealpedrete.archimadrid.es\/\",\"logo\":{\"@type\":\"ImageObject\",\"inLanguage\":\"es\",\"@id\":\"https:\/\/parroquiadealpedrete.archimadrid.es\/#\/schema\/logo\/image\/\",\"url\":\"https:\/\/parroquiadealpedrete.archimadrid.es\/wp-content\/uploads\/2022\/02\/Logo-con-fondo--scaled-e1645483003367.jpg\",\"contentUrl\":\"https:\/\/parroquiadealpedrete.archimadrid.es\/wp-content\/uploads\/2022\/02\/Logo-con-fondo--scaled-e1645483003367.jpg\",\"width\":1689,\"height\":1689,\"caption\":\"Asunci\u00f3n de nuestra Se\u00f1ora de Alpedrete\"},\"image\":{\"@id\":\"https:\/\/parroquiadealpedrete.archimadrid.es\/#\/schema\/logo\/image\/\"}}]}<\/script>\n<!-- \/ Yoast SEO plugin. -->","yoast_head_json":{"title":"C\u00c1RITAS ALPEDRETE - ASUNCI\u00d3N DE NUESTRA SE\u00d1ORA ALPEDRETE","robots":{"index":"index","follow":"follow","max-snippet":"max-snippet:-1","max-image-preview":"max-image-preview:large","max-video-preview":"max-video-preview:-1"},"canonical":"https:\/\/parroquiadealpedrete.archimadrid.es\/?page_id=1251","og_locale":"es_ES","og_type":"article","og_title":"C\u00c1RITAS ALPEDRETE - ASUNCI\u00d3N DE NUESTRA SE\u00d1ORA ALPEDRETE","og_description":"Estar donde m\u00e1s nos necesitan. Esa es la raz\u00f3n de ser de C\u00e1ritas Parroquial de Alpedrete, la Pastoral de Caridad de la parroquia. En C\u00e1ritas Alpedrete acogemos y acompa\u00f1amos a todas aquellas personas y familias que se encuentran en una situaci\u00f3n vulnerable, con el objetivo de que puedan desarrollarse de manera integral en tres grandes &hellip; Leer m\u00e1s \u00abC\u00c1RITAS ALPEDRETE\u00bb","og_url":"https:\/\/parroquiadealpedrete.archimadrid.es\/?page_id=1251","og_site_name":"ASUNCI\u00d3N DE NUESTRA SE\u00d1ORA ALPEDRETE","article_modified_time":"2023-09-12T07:30:43+00:00","og_image":[{"url":"https:\/\/parroquiadealpedrete.archimadrid.es\/wp-content\/uploads\/2021\/12\/logo_2x_caritas.png","type":"","width":"","height":""}],"twitter_card":"summary_large_image","twitter_misc":{"Tiempo de lectura":"1 minuto"},"schema":{"@context":"https:\/\/schema.org","@graph":[{"@type":"WebPage","@id":"https:\/\/parroquiadealpedrete.archimadrid.es\/?page_id=1251","url":"https:\/\/parroquiadealpedrete.archimadrid.es\/?page_id=1251","name":"C\u00c1RITAS ALPEDRETE - ASUNCI\u00d3N DE NUESTRA SE\u00d1ORA ALPEDRETE","isPartOf":{"@id":"https:\/\/parroquiadealpedrete.archimadrid.es\/#website"},"primaryImageOfPage":{"@id":"https:\/\/parroquiadealpedrete.archimadrid.es\/?page_id=1251#primaryimage"},"image":{"@id":"https:\/\/parroquiadealpedrete.archimadrid.es\/?page_id=1251#primaryimage"},"thumbnailUrl":"https:\/\/parroquiadealpedrete.archimadrid.es\/wp-content\/uploads\/2021\/12\/logo_2x_caritas.png","datePublished":"2021-11-03T17:14:20+00:00","dateModified":"2023-09-12T07:30:43+00:00","breadcrumb":{"@id":"https:\/\/parroquiadealpedrete.archimadrid.es\/?page_id=1251#breadcrumb"},"inLanguage":"es","potentialAction":[{"@type":"ReadAction","target":["https:\/\/parroquiadealpedrete.archimadrid.es\/?page_id=1251"]}]},{"@type":"ImageObject","inLanguage":"es","@id":"https:\/\/parroquiadealpedrete.archimadrid.es\/?page_id=1251#primaryimage","url":"https:\/\/parroquiadealpedrete.archimadrid.es\/wp-content\/uploads\/2021\/12\/logo_2x_caritas.png","contentUrl":"https:\/\/parroquiadealpedrete.archimadrid.es\/wp-content\/uploads\/2021\/12\/logo_2x_caritas.png","width":280,"height":280},{"@type":"BreadcrumbList","@id":"https:\/\/parroquiadealpedrete.archimadrid.es\/?page_id=1251#breadcrumb","itemListElement":[{"@type":"ListItem","position":1,"name":"Portada","item":"https:\/\/parroquiadealpedrete.archimadrid.es\/"},{"@type":"ListItem","position":2,"name":"C\u00c1RITAS ALPEDRETE"}]},{"@type":"WebSite","@id":"https:\/\/parroquiadealpedrete.archimadrid.es\/#website","url":"https:\/\/parroquiadealpedrete.archimadrid.es\/","name":"ASUNCI\u00d3N DE NUESTRA SE\u00d1ORA ALPEDRETE","description":"Parroquia de Alpedrete","publisher":{"@id":"https:\/\/parroquiadealpedrete.archimadrid.es\/#organization"},"potentialAction":[{"@type":"SearchAction","target":{"@type":"EntryPoint","urlTemplate":"https:\/\/parroquiadealpedrete.archimadrid.es\/?s={search_term_string}"},"query-input":{"@type":"PropertyValueSpecification","valueRequired":true,"valueName":"search_term_string"}}],"inLanguage":"es"},{"@type":"Organization","@id":"https:\/\/parroquiadealpedrete.archimadrid.es\/#organization","name":"Asunci\u00f3n de nuestra Se\u00f1ora de Alpedrete","url":"https:\/\/parroquiadealpedrete.archimadrid.es\/","logo":{"@type":"ImageObject","inLanguage":"es","@id":"https:\/\/parroquiadealpedrete.archimadrid.es\/#\/schema\/logo\/image\/","url":"https:\/\/parroquiadealpedrete.archimadrid.es\/wp-content\/uploads\/2022\/02\/Logo-con-fondo--scaled-e1645483003367.jpg","contentUrl":"https:\/\/parroquiadealpedrete.archimadrid.es\/wp-content\/uploads\/2022\/02\/Logo-con-fondo--scaled-e1645483003367.jpg","width":1689,"height":1689,"caption":"Asunci\u00f3n de nuestra Se\u00f1ora de Alpedrete"},"image":{"@id":"https:\/\/parroquiadealpedrete.archimadrid.es\/#\/schema\/logo\/image\/"}}]}},"_links":{"self":[{"href":"https:\/\/parroquiadealpedrete.archimadrid.es\/index.php?rest_route=\/wp\/v2\/pages\/1251","targetHints":{"allow":["GET"]}}],"collection":[{"href":"https:\/\/parroquiadealpedrete.archimadrid.es\/index.php?rest_route=\/wp\/v2\/pages"}],"about":[{"href":"https:\/\/parroquiadealpedrete.archimadrid.es\/index.php?rest_route=\/wp\/v2\/types\/page"}],"author":[{"embeddable":true,"href":"https:\/\/parroquiadealpedrete.archimadrid.es\/index.php?rest_route=\/wp\/v2\/users\/1"}],"replies":[{"embeddable":true,"href":"https:\/\/parroquiadealpedrete.archimadrid.es\/index.php?rest_route=%2Fwp%2Fv2%2Fcomments&post=1251"}],"version-history":[{"count":19,"href":"https:\/\/parroquiadealpedrete.archimadrid.es\/index.php?rest_route=\/wp\/v2\/pages\/1251\/revisions"}],"predecessor-version":[{"id":4116,"href":"https:\/\/parroquiadealpedrete.archimadrid.es\/index.php?rest_route=\/wp\/v2\/pages\/1251\/revisions\/4116"}],"wp:attachment":[{"href":"https:\/\/parroquiadealpedrete.archimadrid.es\/index.php?rest_route=%2Fwp%2Fv2%2Fmedia&parent=1251"}],"curies":[{"name":"wp","href":"https:\/\/api.w.org\/{rel}","templated":true}]}}