{"id":1253,"date":"2021-11-03T18:14:54","date_gmt":"2021-11-03T17:14:54","guid":{"rendered":"https:\/\/parroquiaalpedrete216565863.wordpress.com\/?page_id=1253"},"modified":"2022-02-14T20:13:43","modified_gmt":"2022-02-14T20:13:43","slug":"comunion-de-enfermos","status":"publish","type":"page","link":"https:\/\/parroquiadealpedrete.archimadrid.es\/?page_id=1253","title":{"rendered":"Pastoral de enfermos"},"content":{"rendered":"<p class=\"fonts-plugin-block \" style=\"font-family: Oswald;font-weight: 500;font-size: 35px;text-align: center\"><strong>Pastoral de enfermos<\/strong><\/p>\n\n\n<figure class=\"wp-block-image size-large\"><img loading=\"lazy\" decoding=\"async\" width=\"1024\" height=\"686\" src=\"https:\/\/parroquiadealpedrete.archimadrid.es\/wp-content\/uploads\/2022\/01\/Pastoral-de-enfermos-1024x686.webp\" alt=\"\" class=\"wp-image-2508\" srcset=\"https:\/\/parroquiadealpedrete.archimadrid.es\/wp-content\/uploads\/2022\/01\/Pastoral-de-enfermos-1024x686.webp 1024w, https:\/\/parroquiadealpedrete.archimadrid.es\/wp-content\/uploads\/2022\/01\/Pastoral-de-enfermos-300x201.webp 300w, https:\/\/parroquiadealpedrete.archimadrid.es\/wp-content\/uploads\/2022\/01\/Pastoral-de-enfermos-768x514.webp 768w, https:\/\/parroquiadealpedrete.archimadrid.es\/wp-content\/uploads\/2022\/01\/Pastoral-de-enfermos-1536x1029.webp 1536w, https:\/\/parroquiadealpedrete.archimadrid.es\/wp-content\/uploads\/2022\/01\/Pastoral-de-enfermos-2048x1372.webp 2048w, https:\/\/parroquiadealpedrete.archimadrid.es\/wp-content\/uploads\/2022\/01\/Pastoral-de-enfermos-2000x1340.webp 2000w\" sizes=\"auto, (max-width: 1024px) 100vw, 1024px\" \/><\/figure>\n\n\n<p style=\"text-align: justify;\"><span style=\"font-weight: 400;\">La pastoral de la salud forma parte de la vida de la comunidad, los enfermos necesitan ser acompa\u00f1ados y escuchados no s\u00f3lo en situaciones graves, sino tambi\u00e9n en momentos dif\u00edciles.\u00a0\u00a0<\/span><\/p>\n<p style=\"text-align: justify;\"><span style=\"font-weight: 400;\">La dimensi\u00f3n de la pastoral de la salud abarca tres momentos:<\/span><\/p>\n<p style=\"text-align: justify; padding-left: 40px;\"><strong>El acompa\u00f1amiento<\/strong><span style=\"font-weight: 400;\"><strong>:<\/strong> los enfermos que est\u00e1n en sus domicilios y no pueden acudir a la iglesia para participar en la oraci\u00f3n comunitaria o hablar con el sacerdote necesitan ser escuchados y acompa\u00f1ados.\u00a0\u00a0<\/span><\/p>\n<p style=\"text-align: justify; padding-left: 40px;\"><strong>La comuni\u00f3n: <\/strong><span style=\"font-weight: 400;\">participar de la Eucarist\u00eda y comulgar es para el enfermo signo de uni\u00f3n\u00a0 con Cristo. La comuni\u00f3n que recibe en el domicilio es se\u00f1al de estar vinculado a la comunidad a la que no puede acudir presencialmente de forma transitoria o definitiva.<\/span><\/p>\n<p style=\"text-align: justify; padding-left: 40px;\"><strong>Unci\u00f3n de enfermos<\/strong><span style=\"font-weight: 400;\"><strong>:<\/strong> el sacramento de la unci\u00f3n otorga al cristiano una \u201cgracia\u201d especial para enfrentarse a las dificultades que provocan la enfermedad, el sufrimiento o la vejez. No es un sacramento s\u00f3lo para los que est\u00e1n a punto de morir, sino que ayuda a los cristianos a sobrellevar con fortaleza situaciones dif\u00edciles.<\/span><\/p>\n<p style=\"text-align: justify;\"><span style=\"font-weight: 400;\">Se puede solicitar la comuni\u00f3n en el domicilio, el sacramento de la unci\u00f3n o un acompa\u00f1amiento al enfermo poni\u00e9ndose en contacto con el p\u00e1rroco en el horario de despacho parroquial o escribiendo un mail a <\/span><a href=\"mailto:parroquiadealpedrete@gmail.com\"><span style=\"font-weight: 400;\">parroquiadealpedrete@gmail.com<\/span><\/a><span style=\"font-weight: 400;\">.<\/span><\/p>\n<p style=\"text-align: justify;\"><span style=\"font-weight: 400;\">Hay un grupo de fieles en la Asunci\u00f3n de Nuestra Se\u00f1ora de Alpedrete que cuida especialmente la pastoral de la salud. El grupo <\/span><b>\u201cAlabanza con Mar\u00eda\u201d<\/b><span style=\"font-weight: 400;\"> se re\u00fane los primeros jueves de mes en la parroquia, y se encarga de orar por los enfermos y todos los que sufren. Para m\u00e1s informaci\u00f3n<\/span><a href=\"http:\/\/www.alabanzaconmaria.com\/\"> <span style=\"font-weight: 400;\">www.alabanzaconmaria.com<\/span><\/a><\/p>\n\n\n<blockquote class=\"wp-block-quote is-layout-flow wp-block-quote-is-layout-flow\"><p><em>\u00abEstuve enfermo y me visitasteis\u00bb<\/em><\/p><cite>Mt 25, 36<\/cite><\/blockquote>\n","protected":false},"excerpt":{"rendered":"<p>La pastoral de la salud forma parte de la vida de la comunidad, los enfermos necesitan ser acompa\u00f1ados y escuchados no s\u00f3lo en situaciones graves, sino tambi\u00e9n en momentos dif\u00edciles.\u00a0\u00a0 La dimensi\u00f3n de la pastoral de la salud abarca tres momentos: El acompa\u00f1amiento: los enfermos que est\u00e1n en sus domicilios y no pueden acudir a &hellip; <\/p>\n<p class=\"link-more\"><a href=\"https:\/\/parroquiadealpedrete.archimadrid.es\/?page_id=1253\" class=\"more-link\">Leer m\u00e1s<span class=\"screen-reader-text\"> \u00abPastoral de enfermos\u00bb<\/span><\/a><\/p>\n","protected":false},"author":1,"featured_media":0,"parent":0,"menu_order":0,"comment_status":"closed","ping_status":"closed","template":"","meta":{"editor_plus_copied_stylings":"{}","footnotes":""},"class_list":["post-1253","page","type-page","status-publish","hentry"],"yoast_head":"<!-- This site is optimized with the Yoast SEO plugin v26.3 - https:\/\/yoast.com\/wordpress\/plugins\/seo\/ -->\n<title>Pastoral de enfermos - ASUNCI\u00d3N DE NUESTRA SE\u00d1ORA ALPEDRETE<\/title>\n<meta name=\"robots\" content=\"index, follow, max-snippet:-1, max-image-preview:large, max-video-preview:-1\" \/>\n<link rel=\"canonical\" href=\"https:\/\/parroquiadealpedrete.archimadrid.es\/?page_id=1253\" \/>\n<meta property=\"og:locale\" content=\"es_ES\" \/>\n<meta property=\"og:type\" content=\"article\" \/>\n<meta property=\"og:title\" content=\"Pastoral de enfermos - ASUNCI\u00d3N DE NUESTRA SE\u00d1ORA ALPEDRETE\" \/>\n<meta property=\"og:description\" content=\"La pastoral de la salud forma parte de la vida de la comunidad, los enfermos necesitan ser acompa\u00f1ados y escuchados no s\u00f3lo en situaciones graves, sino tambi\u00e9n en momentos dif\u00edciles.\u00a0\u00a0 La dimensi\u00f3n de la pastoral de la salud abarca tres momentos: El acompa\u00f1amiento: los enfermos que est\u00e1n en sus domicilios y no pueden acudir a &hellip; Leer m\u00e1s \u00abPastoral de enfermos\u00bb\" \/>\n<meta property=\"og:url\" content=\"https:\/\/parroquiadealpedrete.archimadrid.es\/?page_id=1253\" \/>\n<meta property=\"og:site_name\" content=\"ASUNCI\u00d3N DE NUESTRA SE\u00d1ORA ALPEDRETE\" \/>\n<meta property=\"article:modified_time\" content=\"2022-02-14T20:13:43+00:00\" \/>\n<meta property=\"og:image\" content=\"https:\/\/parroquiadealpedrete.archimadrid.es\/wp-content\/uploads\/2022\/01\/Pastoral-de-enfermos-1024x686.webp\" \/>\n<meta name=\"twitter:card\" content=\"summary_large_image\" \/>\n<meta name=\"twitter:label1\" content=\"Tiempo de lectura\" \/>\n\t<meta name=\"twitter:data1\" content=\"1 minuto\" \/>\n<script type=\"application\/ld+json\" class=\"yoast-schema-graph\">{\"@context\":\"https:\/\/schema.org\",\"@graph\":[{\"@type\":\"WebPage\",\"@id\":\"https:\/\/parroquiadealpedrete.archimadrid.es\/?page_id=1253\",\"url\":\"https:\/\/parroquiadealpedrete.archimadrid.es\/?page_id=1253\",\"name\":\"Pastoral de enfermos - ASUNCI\u00d3N DE NUESTRA SE\u00d1ORA ALPEDRETE\",\"isPartOf\":{\"@id\":\"https:\/\/parroquiadealpedrete.archimadrid.es\/#website\"},\"primaryImageOfPage\":{\"@id\":\"https:\/\/parroquiadealpedrete.archimadrid.es\/?page_id=1253#primaryimage\"},\"image\":{\"@id\":\"https:\/\/parroquiadealpedrete.archimadrid.es\/?page_id=1253#primaryimage\"},\"thumbnailUrl\":\"https:\/\/parroquiadealpedrete.archimadrid.es\/wp-content\/uploads\/2022\/01\/Pastoral-de-enfermos-1024x686.webp\",\"datePublished\":\"2021-11-03T17:14:54+00:00\",\"dateModified\":\"2022-02-14T20:13:43+00:00\",\"breadcrumb\":{\"@id\":\"https:\/\/parroquiadealpedrete.archimadrid.es\/?page_id=1253#breadcrumb\"},\"inLanguage\":\"es\",\"potentialAction\":[{\"@type\":\"ReadAction\",\"target\":[\"https:\/\/parroquiadealpedrete.archimadrid.es\/?page_id=1253\"]}]},{\"@type\":\"ImageObject\",\"inLanguage\":\"es\",\"@id\":\"https:\/\/parroquiadealpedrete.archimadrid.es\/?page_id=1253#primaryimage\",\"url\":\"https:\/\/parroquiadealpedrete.archimadrid.es\/wp-content\/uploads\/2022\/01\/Pastoral-de-enfermos-1024x686.webp\",\"contentUrl\":\"https:\/\/parroquiadealpedrete.archimadrid.es\/wp-content\/uploads\/2022\/01\/Pastoral-de-enfermos-1024x686.webp\"},{\"@type\":\"BreadcrumbList\",\"@id\":\"https:\/\/parroquiadealpedrete.archimadrid.es\/?page_id=1253#breadcrumb\",\"itemListElement\":[{\"@type\":\"ListItem\",\"position\":1,\"name\":\"Portada\",\"item\":\"https:\/\/parroquiadealpedrete.archimadrid.es\/\"},{\"@type\":\"ListItem\",\"position\":2,\"name\":\"Pastoral de enfermos\"}]},{\"@type\":\"WebSite\",\"@id\":\"https:\/\/parroquiadealpedrete.archimadrid.es\/#website\",\"url\":\"https:\/\/parroquiadealpedrete.archimadrid.es\/\",\"name\":\"ASUNCI\u00d3N DE NUESTRA SE\u00d1ORA ALPEDRETE\",\"description\":\"Parroquia de Alpedrete\",\"publisher\":{\"@id\":\"https:\/\/parroquiadealpedrete.archimadrid.es\/#organization\"},\"potentialAction\":[{\"@type\":\"SearchAction\",\"target\":{\"@type\":\"EntryPoint\",\"urlTemplate\":\"https:\/\/parroquiadealpedrete.archimadrid.es\/?s={search_term_string}\"},\"query-input\":{\"@type\":\"PropertyValueSpecification\",\"valueRequired\":true,\"valueName\":\"search_term_string\"}}],\"inLanguage\":\"es\"},{\"@type\":\"Organization\",\"@id\":\"https:\/\/parroquiadealpedrete.archimadrid.es\/#organization\",\"name\":\"Asunci\u00f3n de nuestra Se\u00f1ora de Alpedrete\",\"url\":\"https:\/\/parroquiadealpedrete.archimadrid.es\/\",\"logo\":{\"@type\":\"ImageObject\",\"inLanguage\":\"es\",\"@id\":\"https:\/\/parroquiadealpedrete.archimadrid.es\/#\/schema\/logo\/image\/\",\"url\":\"https:\/\/parroquiadealpedrete.archimadrid.es\/wp-content\/uploads\/2022\/02\/Logo-con-fondo--scaled-e1645483003367.jpg\",\"contentUrl\":\"https:\/\/parroquiadealpedrete.archimadrid.es\/wp-content\/uploads\/2022\/02\/Logo-con-fondo--scaled-e1645483003367.jpg\",\"width\":1689,\"height\":1689,\"caption\":\"Asunci\u00f3n de nuestra Se\u00f1ora de Alpedrete\"},\"image\":{\"@id\":\"https:\/\/parroquiadealpedrete.archimadrid.es\/#\/schema\/logo\/image\/\"}}]}<\/script>\n<!-- \/ Yoast SEO plugin. -->","yoast_head_json":{"title":"Pastoral de enfermos - ASUNCI\u00d3N DE NUESTRA SE\u00d1ORA ALPEDRETE","robots":{"index":"index","follow":"follow","max-snippet":"max-snippet:-1","max-image-preview":"max-image-preview:large","max-video-preview":"max-video-preview:-1"},"canonical":"https:\/\/parroquiadealpedrete.archimadrid.es\/?page_id=1253","og_locale":"es_ES","og_type":"article","og_title":"Pastoral de enfermos - ASUNCI\u00d3N DE NUESTRA SE\u00d1ORA ALPEDRETE","og_description":"La pastoral de la salud forma parte de la vida de la comunidad, los enfermos necesitan ser acompa\u00f1ados y escuchados no s\u00f3lo en situaciones graves, sino tambi\u00e9n en momentos dif\u00edciles.\u00a0\u00a0 La dimensi\u00f3n de la pastoral de la salud abarca tres momentos: El acompa\u00f1amiento: los enfermos que est\u00e1n en sus domicilios y no pueden acudir a &hellip; Leer m\u00e1s \u00abPastoral de enfermos\u00bb","og_url":"https:\/\/parroquiadealpedrete.archimadrid.es\/?page_id=1253","og_site_name":"ASUNCI\u00d3N DE NUESTRA SE\u00d1ORA ALPEDRETE","article_modified_time":"2022-02-14T20:13:43+00:00","og_image":[{"url":"https:\/\/parroquiadealpedrete.archimadrid.es\/wp-content\/uploads\/2022\/01\/Pastoral-de-enfermos-1024x686.webp","type":"","width":"","height":""}],"twitter_card":"summary_large_image","twitter_misc":{"Tiempo de lectura":"1 minuto"},"schema":{"@context":"https:\/\/schema.org","@graph":[{"@type":"WebPage","@id":"https:\/\/parroquiadealpedrete.archimadrid.es\/?page_id=1253","url":"https:\/\/parroquiadealpedrete.archimadrid.es\/?page_id=1253","name":"Pastoral de enfermos - ASUNCI\u00d3N DE NUESTRA SE\u00d1ORA ALPEDRETE","isPartOf":{"@id":"https:\/\/parroquiadealpedrete.archimadrid.es\/#website"},"primaryImageOfPage":{"@id":"https:\/\/parroquiadealpedrete.archimadrid.es\/?page_id=1253#primaryimage"},"image":{"@id":"https:\/\/parroquiadealpedrete.archimadrid.es\/?page_id=1253#primaryimage"},"thumbnailUrl":"https:\/\/parroquiadealpedrete.archimadrid.es\/wp-content\/uploads\/2022\/01\/Pastoral-de-enfermos-1024x686.webp","datePublished":"2021-11-03T17:14:54+00:00","dateModified":"2022-02-14T20:13:43+00:00","breadcrumb":{"@id":"https:\/\/parroquiadealpedrete.archimadrid.es\/?page_id=1253#breadcrumb"},"inLanguage":"es","potentialAction":[{"@type":"ReadAction","target":["https:\/\/parroquiadealpedrete.archimadrid.es\/?page_id=1253"]}]},{"@type":"ImageObject","inLanguage":"es","@id":"https:\/\/parroquiadealpedrete.archimadrid.es\/?page_id=1253#primaryimage","url":"https:\/\/parroquiadealpedrete.archimadrid.es\/wp-content\/uploads\/2022\/01\/Pastoral-de-enfermos-1024x686.webp","contentUrl":"https:\/\/parroquiadealpedrete.archimadrid.es\/wp-content\/uploads\/2022\/01\/Pastoral-de-enfermos-1024x686.webp"},{"@type":"BreadcrumbList","@id":"https:\/\/parroquiadealpedrete.archimadrid.es\/?page_id=1253#breadcrumb","itemListElement":[{"@type":"ListItem","position":1,"name":"Portada","item":"https:\/\/parroquiadealpedrete.archimadrid.es\/"},{"@type":"ListItem","position":2,"name":"Pastoral de enfermos"}]},{"@type":"WebSite","@id":"https:\/\/parroquiadealpedrete.archimadrid.es\/#website","url":"https:\/\/parroquiadealpedrete.archimadrid.es\/","name":"ASUNCI\u00d3N DE NUESTRA SE\u00d1ORA ALPEDRETE","description":"Parroquia de Alpedrete","publisher":{"@id":"https:\/\/parroquiadealpedrete.archimadrid.es\/#organization"},"potentialAction":[{"@type":"SearchAction","target":{"@type":"EntryPoint","urlTemplate":"https:\/\/parroquiadealpedrete.archimadrid.es\/?s={search_term_string}"},"query-input":{"@type":"PropertyValueSpecification","valueRequired":true,"valueName":"search_term_string"}}],"inLanguage":"es"},{"@type":"Organization","@id":"https:\/\/parroquiadealpedrete.archimadrid.es\/#organization","name":"Asunci\u00f3n de nuestra Se\u00f1ora de Alpedrete","url":"https:\/\/parroquiadealpedrete.archimadrid.es\/","logo":{"@type":"ImageObject","inLanguage":"es","@id":"https:\/\/parroquiadealpedrete.archimadrid.es\/#\/schema\/logo\/image\/","url":"https:\/\/parroquiadealpedrete.archimadrid.es\/wp-content\/uploads\/2022\/02\/Logo-con-fondo--scaled-e1645483003367.jpg","contentUrl":"https:\/\/parroquiadealpedrete.archimadrid.es\/wp-content\/uploads\/2022\/02\/Logo-con-fondo--scaled-e1645483003367.jpg","width":1689,"height":1689,"caption":"Asunci\u00f3n de nuestra Se\u00f1ora de Alpedrete"},"image":{"@id":"https:\/\/parroquiadealpedrete.archimadrid.es\/#\/schema\/logo\/image\/"}}]}},"_links":{"self":[{"href":"https:\/\/parroquiadealpedrete.archimadrid.es\/index.php?rest_route=\/wp\/v2\/pages\/1253","targetHints":{"allow":["GET"]}}],"collection":[{"href":"https:\/\/parroquiadealpedrete.archimadrid.es\/index.php?rest_route=\/wp\/v2\/pages"}],"about":[{"href":"https:\/\/parroquiadealpedrete.archimadrid.es\/index.php?rest_route=\/wp\/v2\/types\/page"}],"author":[{"embeddable":true,"href":"https:\/\/parroquiadealpedrete.archimadrid.es\/index.php?rest_route=\/wp\/v2\/users\/1"}],"replies":[{"embeddable":true,"href":"https:\/\/parroquiadealpedrete.archimadrid.es\/index.php?rest_route=%2Fwp%2Fv2%2Fcomments&post=1253"}],"version-history":[{"count":7,"href":"https:\/\/parroquiadealpedrete.archimadrid.es\/index.php?rest_route=\/wp\/v2\/pages\/1253\/revisions"}],"predecessor-version":[{"id":2913,"href":"https:\/\/parroquiadealpedrete.archimadrid.es\/index.php?rest_route=\/wp\/v2\/pages\/1253\/revisions\/2913"}],"wp:attachment":[{"href":"https:\/\/parroquiadealpedrete.archimadrid.es\/index.php?rest_route=%2Fwp%2Fv2%2Fmedia&parent=1253"}],"curies":[{"name":"wp","href":"https:\/\/api.w.org\/{rel}","templated":true}]}}