{"id":1258,"date":"2021-11-03T18:31:41","date_gmt":"2021-11-03T17:31:41","guid":{"rendered":"https:\/\/parroquiaalpedrete216565863.wordpress.com\/iniciacion-cristiana\/"},"modified":"2022-02-01T21:08:21","modified_gmt":"2022-02-01T21:08:21","slug":"iniciacion-cristiana","status":"publish","type":"page","link":"https:\/\/parroquiadealpedrete.archimadrid.es\/?page_id=1258","title":{"rendered":"Iniciaci\u00f3n cristiana"},"content":{"rendered":"<p class=\"fonts-plugin-block \" style=\"font-family: Oswald;font-weight: 500;font-size: 30px;text-align: center\"><strong>CATEQUESIS DE INICIACI\u00d3N CRISTIANA<\/strong><\/p>\n\n<p style=\"text-align: center;\"><img loading=\"lazy\" decoding=\"async\" class=\"wp-image-2578 aligncenter\" src=\"https:\/\/parroquiadealpedrete.archimadrid.es\/wp-content\/uploads\/2022\/02\/Iniciacion_Cristiana-300x225.jpg\" alt=\"\" width=\"360\" height=\"270\" srcset=\"https:\/\/parroquiadealpedrete.archimadrid.es\/wp-content\/uploads\/2022\/02\/Iniciacion_Cristiana-300x225.jpg 300w, https:\/\/parroquiadealpedrete.archimadrid.es\/wp-content\/uploads\/2022\/02\/Iniciacion_Cristiana-1024x768.jpg 1024w, https:\/\/parroquiadealpedrete.archimadrid.es\/wp-content\/uploads\/2022\/02\/Iniciacion_Cristiana-768x576.jpg 768w, https:\/\/parroquiadealpedrete.archimadrid.es\/wp-content\/uploads\/2022\/02\/Iniciacion_Cristiana-1536x1152.jpg 1536w, https:\/\/parroquiadealpedrete.archimadrid.es\/wp-content\/uploads\/2022\/02\/Iniciacion_Cristiana-2000x1500.jpg 2000w, https:\/\/parroquiadealpedrete.archimadrid.es\/wp-content\/uploads\/2022\/02\/Iniciacion_Cristiana.jpg 2048w\" sizes=\"auto, (max-width: 360px) 100vw, 360px\" \/><\/p>\n<p style=\"text-align: justify;\"><span style=\"font-weight: 400;\">Comienza a los 7 a\u00f1os, es la puerta que abre a los peque\u00f1os a vivir la fe en la comunidad parroquial. En este proceso los ni\u00f1os, acompa\u00f1ados por los sacerdotes y un equipo de catequistas, se preparan para recibir la Reconciliaci\u00f3n y la Comuni\u00f3n, al tiempo que van creciendo en el conocimiento de Jes\u00fas y en la oraci\u00f3n.<\/span><\/p>\n<p style=\"text-align: justify;\"><span style=\"font-weight: 400;\">Una vez recibido el sacramento de la Eucarist\u00eda, los adolescentes contin\u00faan su formaci\u00f3n con la catequesis de postcomuni\u00f3n que los prepara para el sacramento de Confirmaci\u00f3n y les ayuda a crecer en la fe.<\/span><\/p>\n<p><b>Catequesis Primera Comuni\u00f3n&nbsp;<\/b><\/p>\n<p><span style=\"font-weight: 400;\">Consta de tres a\u00f1os y est\u00e1 dirigida a ni\u00f1os que est\u00e9n en los cursos de 2\u00ba a 4\u00ba de Primaria<\/span><\/p>\n<p><b>Inscripci\u00f3n<\/b><\/p>\n<ol>\n<li><span style=\"font-weight: 400;\">Descargar y rellenar el formulario. <\/span><a href=\"https:\/\/parroquiadealpedrete.archimadrid.es\/wp-content\/uploads\/2021\/12\/Inscripcion_catequesis_Comunion.pdf\"><span style=\"font-weight: 400;\">Descargar<\/span><\/a><span style=\"font-weight: 400;\">.<\/span><\/li>\n<li><span style=\"font-weight: 400;\">Entrega en el despacho parroquial o enviar al correo electr\u00f3nico <\/span><a href=\"mailto:parroquiadealpedrete@gmail.com\"><span style=\"font-weight: 400;\">parroquiadealpedrete@gmail.com<\/span><\/a><\/li>\n<\/ol>\n<ul>\n<li><span style=\"font-weight: 400;\">Es requisito el volante de Bautismo, si no ha sido bautizado en esta parroquia.<\/span><\/li>\n<li><span style=\"font-weight: 400;\">En el caso de no haber recibido el Bautismo, se preparar\u00e1 al ni\u00f1o para recibirlo.<\/span><\/li>\n<\/ul>\n<p><b>Horarios<\/b><\/p>\n<p style=\"padding-left: 40px;\"><span style=\"font-weight: 400;\">Lunes, martes, jueves y viernes de 17:30 a 18:30 horas.<\/span><\/p>\n<p><b>Catequesis Postcomuni\u00f3n<\/b><\/p>\n<p><span style=\"font-weight: 400;\">Consta de dos a\u00f1os y est\u00e1 dirigida a adolescentes que ya han recibido la primera comuni\u00f3n.<\/span><\/p>\n<p><b>Inscripci\u00f3n<\/b><\/p>\n<ol>\n<li><span style=\"font-weight: 400;\">Descargar y rellenar el formulario. <\/span><a href=\"https:\/\/parroquiadealpedrete.archimadrid.es\/wp-content\/uploads\/2021\/12\/Inscripcion_catequesis_Postcomunion.pdf\"><span style=\"font-weight: 400;\">Descargar<\/span><\/a><span style=\"font-weight: 400;\">.<\/span><\/li>\n<li><span style=\"font-weight: 400;\">Entrega en el despacho parroquial o enviar al correo electr\u00f3nico <\/span><a href=\"mailto:parroquiadealpedrete@gmail.com\"><span style=\"font-weight: 400;\">parroquiadealpedrete@gmail.com<\/span><\/a><\/li>\n<\/ol>\n<p><b>Horarios<\/b><\/p>\n<p style=\"padding-left: 40px;\"><span style=\"font-weight: 400;\">Domingos a la finalizaci\u00f3n de la misa de familias (celebraci\u00f3n que comienza a las 11:00).<\/span><\/p>","protected":false},"excerpt":{"rendered":"<p>Comienza a los 7 a\u00f1os, es la puerta que abre a los peque\u00f1os a vivir la fe en la comunidad parroquial. En este proceso los ni\u00f1os, acompa\u00f1ados por los sacerdotes y un equipo de catequistas, se preparan para recibir la Reconciliaci\u00f3n y la Comuni\u00f3n, al tiempo que van creciendo en el conocimiento de Jes\u00fas y &hellip; <\/p>\n<p class=\"link-more\"><a href=\"https:\/\/parroquiadealpedrete.archimadrid.es\/?page_id=1258\" class=\"more-link\">Leer m\u00e1s<span class=\"screen-reader-text\"> \u00abIniciaci\u00f3n cristiana\u00bb<\/span><\/a><\/p>\n","protected":false},"author":1,"featured_media":0,"parent":0,"menu_order":0,"comment_status":"closed","ping_status":"closed","template":"","meta":{"editor_plus_copied_stylings":"{}","footnotes":""},"class_list":["post-1258","page","type-page","status-publish","hentry"],"yoast_head":"<!-- This site is optimized with the Yoast SEO plugin v26.3 - https:\/\/yoast.com\/wordpress\/plugins\/seo\/ -->\n<title>Iniciaci\u00f3n cristiana - ASUNCI\u00d3N DE NUESTRA SE\u00d1ORA ALPEDRETE<\/title>\n<meta name=\"robots\" content=\"index, follow, max-snippet:-1, max-image-preview:large, max-video-preview:-1\" \/>\n<link rel=\"canonical\" href=\"https:\/\/parroquiadealpedrete.archimadrid.es\/?page_id=1258\" \/>\n<meta property=\"og:locale\" content=\"es_ES\" \/>\n<meta property=\"og:type\" content=\"article\" \/>\n<meta property=\"og:title\" content=\"Iniciaci\u00f3n cristiana - ASUNCI\u00d3N DE NUESTRA SE\u00d1ORA ALPEDRETE\" \/>\n<meta property=\"og:description\" content=\"Comienza a los 7 a\u00f1os, es la puerta que abre a los peque\u00f1os a vivir la fe en la comunidad parroquial. En este proceso los ni\u00f1os, acompa\u00f1ados por los sacerdotes y un equipo de catequistas, se preparan para recibir la Reconciliaci\u00f3n y la Comuni\u00f3n, al tiempo que van creciendo en el conocimiento de Jes\u00fas y &hellip; Leer m\u00e1s \u00abIniciaci\u00f3n cristiana\u00bb\" \/>\n<meta property=\"og:url\" content=\"https:\/\/parroquiadealpedrete.archimadrid.es\/?page_id=1258\" \/>\n<meta property=\"og:site_name\" content=\"ASUNCI\u00d3N DE NUESTRA SE\u00d1ORA ALPEDRETE\" \/>\n<meta property=\"article:modified_time\" content=\"2022-02-01T21:08:21+00:00\" \/>\n<meta property=\"og:image\" content=\"https:\/\/parroquiadealpedrete.archimadrid.es\/wp-content\/uploads\/2022\/02\/Iniciacion_Cristiana-300x225.jpg\" \/>\n<meta name=\"twitter:card\" content=\"summary_large_image\" \/>\n<meta name=\"twitter:label1\" content=\"Tiempo de lectura\" \/>\n\t<meta name=\"twitter:data1\" content=\"1 minuto\" \/>\n<script type=\"application\/ld+json\" class=\"yoast-schema-graph\">{\"@context\":\"https:\/\/schema.org\",\"@graph\":[{\"@type\":\"WebPage\",\"@id\":\"https:\/\/parroquiadealpedrete.archimadrid.es\/?page_id=1258\",\"url\":\"https:\/\/parroquiadealpedrete.archimadrid.es\/?page_id=1258\",\"name\":\"Iniciaci\u00f3n cristiana - ASUNCI\u00d3N DE NUESTRA SE\u00d1ORA ALPEDRETE\",\"isPartOf\":{\"@id\":\"https:\/\/parroquiadealpedrete.archimadrid.es\/#website\"},\"primaryImageOfPage\":{\"@id\":\"https:\/\/parroquiadealpedrete.archimadrid.es\/?page_id=1258#primaryimage\"},\"image\":{\"@id\":\"https:\/\/parroquiadealpedrete.archimadrid.es\/?page_id=1258#primaryimage\"},\"thumbnailUrl\":\"https:\/\/parroquiadealpedrete.archimadrid.es\/wp-content\/uploads\/2022\/02\/Iniciacion_Cristiana-300x225.jpg\",\"datePublished\":\"2021-11-03T17:31:41+00:00\",\"dateModified\":\"2022-02-01T21:08:21+00:00\",\"breadcrumb\":{\"@id\":\"https:\/\/parroquiadealpedrete.archimadrid.es\/?page_id=1258#breadcrumb\"},\"inLanguage\":\"es\",\"potentialAction\":[{\"@type\":\"ReadAction\",\"target\":[\"https:\/\/parroquiadealpedrete.archimadrid.es\/?page_id=1258\"]}]},{\"@type\":\"ImageObject\",\"inLanguage\":\"es\",\"@id\":\"https:\/\/parroquiadealpedrete.archimadrid.es\/?page_id=1258#primaryimage\",\"url\":\"https:\/\/parroquiadealpedrete.archimadrid.es\/wp-content\/uploads\/2022\/02\/Iniciacion_Cristiana.jpg\",\"contentUrl\":\"https:\/\/parroquiadealpedrete.archimadrid.es\/wp-content\/uploads\/2022\/02\/Iniciacion_Cristiana.jpg\",\"width\":2048,\"height\":1536},{\"@type\":\"BreadcrumbList\",\"@id\":\"https:\/\/parroquiadealpedrete.archimadrid.es\/?page_id=1258#breadcrumb\",\"itemListElement\":[{\"@type\":\"ListItem\",\"position\":1,\"name\":\"Portada\",\"item\":\"https:\/\/parroquiadealpedrete.archimadrid.es\/\"},{\"@type\":\"ListItem\",\"position\":2,\"name\":\"Iniciaci\u00f3n cristiana\"}]},{\"@type\":\"WebSite\",\"@id\":\"https:\/\/parroquiadealpedrete.archimadrid.es\/#website\",\"url\":\"https:\/\/parroquiadealpedrete.archimadrid.es\/\",\"name\":\"ASUNCI\u00d3N DE NUESTRA SE\u00d1ORA ALPEDRETE\",\"description\":\"Parroquia de Alpedrete\",\"publisher\":{\"@id\":\"https:\/\/parroquiadealpedrete.archimadrid.es\/#organization\"},\"potentialAction\":[{\"@type\":\"SearchAction\",\"target\":{\"@type\":\"EntryPoint\",\"urlTemplate\":\"https:\/\/parroquiadealpedrete.archimadrid.es\/?s={search_term_string}\"},\"query-input\":{\"@type\":\"PropertyValueSpecification\",\"valueRequired\":true,\"valueName\":\"search_term_string\"}}],\"inLanguage\":\"es\"},{\"@type\":\"Organization\",\"@id\":\"https:\/\/parroquiadealpedrete.archimadrid.es\/#organization\",\"name\":\"Asunci\u00f3n de nuestra Se\u00f1ora de Alpedrete\",\"url\":\"https:\/\/parroquiadealpedrete.archimadrid.es\/\",\"logo\":{\"@type\":\"ImageObject\",\"inLanguage\":\"es\",\"@id\":\"https:\/\/parroquiadealpedrete.archimadrid.es\/#\/schema\/logo\/image\/\",\"url\":\"https:\/\/parroquiadealpedrete.archimadrid.es\/wp-content\/uploads\/2022\/02\/Logo-con-fondo--scaled-e1645483003367.jpg\",\"contentUrl\":\"https:\/\/parroquiadealpedrete.archimadrid.es\/wp-content\/uploads\/2022\/02\/Logo-con-fondo--scaled-e1645483003367.jpg\",\"width\":1689,\"height\":1689,\"caption\":\"Asunci\u00f3n de nuestra Se\u00f1ora de Alpedrete\"},\"image\":{\"@id\":\"https:\/\/parroquiadealpedrete.archimadrid.es\/#\/schema\/logo\/image\/\"}}]}<\/script>\n<!-- \/ Yoast SEO plugin. -->","yoast_head_json":{"title":"Iniciaci\u00f3n cristiana - ASUNCI\u00d3N DE NUESTRA SE\u00d1ORA ALPEDRETE","robots":{"index":"index","follow":"follow","max-snippet":"max-snippet:-1","max-image-preview":"max-image-preview:large","max-video-preview":"max-video-preview:-1"},"canonical":"https:\/\/parroquiadealpedrete.archimadrid.es\/?page_id=1258","og_locale":"es_ES","og_type":"article","og_title":"Iniciaci\u00f3n cristiana - ASUNCI\u00d3N DE NUESTRA SE\u00d1ORA ALPEDRETE","og_description":"Comienza a los 7 a\u00f1os, es la puerta que abre a los peque\u00f1os a vivir la fe en la comunidad parroquial. En este proceso los ni\u00f1os, acompa\u00f1ados por los sacerdotes y un equipo de catequistas, se preparan para recibir la Reconciliaci\u00f3n y la Comuni\u00f3n, al tiempo que van creciendo en el conocimiento de Jes\u00fas y &hellip; Leer m\u00e1s \u00abIniciaci\u00f3n cristiana\u00bb","og_url":"https:\/\/parroquiadealpedrete.archimadrid.es\/?page_id=1258","og_site_name":"ASUNCI\u00d3N DE NUESTRA SE\u00d1ORA ALPEDRETE","article_modified_time":"2022-02-01T21:08:21+00:00","og_image":[{"url":"https:\/\/parroquiadealpedrete.archimadrid.es\/wp-content\/uploads\/2022\/02\/Iniciacion_Cristiana-300x225.jpg","type":"","width":"","height":""}],"twitter_card":"summary_large_image","twitter_misc":{"Tiempo de lectura":"1 minuto"},"schema":{"@context":"https:\/\/schema.org","@graph":[{"@type":"WebPage","@id":"https:\/\/parroquiadealpedrete.archimadrid.es\/?page_id=1258","url":"https:\/\/parroquiadealpedrete.archimadrid.es\/?page_id=1258","name":"Iniciaci\u00f3n cristiana - ASUNCI\u00d3N DE NUESTRA SE\u00d1ORA ALPEDRETE","isPartOf":{"@id":"https:\/\/parroquiadealpedrete.archimadrid.es\/#website"},"primaryImageOfPage":{"@id":"https:\/\/parroquiadealpedrete.archimadrid.es\/?page_id=1258#primaryimage"},"image":{"@id":"https:\/\/parroquiadealpedrete.archimadrid.es\/?page_id=1258#primaryimage"},"thumbnailUrl":"https:\/\/parroquiadealpedrete.archimadrid.es\/wp-content\/uploads\/2022\/02\/Iniciacion_Cristiana-300x225.jpg","datePublished":"2021-11-03T17:31:41+00:00","dateModified":"2022-02-01T21:08:21+00:00","breadcrumb":{"@id":"https:\/\/parroquiadealpedrete.archimadrid.es\/?page_id=1258#breadcrumb"},"inLanguage":"es","potentialAction":[{"@type":"ReadAction","target":["https:\/\/parroquiadealpedrete.archimadrid.es\/?page_id=1258"]}]},{"@type":"ImageObject","inLanguage":"es","@id":"https:\/\/parroquiadealpedrete.archimadrid.es\/?page_id=1258#primaryimage","url":"https:\/\/parroquiadealpedrete.archimadrid.es\/wp-content\/uploads\/2022\/02\/Iniciacion_Cristiana.jpg","contentUrl":"https:\/\/parroquiadealpedrete.archimadrid.es\/wp-content\/uploads\/2022\/02\/Iniciacion_Cristiana.jpg","width":2048,"height":1536},{"@type":"BreadcrumbList","@id":"https:\/\/parroquiadealpedrete.archimadrid.es\/?page_id=1258#breadcrumb","itemListElement":[{"@type":"ListItem","position":1,"name":"Portada","item":"https:\/\/parroquiadealpedrete.archimadrid.es\/"},{"@type":"ListItem","position":2,"name":"Iniciaci\u00f3n cristiana"}]},{"@type":"WebSite","@id":"https:\/\/parroquiadealpedrete.archimadrid.es\/#website","url":"https:\/\/parroquiadealpedrete.archimadrid.es\/","name":"ASUNCI\u00d3N DE NUESTRA SE\u00d1ORA ALPEDRETE","description":"Parroquia de Alpedrete","publisher":{"@id":"https:\/\/parroquiadealpedrete.archimadrid.es\/#organization"},"potentialAction":[{"@type":"SearchAction","target":{"@type":"EntryPoint","urlTemplate":"https:\/\/parroquiadealpedrete.archimadrid.es\/?s={search_term_string}"},"query-input":{"@type":"PropertyValueSpecification","valueRequired":true,"valueName":"search_term_string"}}],"inLanguage":"es"},{"@type":"Organization","@id":"https:\/\/parroquiadealpedrete.archimadrid.es\/#organization","name":"Asunci\u00f3n de nuestra Se\u00f1ora de Alpedrete","url":"https:\/\/parroquiadealpedrete.archimadrid.es\/","logo":{"@type":"ImageObject","inLanguage":"es","@id":"https:\/\/parroquiadealpedrete.archimadrid.es\/#\/schema\/logo\/image\/","url":"https:\/\/parroquiadealpedrete.archimadrid.es\/wp-content\/uploads\/2022\/02\/Logo-con-fondo--scaled-e1645483003367.jpg","contentUrl":"https:\/\/parroquiadealpedrete.archimadrid.es\/wp-content\/uploads\/2022\/02\/Logo-con-fondo--scaled-e1645483003367.jpg","width":1689,"height":1689,"caption":"Asunci\u00f3n de nuestra Se\u00f1ora de Alpedrete"},"image":{"@id":"https:\/\/parroquiadealpedrete.archimadrid.es\/#\/schema\/logo\/image\/"}}]}},"_links":{"self":[{"href":"https:\/\/parroquiadealpedrete.archimadrid.es\/index.php?rest_route=\/wp\/v2\/pages\/1258","targetHints":{"allow":["GET"]}}],"collection":[{"href":"https:\/\/parroquiadealpedrete.archimadrid.es\/index.php?rest_route=\/wp\/v2\/pages"}],"about":[{"href":"https:\/\/parroquiadealpedrete.archimadrid.es\/index.php?rest_route=\/wp\/v2\/types\/page"}],"author":[{"embeddable":true,"href":"https:\/\/parroquiadealpedrete.archimadrid.es\/index.php?rest_route=\/wp\/v2\/users\/1"}],"replies":[{"embeddable":true,"href":"https:\/\/parroquiadealpedrete.archimadrid.es\/index.php?rest_route=%2Fwp%2Fv2%2Fcomments&post=1258"}],"version-history":[{"count":18,"href":"https:\/\/parroquiadealpedrete.archimadrid.es\/index.php?rest_route=\/wp\/v2\/pages\/1258\/revisions"}],"predecessor-version":[{"id":2626,"href":"https:\/\/parroquiadealpedrete.archimadrid.es\/index.php?rest_route=\/wp\/v2\/pages\/1258\/revisions\/2626"}],"wp:attachment":[{"href":"https:\/\/parroquiadealpedrete.archimadrid.es\/index.php?rest_route=%2Fwp%2Fv2%2Fmedia&parent=1258"}],"curies":[{"name":"wp","href":"https:\/\/api.w.org\/{rel}","templated":true}]}}