{"id":1261,"date":"2021-11-03T18:32:27","date_gmt":"2021-11-03T17:32:27","guid":{"rendered":"https:\/\/parroquiaalpedrete216565863.wordpress.com\/coro-parroquial\/"},"modified":"2024-05-18T13:10:14","modified_gmt":"2024-05-18T11:10:14","slug":"coro-parroquial","status":"publish","type":"page","link":"https:\/\/parroquiadealpedrete.archimadrid.es\/?page_id=1261","title":{"rendered":"Coro parroquial"},"content":{"rendered":"\n<p class=\" has-text-align-center eplus-wrapper\" style=\"font-size:clamp(23.54px, 1.471rem + ((1vw - 3.2px) * 1.368), 39px);\"><strong>CORO <strong>DE LA ASUNCI\u00d3N DE NUESTRA SE\u00d1ORA<\/strong><\/strong><\/p>\n\n\n<p><img loading=\"lazy\" decoding=\"async\" class=\"size-medium aligncenter\" src=\"https:\/\/parroquiadealpedrete.archimadrid.es\/wp-content\/uploads\/2021\/12\/Grupo-Coro.webp\" width=\"5732\" height=\"3814\" \/><\/p>\n<p style=\"text-align: justify;\"><span style=\"font-weight: 400;\">San Agust\u00edn define, con su dom\u00e9stica sabidur\u00eda, lo que es una comunidad : <\/span><i><span style=\"font-weight: 400;\">\u201cUn grupo de personas que rezan juntas, pero que tambi\u00e9n hablan\u00a0 juntas; que r\u00eden en com\u00fan e intercambian favores; est\u00e1n bromeando juntas y juntas est\u00e1n serias; est\u00e1n a veces en desacuerdo, pero sin animosidad\u2026\u201d\u00a0<\/span><\/i><\/p>\n<p style=\"text-align: justify;\"><span style=\"font-weight: 400;\">El coro parroquial de la Asunci\u00f3n quiere ser ese tipo de comunidad. S\u00f3lo podr\u00eda\u00a0 a\u00f1adirse que su finalidad esencial es la de evangelizar a trav\u00e9s de la m\u00fasica y de los cantos, siendo una herramienta al servicio de la parroquia y de la liturgia. <\/span><i><span style=\"font-weight: 400;\">\u201cAquel que canta alabanzas, no s\u00f3lo canta, sino que tambi\u00e9n ama a quien le canta\u201d<\/span><\/i><span style=\"font-weight: 400;\"> (San Agust\u00edn).<\/span><\/p>\n<p style=\"text-align: justify;\"><span style=\"font-weight: 400;\">Es por eso\u00a0 que desde aqu\u00ed animamos a todos los que dese\u00e9is compartir la alegr\u00eda de formar parte de esta familia, unida por la fe, y con un estrecho sentido fraternal como hijos del mismo Padre. No hay ning\u00fan condicionante que no sea el del entusiasmo, la entrega, el amor a la m\u00fasica y el convencimiento de que todos somos Iglesia. En los \u00faltimos meses hemos recibido con los brazos abiertos a nuevas incorporaciones, que ya forman parte activa y entusiasta de la comunidad coral. Y nos sentimos especialmente felices por las ni\u00f1as que se han unido a esta realidad musical y que nos regalan su fe y su alegr\u00eda con la pureza de sus voces. Como siempre decimos: esa es la nueva y aut\u00e9ntica cantera que mantiene viva la llama. Ojal\u00e1 podamos contar tambi\u00e9n con algunos j\u00f3venes que vayan asumiendo el relevo necesario, con sus instrumentos y sus voces\u2026\u00a0<\/span><\/p>\n<p style=\"text-align: justify;\"><span style=\"font-weight: 400;\">El Coro dinamiza la Eucarist\u00eda de las Familias de los domingos a las 11 horas, y nos reunimos para ensayar una hora antes en el Sal\u00f3n grande.<\/span><\/p>\n<p style=\"text-align: justify;\"><span style=\"font-weight: 400;\">En etapas lit\u00fargicas como Navidad, Semana Santa, Primeras Comuniones, Confirmaciones, Pentecost\u00e9s, Santa Quiteria, Misa de los Mayores\u2026 y otras festividades,\u00a0 fijamos ensayos especiales para aportar nuestra m\u00fasica a las distintas solemnidades. Queremos ser un veh\u00edculo de participaci\u00f3n y de enlace con el pueblo para compartir nuestros cantos de alabanza, de petici\u00f3n y para afianzar a trav\u00e9s de ellos un sentimiento real de comunidad. Tenemos siempre las puertas abiertas y os esperamos.<\/span><\/p>\n<p style=\"text-align: justify;\"><span style=\"font-weight: 400;\">El Coro tambi\u00e9n intenta colaborar materialmente con las m\u00faltiples necesidades que nos rodean. Por ese motivo participamos en eventos como bodas, bautizos, despedidas\u2026 a las que se nos invita y cuyos ingresos son destinados \u00edntegramente a proyectos de car\u00e1cter social\/ben\u00e9fico (la colaboraci\u00f3n en la construcci\u00f3n de un pozo de agua en un poblado de Timor Oriental, la construcci\u00f3n de una casa de acogida para mujeres embarazadas del proyecto del Padre Patera, el Asilo de Ancianos de las Hermanitas de los pobres en Los Molinos, C\u00c1RITAS parroquial\u2026)<\/span><\/p>\n<p style=\"text-align: justify;\"><span style=\"font-weight: 400;\">Con esa misma intenci\u00f3n hemos autofinanciado dos CD\u00b4S\/USB, <\/span><b><i>Cantos del Alma y Villancicos<\/i><\/b><span style=\"font-weight: 400;\">, para recaudar fondos. Es un bot\u00f3n de\u00a0 muestra de lo que hacemos y nos apasiona. Os ofrecemos la posibilidad de adquirirlos, con una aportaci\u00f3n m\u00ednima de 5 \u20ac cada uno (CD) y de 10\u20ac (USB con el material completo) m\u00e1s la generosa voluntad, y contribuir a paliar alguna de las urgentes necesidades existentes. Estamos convencidos de que os gustar\u00e1n.<\/span><\/p>\n<p style=\"text-align: justify;\"><span style=\"font-weight: 400;\">Os animamos de nuevo a integraros en esta maravillosa realidad que es la de evangelizar\u00a0 a trav\u00e9s de la m\u00fasica y el canto.<\/span><\/p>\n\n<div class=\"wp-block-columns eplus-wrapper is-layout-flex wp-container-core-columns-is-layout-28f84493 wp-block-columns-is-layout-flex eplus-styles-uid-e093fc\">\n<div class=\"wp-block-column eplus-wrapper is-layout-flow wp-block-column-is-layout-flow\"><\/div>\n\n\n\n<div class=\"wp-block-column eplus-wrapper is-layout-flow wp-block-column-is-layout-flow\" style=\"flex-basis:80%\">\n<div style=\"width: 640px;\" class=\"wp-video\"><!--[if lt IE 9]><script>document.createElement('video');<\/script><![endif]-->\n<video class=\"wp-video-shortcode\" id=\"video-1261-1\" width=\"640\" height=\"360\" preload=\"metadata\" controls=\"controls\"><source type=\"video\/mp4\" src=\"https:\/\/parroquiadealpedrete.archimadrid.es\/wp-content\/uploads\/2021\/12\/disco_coro.mp4?_=1\" \/><a href=\"https:\/\/parroquiadealpedrete.archimadrid.es\/wp-content\/uploads\/2021\/12\/disco_coro.mp4\">https:\/\/parroquiadealpedrete.archimadrid.es\/wp-content\/uploads\/2021\/12\/disco_coro.mp4<\/a><\/video><\/div>\n<\/div>\n\n\n\n<div class=\"wp-block-column eplus-wrapper is-layout-flow wp-block-column-is-layout-flow\"><\/div>\n<\/div>\n\n<div class=\"wp-block-columns eplus-wrapper is-layout-flex wp-container-core-columns-is-layout-28f84493 wp-block-columns-is-layout-flex eplus-styles-uid-56a99f\">\n<div class=\"wp-block-column eplus-wrapper is-layout-flow wp-block-column-is-layout-flow\"><\/div>\n\n\n\n<div class=\"wp-block-column eplus-wrapper is-layout-flow wp-block-column-is-layout-flow\" style=\"flex-basis:80%\">\n<div style=\"width: 640px;\" class=\"wp-video\"><video class=\"wp-video-shortcode\" id=\"video-1261-2\" width=\"640\" height=\"360\" preload=\"metadata\" controls=\"controls\"><source type=\"video\/mp4\" src=\"https:\/\/parroquiadealpedrete.archimadrid.es\/wp-content\/uploads\/Cancioneros\/Video_coro.mp4?_=2\" \/><a href=\"https:\/\/parroquiadealpedrete.archimadrid.es\/wp-content\/uploads\/Cancioneros\/Video_coro.mp4\">https:\/\/parroquiadealpedrete.archimadrid.es\/wp-content\/uploads\/Cancioneros\/Video_coro.mp4<\/a><\/video><\/div>\n<\/div>\n\n\n\n<div class=\"wp-block-column eplus-wrapper is-layout-flow wp-block-column-is-layout-flow\"><\/div>\n<\/div>\n\n<p class=\"fonts-plugin-block \">Email <a href=\"mailto:coroparroquidealpedrete@gmail.com\">coroparroquiaalpedrete@gmail.com<\/a><\/p>","protected":false},"excerpt":{"rendered":"<p>CORO DE LA ASUNCI\u00d3N DE NUESTRA SE\u00d1ORA San Agust\u00edn define, con su dom\u00e9stica sabidur\u00eda, lo que es una comunidad : \u201cUn grupo de personas que rezan juntas, pero que tambi\u00e9n hablan\u00a0 juntas; que r\u00eden en com\u00fan e intercambian favores; est\u00e1n bromeando juntas y juntas est\u00e1n serias; est\u00e1n a veces en desacuerdo, pero sin animosidad\u2026\u201d\u00a0 El &hellip; <\/p>\n<p class=\"link-more\"><a href=\"https:\/\/parroquiadealpedrete.archimadrid.es\/?page_id=1261\" class=\"more-link\">Leer m\u00e1s<span class=\"screen-reader-text\"> \u00abCoro parroquial\u00bb<\/span><\/a><\/p>\n","protected":false},"author":1,"featured_media":0,"parent":0,"menu_order":0,"comment_status":"closed","ping_status":"closed","template":"","meta":{"editor_plus_copied_stylings":"{}","footnotes":""},"class_list":["post-1261","page","type-page","status-publish","hentry"],"yoast_head":"<!-- This site is optimized with the Yoast SEO plugin v26.3 - https:\/\/yoast.com\/wordpress\/plugins\/seo\/ -->\n<title>Coro parroquial - ASUNCI\u00d3N DE NUESTRA SE\u00d1ORA ALPEDRETE<\/title>\n<meta name=\"robots\" content=\"index, follow, max-snippet:-1, max-image-preview:large, max-video-preview:-1\" \/>\n<link rel=\"canonical\" href=\"https:\/\/parroquiadealpedrete.archimadrid.es\/?page_id=1261\" \/>\n<meta property=\"og:locale\" content=\"es_ES\" \/>\n<meta property=\"og:type\" content=\"article\" \/>\n<meta property=\"og:title\" content=\"Coro parroquial - ASUNCI\u00d3N DE NUESTRA SE\u00d1ORA ALPEDRETE\" \/>\n<meta property=\"og:description\" content=\"CORO DE LA ASUNCI\u00d3N DE NUESTRA SE\u00d1ORA San Agust\u00edn define, con su dom\u00e9stica sabidur\u00eda, lo que es una comunidad : \u201cUn grupo de personas que rezan juntas, pero que tambi\u00e9n hablan\u00a0 juntas; que r\u00eden en com\u00fan e intercambian favores; est\u00e1n bromeando juntas y juntas est\u00e1n serias; est\u00e1n a veces en desacuerdo, pero sin animosidad\u2026\u201d\u00a0 El &hellip; Leer m\u00e1s \u00abCoro parroquial\u00bb\" \/>\n<meta property=\"og:url\" content=\"https:\/\/parroquiadealpedrete.archimadrid.es\/?page_id=1261\" \/>\n<meta property=\"og:site_name\" content=\"ASUNCI\u00d3N DE NUESTRA SE\u00d1ORA ALPEDRETE\" \/>\n<meta property=\"article:modified_time\" content=\"2024-05-18T11:10:14+00:00\" \/>\n<meta property=\"og:image\" content=\"https:\/\/parroquiadealpedrete.archimadrid.es\/wp-content\/uploads\/2021\/12\/Grupo-Coro.webp\" \/>\n<meta name=\"twitter:card\" content=\"summary_large_image\" \/>\n<meta name=\"twitter:label1\" content=\"Tiempo de lectura\" \/>\n\t<meta name=\"twitter:data1\" content=\"3 minutos\" \/>\n<script type=\"application\/ld+json\" class=\"yoast-schema-graph\">{\"@context\":\"https:\/\/schema.org\",\"@graph\":[{\"@type\":\"WebPage\",\"@id\":\"https:\/\/parroquiadealpedrete.archimadrid.es\/?page_id=1261\",\"url\":\"https:\/\/parroquiadealpedrete.archimadrid.es\/?page_id=1261\",\"name\":\"Coro parroquial - ASUNCI\u00d3N DE NUESTRA SE\u00d1ORA ALPEDRETE\",\"isPartOf\":{\"@id\":\"https:\/\/parroquiadealpedrete.archimadrid.es\/#website\"},\"primaryImageOfPage\":{\"@id\":\"https:\/\/parroquiadealpedrete.archimadrid.es\/?page_id=1261#primaryimage\"},\"image\":{\"@id\":\"https:\/\/parroquiadealpedrete.archimadrid.es\/?page_id=1261#primaryimage\"},\"thumbnailUrl\":\"https:\/\/parroquiadealpedrete.archimadrid.es\/wp-content\/uploads\/2021\/12\/Grupo-Coro.webp\",\"datePublished\":\"2021-11-03T17:32:27+00:00\",\"dateModified\":\"2024-05-18T11:10:14+00:00\",\"breadcrumb\":{\"@id\":\"https:\/\/parroquiadealpedrete.archimadrid.es\/?page_id=1261#breadcrumb\"},\"inLanguage\":\"es\",\"potentialAction\":[{\"@type\":\"ReadAction\",\"target\":[\"https:\/\/parroquiadealpedrete.archimadrid.es\/?page_id=1261\"]}]},{\"@type\":\"ImageObject\",\"inLanguage\":\"es\",\"@id\":\"https:\/\/parroquiadealpedrete.archimadrid.es\/?page_id=1261#primaryimage\",\"url\":\"https:\/\/parroquiadealpedrete.archimadrid.es\/wp-content\/uploads\/2021\/12\/Grupo-Coro.webp\",\"contentUrl\":\"https:\/\/parroquiadealpedrete.archimadrid.es\/wp-content\/uploads\/2021\/12\/Grupo-Coro.webp\"},{\"@type\":\"BreadcrumbList\",\"@id\":\"https:\/\/parroquiadealpedrete.archimadrid.es\/?page_id=1261#breadcrumb\",\"itemListElement\":[{\"@type\":\"ListItem\",\"position\":1,\"name\":\"Portada\",\"item\":\"https:\/\/parroquiadealpedrete.archimadrid.es\/\"},{\"@type\":\"ListItem\",\"position\":2,\"name\":\"Coro parroquial\"}]},{\"@type\":\"WebSite\",\"@id\":\"https:\/\/parroquiadealpedrete.archimadrid.es\/#website\",\"url\":\"https:\/\/parroquiadealpedrete.archimadrid.es\/\",\"name\":\"ASUNCI\u00d3N DE NUESTRA SE\u00d1ORA ALPEDRETE\",\"description\":\"Parroquia de Alpedrete\",\"publisher\":{\"@id\":\"https:\/\/parroquiadealpedrete.archimadrid.es\/#organization\"},\"potentialAction\":[{\"@type\":\"SearchAction\",\"target\":{\"@type\":\"EntryPoint\",\"urlTemplate\":\"https:\/\/parroquiadealpedrete.archimadrid.es\/?s={search_term_string}\"},\"query-input\":{\"@type\":\"PropertyValueSpecification\",\"valueRequired\":true,\"valueName\":\"search_term_string\"}}],\"inLanguage\":\"es\"},{\"@type\":\"Organization\",\"@id\":\"https:\/\/parroquiadealpedrete.archimadrid.es\/#organization\",\"name\":\"Asunci\u00f3n de nuestra Se\u00f1ora de Alpedrete\",\"url\":\"https:\/\/parroquiadealpedrete.archimadrid.es\/\",\"logo\":{\"@type\":\"ImageObject\",\"inLanguage\":\"es\",\"@id\":\"https:\/\/parroquiadealpedrete.archimadrid.es\/#\/schema\/logo\/image\/\",\"url\":\"https:\/\/parroquiadealpedrete.archimadrid.es\/wp-content\/uploads\/2022\/02\/Logo-con-fondo--scaled-e1645483003367.jpg\",\"contentUrl\":\"https:\/\/parroquiadealpedrete.archimadrid.es\/wp-content\/uploads\/2022\/02\/Logo-con-fondo--scaled-e1645483003367.jpg\",\"width\":1689,\"height\":1689,\"caption\":\"Asunci\u00f3n de nuestra Se\u00f1ora de Alpedrete\"},\"image\":{\"@id\":\"https:\/\/parroquiadealpedrete.archimadrid.es\/#\/schema\/logo\/image\/\"}}]}<\/script>\n<!-- \/ Yoast SEO plugin. -->","yoast_head_json":{"title":"Coro parroquial - ASUNCI\u00d3N DE NUESTRA SE\u00d1ORA ALPEDRETE","robots":{"index":"index","follow":"follow","max-snippet":"max-snippet:-1","max-image-preview":"max-image-preview:large","max-video-preview":"max-video-preview:-1"},"canonical":"https:\/\/parroquiadealpedrete.archimadrid.es\/?page_id=1261","og_locale":"es_ES","og_type":"article","og_title":"Coro parroquial - ASUNCI\u00d3N DE NUESTRA SE\u00d1ORA ALPEDRETE","og_description":"CORO DE LA ASUNCI\u00d3N DE NUESTRA SE\u00d1ORA San Agust\u00edn define, con su dom\u00e9stica sabidur\u00eda, lo que es una comunidad : \u201cUn grupo de personas que rezan juntas, pero que tambi\u00e9n hablan\u00a0 juntas; que r\u00eden en com\u00fan e intercambian favores; est\u00e1n bromeando juntas y juntas est\u00e1n serias; est\u00e1n a veces en desacuerdo, pero sin animosidad\u2026\u201d\u00a0 El &hellip; Leer m\u00e1s \u00abCoro parroquial\u00bb","og_url":"https:\/\/parroquiadealpedrete.archimadrid.es\/?page_id=1261","og_site_name":"ASUNCI\u00d3N DE NUESTRA SE\u00d1ORA ALPEDRETE","article_modified_time":"2024-05-18T11:10:14+00:00","og_image":[{"url":"https:\/\/parroquiadealpedrete.archimadrid.es\/wp-content\/uploads\/2021\/12\/Grupo-Coro.webp","type":"","width":"","height":""}],"twitter_card":"summary_large_image","twitter_misc":{"Tiempo de lectura":"3 minutos"},"schema":{"@context":"https:\/\/schema.org","@graph":[{"@type":"WebPage","@id":"https:\/\/parroquiadealpedrete.archimadrid.es\/?page_id=1261","url":"https:\/\/parroquiadealpedrete.archimadrid.es\/?page_id=1261","name":"Coro parroquial - ASUNCI\u00d3N DE NUESTRA SE\u00d1ORA ALPEDRETE","isPartOf":{"@id":"https:\/\/parroquiadealpedrete.archimadrid.es\/#website"},"primaryImageOfPage":{"@id":"https:\/\/parroquiadealpedrete.archimadrid.es\/?page_id=1261#primaryimage"},"image":{"@id":"https:\/\/parroquiadealpedrete.archimadrid.es\/?page_id=1261#primaryimage"},"thumbnailUrl":"https:\/\/parroquiadealpedrete.archimadrid.es\/wp-content\/uploads\/2021\/12\/Grupo-Coro.webp","datePublished":"2021-11-03T17:32:27+00:00","dateModified":"2024-05-18T11:10:14+00:00","breadcrumb":{"@id":"https:\/\/parroquiadealpedrete.archimadrid.es\/?page_id=1261#breadcrumb"},"inLanguage":"es","potentialAction":[{"@type":"ReadAction","target":["https:\/\/parroquiadealpedrete.archimadrid.es\/?page_id=1261"]}]},{"@type":"ImageObject","inLanguage":"es","@id":"https:\/\/parroquiadealpedrete.archimadrid.es\/?page_id=1261#primaryimage","url":"https:\/\/parroquiadealpedrete.archimadrid.es\/wp-content\/uploads\/2021\/12\/Grupo-Coro.webp","contentUrl":"https:\/\/parroquiadealpedrete.archimadrid.es\/wp-content\/uploads\/2021\/12\/Grupo-Coro.webp"},{"@type":"BreadcrumbList","@id":"https:\/\/parroquiadealpedrete.archimadrid.es\/?page_id=1261#breadcrumb","itemListElement":[{"@type":"ListItem","position":1,"name":"Portada","item":"https:\/\/parroquiadealpedrete.archimadrid.es\/"},{"@type":"ListItem","position":2,"name":"Coro parroquial"}]},{"@type":"WebSite","@id":"https:\/\/parroquiadealpedrete.archimadrid.es\/#website","url":"https:\/\/parroquiadealpedrete.archimadrid.es\/","name":"ASUNCI\u00d3N DE NUESTRA SE\u00d1ORA ALPEDRETE","description":"Parroquia de Alpedrete","publisher":{"@id":"https:\/\/parroquiadealpedrete.archimadrid.es\/#organization"},"potentialAction":[{"@type":"SearchAction","target":{"@type":"EntryPoint","urlTemplate":"https:\/\/parroquiadealpedrete.archimadrid.es\/?s={search_term_string}"},"query-input":{"@type":"PropertyValueSpecification","valueRequired":true,"valueName":"search_term_string"}}],"inLanguage":"es"},{"@type":"Organization","@id":"https:\/\/parroquiadealpedrete.archimadrid.es\/#organization","name":"Asunci\u00f3n de nuestra Se\u00f1ora de Alpedrete","url":"https:\/\/parroquiadealpedrete.archimadrid.es\/","logo":{"@type":"ImageObject","inLanguage":"es","@id":"https:\/\/parroquiadealpedrete.archimadrid.es\/#\/schema\/logo\/image\/","url":"https:\/\/parroquiadealpedrete.archimadrid.es\/wp-content\/uploads\/2022\/02\/Logo-con-fondo--scaled-e1645483003367.jpg","contentUrl":"https:\/\/parroquiadealpedrete.archimadrid.es\/wp-content\/uploads\/2022\/02\/Logo-con-fondo--scaled-e1645483003367.jpg","width":1689,"height":1689,"caption":"Asunci\u00f3n de nuestra Se\u00f1ora de Alpedrete"},"image":{"@id":"https:\/\/parroquiadealpedrete.archimadrid.es\/#\/schema\/logo\/image\/"}}]}},"_links":{"self":[{"href":"https:\/\/parroquiadealpedrete.archimadrid.es\/index.php?rest_route=\/wp\/v2\/pages\/1261","targetHints":{"allow":["GET"]}}],"collection":[{"href":"https:\/\/parroquiadealpedrete.archimadrid.es\/index.php?rest_route=\/wp\/v2\/pages"}],"about":[{"href":"https:\/\/parroquiadealpedrete.archimadrid.es\/index.php?rest_route=\/wp\/v2\/types\/page"}],"author":[{"embeddable":true,"href":"https:\/\/parroquiadealpedrete.archimadrid.es\/index.php?rest_route=\/wp\/v2\/users\/1"}],"replies":[{"embeddable":true,"href":"https:\/\/parroquiadealpedrete.archimadrid.es\/index.php?rest_route=%2Fwp%2Fv2%2Fcomments&post=1261"}],"version-history":[{"count":26,"href":"https:\/\/parroquiadealpedrete.archimadrid.es\/index.php?rest_route=\/wp\/v2\/pages\/1261\/revisions"}],"predecessor-version":[{"id":4850,"href":"https:\/\/parroquiadealpedrete.archimadrid.es\/index.php?rest_route=\/wp\/v2\/pages\/1261\/revisions\/4850"}],"wp:attachment":[{"href":"https:\/\/parroquiadealpedrete.archimadrid.es\/index.php?rest_route=%2Fwp%2Fv2%2Fmedia&parent=1261"}],"curies":[{"name":"wp","href":"https:\/\/api.w.org\/{rel}","templated":true}]}}