{"id":1323,"date":"2021-11-03T18:11:06","date_gmt":"2021-11-03T17:11:06","guid":{"rendered":"https:\/\/parroquiaalpedrete216565863.wordpress.com\/?page_id=1246"},"modified":"2025-04-17T16:55:53","modified_gmt":"2025-04-17T14:55:53","slug":"cancionero-del-coro","status":"publish","type":"page","link":"https:\/\/parroquiadealpedrete.archimadrid.es\/?page_id=1323","title":{"rendered":"CANCIONERO DEL CORO"},"content":{"rendered":"<p class=\"fonts-plugin-block \" style=\"font-family: Oswald;font-weight: 500;font-size: 35px;text-align: center\"><strong><a href=\"https:\/\/parroquiadealpedrete.archimadrid.es\/?page_id=2968\" target=\"_blank\" rel=\"noreferrer noopener\">CANCIONERO DEL CORO<\/a><\/strong><\/p>\n\n\n    <div id=\"live-song-display\">\n        <p>Loading songs...<\/p>\n    <\/div>\n    <script>\n        function fetchSongs() {\n            fetch('https:\/\/parroquiadealpedrete.archimadrid.es\/wp-admin\/admin-ajax.php?action=get_songs&group=coro')\n                .then(res => res.text())\n                .then(html => {\n                    document.getElementById('live-song-display').innerHTML = html;\n                });\n        }\n        fetchSongs();\n        setInterval(fetchSongs, 3000);\n    <\/script>\n    \n\n\n<p><span style=\"font-size: 14pt;\"><b>Tiempos lit\u00fargicos<\/b><\/span><\/p>\n<p>Adviento <a href=\"https:\/\/parroquiadealpedrete.archimadrid.es\/wp-content\/uploads\/Cancioneros\/Cantos_Adviento.pdf\">Link<\/a><\/p>\n<p>Navidad <a href=\"https:\/\/parroquiadealpedrete.archimadrid.es\/wp-content\/uploads\/Cancioneros\/Libreto_Villancicos.pdf\">Link<\/a><\/p>\n<p>Tiempo Ordinario <a href=\"https:\/\/parroquiadealpedrete.archimadrid.es\/wp-content\/uploads\/Cancioneros\/Cantos_Tiempo_Ordinario.pdf\">Link<\/a><\/p>\n<p>Cuaresma <a href=\"https:\/\/parroquiadealpedrete.archimadrid.es\/wp-content\/uploads\/Cancioneros\/Cantos_Cuaresma.pdf\">Link<\/a><\/p>\n<p>Semana Santa <a href=\"https:\/\/parroquiadealpedrete.archimadrid.es\/wp-content\/uploads\/Cancioneros\/Cantos_Semana_Santa.pdf\">Link<\/a><\/p>\n<p><span style=\"font-size: 14pt;\"><b>Festividades<\/b><\/span><\/p>\n<p>Domingo de Ramos <a href=\"https:\/\/parroquiadealpedrete.archimadrid.es\/wp-content\/uploads\/Cancioneros\/Cantos_Domingo_Ramos.pdf\">Link<\/a><\/p>\n<p>Pentecost\u00e9s <a href=\"https:\/\/parroquiadealpedrete.archimadrid.es\/wp-content\/uploads\/Cancioneros\/Eucarist\u00eda_de_Pentecost\u00e9s.pdf\">Link<\/a><\/p>\n<p>Corpus Christi <a href=\"https:\/\/parroquiadealpedrete.archimadrid.es\/wp-content\/uploads\/Cancioneros\/Cantos_Corpus_Christi.pdf\">Link<\/a><\/p>\n<p>Celebraci\u00f3n de la Asunci\u00f3n de Mar\u00eda <a href=\"https:\/\/parroquiadealpedrete.archimadrid.es\/wp-content\/uploads\/Cancioneros\/Celebraci\u00f3n_La_Asunci\u00f3n.pdf\">Link<\/a><\/p>\n<p>Celebraci\u00f3n Mar\u00eda Inmaculada <a href=\"https:\/\/parroquiadealpedrete.archimadrid.es\/wp-content\/uploads\/Cancioneros\/CANTOS-DE-LA-INMACULADA.pdf\">Link<\/a><\/p>\n<p>Celebraci\u00f3n Santa Quiteria <a href=\"https:\/\/parroquiadealpedrete.archimadrid.es\/wp-content\/uploads\/Cancioneros\/Celebraci%C3%B3n_Santa_Quiteria.pdf\">Link<\/a><\/p>\n<p>Celebraci\u00f3n Primeras Comuniones <a href=\"https:\/\/parroquiadealpedrete.archimadrid.es\/wp-content\/uploads\/Cancioneros\/Cantos_Primeras_Comuniones.pdf\">Link<\/a><\/p>\n<p>Celebraci\u00f3n Confirmaciones <a href=\"https:\/\/parroquiadealpedrete.archimadrid.es\/wp-content\/uploads\/Cancioneros\/Cantos_Confirmaciones.pdf\">Link<\/a><\/p>","protected":false},"excerpt":{"rendered":"<p>Tiempos lit\u00fargicos Adviento Link Navidad Link Tiempo Ordinario Link Cuaresma Link Semana Santa Link Festividades Domingo de Ramos Link Pentecost\u00e9s Link Corpus Christi Link Celebraci\u00f3n de la Asunci\u00f3n de Mar\u00eda Link Celebraci\u00f3n Mar\u00eda Inmaculada Link Celebraci\u00f3n Santa Quiteria Link Celebraci\u00f3n Primeras Comuniones Link Celebraci\u00f3n Confirmaciones Link<\/p>\n","protected":false},"author":1,"featured_media":0,"parent":0,"menu_order":0,"comment_status":"closed","ping_status":"closed","template":"","meta":{"editor_plus_copied_stylings":"{}","footnotes":""},"class_list":["post-1323","page","type-page","status-publish","hentry"],"yoast_head":"<!-- This site is optimized with the Yoast SEO plugin v26.3 - https:\/\/yoast.com\/wordpress\/plugins\/seo\/ -->\n<title>CANCIONERO DEL CORO - ASUNCI\u00d3N DE NUESTRA SE\u00d1ORA ALPEDRETE<\/title>\n<meta name=\"robots\" content=\"index, follow, max-snippet:-1, max-image-preview:large, max-video-preview:-1\" \/>\n<link rel=\"canonical\" href=\"https:\/\/parroquiadealpedrete.archimadrid.es\/?page_id=1323\" \/>\n<meta property=\"og:locale\" content=\"es_ES\" \/>\n<meta property=\"og:type\" content=\"article\" \/>\n<meta property=\"og:title\" content=\"CANCIONERO DEL CORO - ASUNCI\u00d3N DE NUESTRA SE\u00d1ORA ALPEDRETE\" \/>\n<meta property=\"og:description\" content=\"Tiempos lit\u00fargicos Adviento Link Navidad Link Tiempo Ordinario Link Cuaresma Link Semana Santa Link Festividades Domingo de Ramos Link Pentecost\u00e9s Link Corpus Christi Link Celebraci\u00f3n de la Asunci\u00f3n de Mar\u00eda Link Celebraci\u00f3n Mar\u00eda Inmaculada Link Celebraci\u00f3n Santa Quiteria Link Celebraci\u00f3n Primeras Comuniones Link Celebraci\u00f3n Confirmaciones Link\" \/>\n<meta property=\"og:url\" content=\"https:\/\/parroquiadealpedrete.archimadrid.es\/?page_id=1323\" \/>\n<meta property=\"og:site_name\" content=\"ASUNCI\u00d3N DE NUESTRA SE\u00d1ORA ALPEDRETE\" \/>\n<meta property=\"article:modified_time\" content=\"2025-04-17T14:55:53+00:00\" \/>\n<meta name=\"twitter:card\" content=\"summary_large_image\" \/>\n<meta name=\"twitter:label1\" content=\"Tiempo de lectura\" \/>\n\t<meta name=\"twitter:data1\" content=\"1 minuto\" \/>\n<script type=\"application\/ld+json\" class=\"yoast-schema-graph\">{\"@context\":\"https:\/\/schema.org\",\"@graph\":[{\"@type\":\"WebPage\",\"@id\":\"https:\/\/parroquiadealpedrete.archimadrid.es\/?page_id=1323\",\"url\":\"https:\/\/parroquiadealpedrete.archimadrid.es\/?page_id=1323\",\"name\":\"CANCIONERO DEL CORO - ASUNCI\u00d3N DE NUESTRA SE\u00d1ORA ALPEDRETE\",\"isPartOf\":{\"@id\":\"https:\/\/parroquiadealpedrete.archimadrid.es\/#website\"},\"datePublished\":\"2021-11-03T17:11:06+00:00\",\"dateModified\":\"2025-04-17T14:55:53+00:00\",\"breadcrumb\":{\"@id\":\"https:\/\/parroquiadealpedrete.archimadrid.es\/?page_id=1323#breadcrumb\"},\"inLanguage\":\"es\",\"potentialAction\":[{\"@type\":\"ReadAction\",\"target\":[\"https:\/\/parroquiadealpedrete.archimadrid.es\/?page_id=1323\"]}]},{\"@type\":\"BreadcrumbList\",\"@id\":\"https:\/\/parroquiadealpedrete.archimadrid.es\/?page_id=1323#breadcrumb\",\"itemListElement\":[{\"@type\":\"ListItem\",\"position\":1,\"name\":\"Portada\",\"item\":\"https:\/\/parroquiadealpedrete.archimadrid.es\/\"},{\"@type\":\"ListItem\",\"position\":2,\"name\":\"CANCIONERO DEL CORO\"}]},{\"@type\":\"WebSite\",\"@id\":\"https:\/\/parroquiadealpedrete.archimadrid.es\/#website\",\"url\":\"https:\/\/parroquiadealpedrete.archimadrid.es\/\",\"name\":\"ASUNCI\u00d3N DE NUESTRA SE\u00d1ORA ALPEDRETE\",\"description\":\"Parroquia de Alpedrete\",\"publisher\":{\"@id\":\"https:\/\/parroquiadealpedrete.archimadrid.es\/#organization\"},\"potentialAction\":[{\"@type\":\"SearchAction\",\"target\":{\"@type\":\"EntryPoint\",\"urlTemplate\":\"https:\/\/parroquiadealpedrete.archimadrid.es\/?s={search_term_string}\"},\"query-input\":{\"@type\":\"PropertyValueSpecification\",\"valueRequired\":true,\"valueName\":\"search_term_string\"}}],\"inLanguage\":\"es\"},{\"@type\":\"Organization\",\"@id\":\"https:\/\/parroquiadealpedrete.archimadrid.es\/#organization\",\"name\":\"Asunci\u00f3n de nuestra Se\u00f1ora de Alpedrete\",\"url\":\"https:\/\/parroquiadealpedrete.archimadrid.es\/\",\"logo\":{\"@type\":\"ImageObject\",\"inLanguage\":\"es\",\"@id\":\"https:\/\/parroquiadealpedrete.archimadrid.es\/#\/schema\/logo\/image\/\",\"url\":\"https:\/\/parroquiadealpedrete.archimadrid.es\/wp-content\/uploads\/2022\/02\/Logo-con-fondo--scaled-e1645483003367.jpg\",\"contentUrl\":\"https:\/\/parroquiadealpedrete.archimadrid.es\/wp-content\/uploads\/2022\/02\/Logo-con-fondo--scaled-e1645483003367.jpg\",\"width\":1689,\"height\":1689,\"caption\":\"Asunci\u00f3n de nuestra Se\u00f1ora de Alpedrete\"},\"image\":{\"@id\":\"https:\/\/parroquiadealpedrete.archimadrid.es\/#\/schema\/logo\/image\/\"}}]}<\/script>\n<!-- \/ Yoast SEO plugin. -->","yoast_head_json":{"title":"CANCIONERO DEL CORO - ASUNCI\u00d3N DE NUESTRA SE\u00d1ORA ALPEDRETE","robots":{"index":"index","follow":"follow","max-snippet":"max-snippet:-1","max-image-preview":"max-image-preview:large","max-video-preview":"max-video-preview:-1"},"canonical":"https:\/\/parroquiadealpedrete.archimadrid.es\/?page_id=1323","og_locale":"es_ES","og_type":"article","og_title":"CANCIONERO DEL CORO - ASUNCI\u00d3N DE NUESTRA SE\u00d1ORA ALPEDRETE","og_description":"Tiempos lit\u00fargicos Adviento Link Navidad Link Tiempo Ordinario Link Cuaresma Link Semana Santa Link Festividades Domingo de Ramos Link Pentecost\u00e9s Link Corpus Christi Link Celebraci\u00f3n de la Asunci\u00f3n de Mar\u00eda Link Celebraci\u00f3n Mar\u00eda Inmaculada Link Celebraci\u00f3n Santa Quiteria Link Celebraci\u00f3n Primeras Comuniones Link Celebraci\u00f3n Confirmaciones Link","og_url":"https:\/\/parroquiadealpedrete.archimadrid.es\/?page_id=1323","og_site_name":"ASUNCI\u00d3N DE NUESTRA SE\u00d1ORA ALPEDRETE","article_modified_time":"2025-04-17T14:55:53+00:00","twitter_card":"summary_large_image","twitter_misc":{"Tiempo de lectura":"1 minuto"},"schema":{"@context":"https:\/\/schema.org","@graph":[{"@type":"WebPage","@id":"https:\/\/parroquiadealpedrete.archimadrid.es\/?page_id=1323","url":"https:\/\/parroquiadealpedrete.archimadrid.es\/?page_id=1323","name":"CANCIONERO DEL CORO - ASUNCI\u00d3N DE NUESTRA SE\u00d1ORA ALPEDRETE","isPartOf":{"@id":"https:\/\/parroquiadealpedrete.archimadrid.es\/#website"},"datePublished":"2021-11-03T17:11:06+00:00","dateModified":"2025-04-17T14:55:53+00:00","breadcrumb":{"@id":"https:\/\/parroquiadealpedrete.archimadrid.es\/?page_id=1323#breadcrumb"},"inLanguage":"es","potentialAction":[{"@type":"ReadAction","target":["https:\/\/parroquiadealpedrete.archimadrid.es\/?page_id=1323"]}]},{"@type":"BreadcrumbList","@id":"https:\/\/parroquiadealpedrete.archimadrid.es\/?page_id=1323#breadcrumb","itemListElement":[{"@type":"ListItem","position":1,"name":"Portada","item":"https:\/\/parroquiadealpedrete.archimadrid.es\/"},{"@type":"ListItem","position":2,"name":"CANCIONERO DEL CORO"}]},{"@type":"WebSite","@id":"https:\/\/parroquiadealpedrete.archimadrid.es\/#website","url":"https:\/\/parroquiadealpedrete.archimadrid.es\/","name":"ASUNCI\u00d3N DE NUESTRA SE\u00d1ORA ALPEDRETE","description":"Parroquia de Alpedrete","publisher":{"@id":"https:\/\/parroquiadealpedrete.archimadrid.es\/#organization"},"potentialAction":[{"@type":"SearchAction","target":{"@type":"EntryPoint","urlTemplate":"https:\/\/parroquiadealpedrete.archimadrid.es\/?s={search_term_string}"},"query-input":{"@type":"PropertyValueSpecification","valueRequired":true,"valueName":"search_term_string"}}],"inLanguage":"es"},{"@type":"Organization","@id":"https:\/\/parroquiadealpedrete.archimadrid.es\/#organization","name":"Asunci\u00f3n de nuestra Se\u00f1ora de Alpedrete","url":"https:\/\/parroquiadealpedrete.archimadrid.es\/","logo":{"@type":"ImageObject","inLanguage":"es","@id":"https:\/\/parroquiadealpedrete.archimadrid.es\/#\/schema\/logo\/image\/","url":"https:\/\/parroquiadealpedrete.archimadrid.es\/wp-content\/uploads\/2022\/02\/Logo-con-fondo--scaled-e1645483003367.jpg","contentUrl":"https:\/\/parroquiadealpedrete.archimadrid.es\/wp-content\/uploads\/2022\/02\/Logo-con-fondo--scaled-e1645483003367.jpg","width":1689,"height":1689,"caption":"Asunci\u00f3n de nuestra Se\u00f1ora de Alpedrete"},"image":{"@id":"https:\/\/parroquiadealpedrete.archimadrid.es\/#\/schema\/logo\/image\/"}}]}},"_links":{"self":[{"href":"https:\/\/parroquiadealpedrete.archimadrid.es\/index.php?rest_route=\/wp\/v2\/pages\/1323","targetHints":{"allow":["GET"]}}],"collection":[{"href":"https:\/\/parroquiadealpedrete.archimadrid.es\/index.php?rest_route=\/wp\/v2\/pages"}],"about":[{"href":"https:\/\/parroquiadealpedrete.archimadrid.es\/index.php?rest_route=\/wp\/v2\/types\/page"}],"author":[{"embeddable":true,"href":"https:\/\/parroquiadealpedrete.archimadrid.es\/index.php?rest_route=\/wp\/v2\/users\/1"}],"replies":[{"embeddable":true,"href":"https:\/\/parroquiadealpedrete.archimadrid.es\/index.php?rest_route=%2Fwp%2Fv2%2Fcomments&post=1323"}],"version-history":[{"count":30,"href":"https:\/\/parroquiadealpedrete.archimadrid.es\/index.php?rest_route=\/wp\/v2\/pages\/1323\/revisions"}],"predecessor-version":[{"id":4687,"href":"https:\/\/parroquiadealpedrete.archimadrid.es\/index.php?rest_route=\/wp\/v2\/pages\/1323\/revisions\/4687"}],"wp:attachment":[{"href":"https:\/\/parroquiadealpedrete.archimadrid.es\/index.php?rest_route=%2Fwp%2Fv2%2Fmedia&parent=1323"}],"curies":[{"name":"wp","href":"https:\/\/api.w.org\/{rel}","templated":true}]}}