{"id":1502,"date":"2021-11-26T18:25:21","date_gmt":"2021-11-26T18:25:21","guid":{"rendered":"https:\/\/parroquiadealpedrete.archimadrid.es\/?page_id=1502"},"modified":"2022-01-24T17:25:39","modified_gmt":"2022-01-24T17:25:39","slug":"sacerdotes","status":"publish","type":"page","link":"https:\/\/parroquiadealpedrete.archimadrid.es\/?page_id=1502","title":{"rendered":"Sacerdotes"},"content":{"rendered":"<p style=\"text-align: center;\"><span style=\"font-size: 18pt;\"><b> Guillermo Pinillos Aranguren. P\u00e1rroco<\/b><\/span><\/p>\n<p style=\"text-align: center;\"><img loading=\"lazy\" decoding=\"async\" class=\"alignnone  wp-image-2221\" src=\"https:\/\/parroquiadealpedrete.archimadrid.es\/wp-content\/uploads\/2022\/01\/guillermo.jpeg\" alt=\"\" width=\"400\" height=\"601\" srcset=\"https:\/\/parroquiadealpedrete.archimadrid.es\/wp-content\/uploads\/2022\/01\/guillermo.jpeg 781w, https:\/\/parroquiadealpedrete.archimadrid.es\/wp-content\/uploads\/2022\/01\/guillermo-200x300.jpeg 200w, https:\/\/parroquiadealpedrete.archimadrid.es\/wp-content\/uploads\/2022\/01\/guillermo-681x1024.jpeg 681w, https:\/\/parroquiadealpedrete.archimadrid.es\/wp-content\/uploads\/2022\/01\/guillermo-768x1154.jpeg 768w\" sizes=\"auto, (max-width: 400px) 100vw, 400px\" \/><\/p>\n<p style=\"text-align: justify;\"><b>Ordenaci\u00f3n:<\/b><span style=\"font-weight: 400;\"> 2 de mayo de 2010.\u00a0<\/span><\/p>\n<p style=\"text-align: justify;\"><b>Aficiones:<\/b><span style=\"font-weight: 400;\"> Running, ciclismo, senderismo, cine y deporte en general.<\/span><\/p>\n<p style=\"text-align: justify;\"><b>Santos preferidos:<\/b><span style=\"font-weight: 400;\"> San Ignacio de Loyola, Santa Mar\u00eda Magdalena y San Juan de \u00c1vila.<\/span><\/p>\n<p style=\"text-align: justify;\"><b>Textos preferidos de la Biblia:<\/b><span style=\"font-weight: 400;\"> \u201c<\/span><i><span style=\"font-weight: 400;\">Salmo 139\u201d<\/span><\/i><span style=\"font-weight: 400;\">, \u201c<\/span><i><span style=\"font-weight: 400;\">Pr\u00f3logo de san Juan\u201d<\/span><\/i><span style=\"font-weight: 400;\">, \u201c<\/span><i><span style=\"font-weight: 400;\">Lavatorio de pies\u201d<\/span><\/i><span style=\"font-weight: 400;\">.<\/span><\/p>\n<p style=\"text-align: center;\"><span style=\"font-size: 18pt;\"><b> Jos\u00e9 Manuel Rabanal Mart\u00ednez. Vicario parroquial<\/b><\/span><\/p>\n<p style=\"text-align: center;\"><img loading=\"lazy\" decoding=\"async\" class=\"alignnone  wp-image-2223\" src=\"https:\/\/parroquiadealpedrete.archimadrid.es\/wp-content\/uploads\/2022\/01\/jm.jpeg\" alt=\"\" width=\"400\" height=\"601\" srcset=\"https:\/\/parroquiadealpedrete.archimadrid.es\/wp-content\/uploads\/2022\/01\/jm.jpeg 817w, https:\/\/parroquiadealpedrete.archimadrid.es\/wp-content\/uploads\/2022\/01\/jm-200x300.jpeg 200w, https:\/\/parroquiadealpedrete.archimadrid.es\/wp-content\/uploads\/2022\/01\/jm-682x1024.jpeg 682w, https:\/\/parroquiadealpedrete.archimadrid.es\/wp-content\/uploads\/2022\/01\/jm-768x1153.jpeg 768w\" sizes=\"auto, (max-width: 400px) 100vw, 400px\" \/><\/p>\n<p style=\"text-align: justify;\"><b>Ordenaci\u00f3n:<\/b><span style=\"font-weight: 400;\"> 13 de mayo de 2006.\u00a0<\/span><\/p>\n<p style=\"text-align: justify;\"><b>Aficiones:<\/b><span style=\"font-weight: 400;\"> Running, ajedrez y senderismo.\u00a0<\/span><\/p>\n<p style=\"text-align: justify;\"><b>Santos preferidos:<\/b><span style=\"font-weight: 400;\"> Santa Teresa de \u00c1vila, el Santo Cura de Ars, San Ignacio de Loyola, y Santa Teresita del Ni\u00f1o Jes\u00fas.<\/span><\/p>\n<p style=\"text-align: justify;\"><b>Textos preferidos de la Biblia:<\/b><span style=\"font-weight: 400;\"> El \u201c<\/span><i><span style=\"font-weight: 400;\">discurso del Pan de Vida<\/span><\/i><span style=\"font-weight: 400;\">\u201d y \u201c<\/span><i><span style=\"font-weight: 400;\">Las Bienaventuranzas de Mateo\u201d<\/span><\/i><span style=\"font-weight: 400;\">; y entre los evangelistas siente predilecci\u00f3n por San Juan<\/span><i><span style=\"font-weight: 400;\">.<\/span><\/i><\/p>\n","protected":false},"excerpt":{"rendered":"<p>Guillermo Pinillos Aranguren. P\u00e1rroco Ordenaci\u00f3n: 2 de mayo de 2010.\u00a0 Aficiones: Running, ciclismo, senderismo, cine y deporte en general. Santos preferidos: San Ignacio de Loyola, Santa Mar\u00eda Magdalena y San Juan de \u00c1vila. Textos preferidos de la Biblia: \u201cSalmo 139\u201d, \u201cPr\u00f3logo de san Juan\u201d, \u201cLavatorio de pies\u201d. Jos\u00e9 Manuel Rabanal Mart\u00ednez. Vicario parroquial Ordenaci\u00f3n: 13 &hellip; <\/p>\n<p class=\"link-more\"><a href=\"https:\/\/parroquiadealpedrete.archimadrid.es\/?page_id=1502\" class=\"more-link\">Leer m\u00e1s<span class=\"screen-reader-text\"> \u00abSacerdotes\u00bb<\/span><\/a><\/p>\n","protected":false},"author":1,"featured_media":0,"parent":0,"menu_order":0,"comment_status":"closed","ping_status":"closed","template":"","meta":{"editor_plus_copied_stylings":"{}","footnotes":""},"class_list":["post-1502","page","type-page","status-publish","hentry"],"yoast_head":"<!-- This site is optimized with the Yoast SEO plugin v26.3 - https:\/\/yoast.com\/wordpress\/plugins\/seo\/ -->\n<title>Sacerdotes - ASUNCI\u00d3N DE NUESTRA SE\u00d1ORA ALPEDRETE<\/title>\n<meta name=\"robots\" content=\"index, follow, max-snippet:-1, max-image-preview:large, max-video-preview:-1\" \/>\n<link rel=\"canonical\" href=\"https:\/\/parroquiadealpedrete.archimadrid.es\/?page_id=1502\" \/>\n<meta property=\"og:locale\" content=\"es_ES\" \/>\n<meta property=\"og:type\" content=\"article\" \/>\n<meta property=\"og:title\" content=\"Sacerdotes - ASUNCI\u00d3N DE NUESTRA SE\u00d1ORA ALPEDRETE\" \/>\n<meta property=\"og:description\" content=\"Guillermo Pinillos Aranguren. P\u00e1rroco Ordenaci\u00f3n: 2 de mayo de 2010.\u00a0 Aficiones: Running, ciclismo, senderismo, cine y deporte en general. Santos preferidos: San Ignacio de Loyola, Santa Mar\u00eda Magdalena y San Juan de \u00c1vila. Textos preferidos de la Biblia: \u201cSalmo 139\u201d, \u201cPr\u00f3logo de san Juan\u201d, \u201cLavatorio de pies\u201d. Jos\u00e9 Manuel Rabanal Mart\u00ednez. Vicario parroquial Ordenaci\u00f3n: 13 &hellip; Leer m\u00e1s \u00abSacerdotes\u00bb\" \/>\n<meta property=\"og:url\" content=\"https:\/\/parroquiadealpedrete.archimadrid.es\/?page_id=1502\" \/>\n<meta property=\"og:site_name\" content=\"ASUNCI\u00d3N DE NUESTRA SE\u00d1ORA ALPEDRETE\" \/>\n<meta property=\"article:modified_time\" content=\"2022-01-24T17:25:39+00:00\" \/>\n<meta property=\"og:image\" content=\"https:\/\/parroquiadealpedrete.archimadrid.es\/wp-content\/uploads\/2022\/01\/guillermo.jpeg\" \/>\n<meta name=\"twitter:card\" content=\"summary_large_image\" \/>\n<meta name=\"twitter:label1\" content=\"Tiempo de lectura\" \/>\n\t<meta name=\"twitter:data1\" content=\"1 minuto\" \/>\n<script type=\"application\/ld+json\" class=\"yoast-schema-graph\">{\"@context\":\"https:\/\/schema.org\",\"@graph\":[{\"@type\":\"WebPage\",\"@id\":\"https:\/\/parroquiadealpedrete.archimadrid.es\/?page_id=1502\",\"url\":\"https:\/\/parroquiadealpedrete.archimadrid.es\/?page_id=1502\",\"name\":\"Sacerdotes - ASUNCI\u00d3N DE NUESTRA SE\u00d1ORA ALPEDRETE\",\"isPartOf\":{\"@id\":\"https:\/\/parroquiadealpedrete.archimadrid.es\/#website\"},\"primaryImageOfPage\":{\"@id\":\"https:\/\/parroquiadealpedrete.archimadrid.es\/?page_id=1502#primaryimage\"},\"image\":{\"@id\":\"https:\/\/parroquiadealpedrete.archimadrid.es\/?page_id=1502#primaryimage\"},\"thumbnailUrl\":\"https:\/\/parroquiadealpedrete.archimadrid.es\/wp-content\/uploads\/2022\/01\/guillermo.jpeg\",\"datePublished\":\"2021-11-26T18:25:21+00:00\",\"dateModified\":\"2022-01-24T17:25:39+00:00\",\"breadcrumb\":{\"@id\":\"https:\/\/parroquiadealpedrete.archimadrid.es\/?page_id=1502#breadcrumb\"},\"inLanguage\":\"es\",\"potentialAction\":[{\"@type\":\"ReadAction\",\"target\":[\"https:\/\/parroquiadealpedrete.archimadrid.es\/?page_id=1502\"]}]},{\"@type\":\"ImageObject\",\"inLanguage\":\"es\",\"@id\":\"https:\/\/parroquiadealpedrete.archimadrid.es\/?page_id=1502#primaryimage\",\"url\":\"https:\/\/parroquiadealpedrete.archimadrid.es\/wp-content\/uploads\/2022\/01\/guillermo.jpeg\",\"contentUrl\":\"https:\/\/parroquiadealpedrete.archimadrid.es\/wp-content\/uploads\/2022\/01\/guillermo.jpeg\",\"width\":781,\"height\":1174},{\"@type\":\"BreadcrumbList\",\"@id\":\"https:\/\/parroquiadealpedrete.archimadrid.es\/?page_id=1502#breadcrumb\",\"itemListElement\":[{\"@type\":\"ListItem\",\"position\":1,\"name\":\"Portada\",\"item\":\"https:\/\/parroquiadealpedrete.archimadrid.es\/\"},{\"@type\":\"ListItem\",\"position\":2,\"name\":\"Sacerdotes\"}]},{\"@type\":\"WebSite\",\"@id\":\"https:\/\/parroquiadealpedrete.archimadrid.es\/#website\",\"url\":\"https:\/\/parroquiadealpedrete.archimadrid.es\/\",\"name\":\"ASUNCI\u00d3N DE NUESTRA SE\u00d1ORA ALPEDRETE\",\"description\":\"Parroquia de Alpedrete\",\"publisher\":{\"@id\":\"https:\/\/parroquiadealpedrete.archimadrid.es\/#organization\"},\"potentialAction\":[{\"@type\":\"SearchAction\",\"target\":{\"@type\":\"EntryPoint\",\"urlTemplate\":\"https:\/\/parroquiadealpedrete.archimadrid.es\/?s={search_term_string}\"},\"query-input\":{\"@type\":\"PropertyValueSpecification\",\"valueRequired\":true,\"valueName\":\"search_term_string\"}}],\"inLanguage\":\"es\"},{\"@type\":\"Organization\",\"@id\":\"https:\/\/parroquiadealpedrete.archimadrid.es\/#organization\",\"name\":\"Asunci\u00f3n de nuestra Se\u00f1ora de Alpedrete\",\"url\":\"https:\/\/parroquiadealpedrete.archimadrid.es\/\",\"logo\":{\"@type\":\"ImageObject\",\"inLanguage\":\"es\",\"@id\":\"https:\/\/parroquiadealpedrete.archimadrid.es\/#\/schema\/logo\/image\/\",\"url\":\"https:\/\/parroquiadealpedrete.archimadrid.es\/wp-content\/uploads\/2022\/02\/Logo-con-fondo--scaled-e1645483003367.jpg\",\"contentUrl\":\"https:\/\/parroquiadealpedrete.archimadrid.es\/wp-content\/uploads\/2022\/02\/Logo-con-fondo--scaled-e1645483003367.jpg\",\"width\":1689,\"height\":1689,\"caption\":\"Asunci\u00f3n de nuestra Se\u00f1ora de Alpedrete\"},\"image\":{\"@id\":\"https:\/\/parroquiadealpedrete.archimadrid.es\/#\/schema\/logo\/image\/\"}}]}<\/script>\n<!-- \/ Yoast SEO plugin. -->","yoast_head_json":{"title":"Sacerdotes - ASUNCI\u00d3N DE NUESTRA SE\u00d1ORA ALPEDRETE","robots":{"index":"index","follow":"follow","max-snippet":"max-snippet:-1","max-image-preview":"max-image-preview:large","max-video-preview":"max-video-preview:-1"},"canonical":"https:\/\/parroquiadealpedrete.archimadrid.es\/?page_id=1502","og_locale":"es_ES","og_type":"article","og_title":"Sacerdotes - ASUNCI\u00d3N DE NUESTRA SE\u00d1ORA ALPEDRETE","og_description":"Guillermo Pinillos Aranguren. P\u00e1rroco Ordenaci\u00f3n: 2 de mayo de 2010.\u00a0 Aficiones: Running, ciclismo, senderismo, cine y deporte en general. Santos preferidos: San Ignacio de Loyola, Santa Mar\u00eda Magdalena y San Juan de \u00c1vila. Textos preferidos de la Biblia: \u201cSalmo 139\u201d, \u201cPr\u00f3logo de san Juan\u201d, \u201cLavatorio de pies\u201d. Jos\u00e9 Manuel Rabanal Mart\u00ednez. Vicario parroquial Ordenaci\u00f3n: 13 &hellip; Leer m\u00e1s \u00abSacerdotes\u00bb","og_url":"https:\/\/parroquiadealpedrete.archimadrid.es\/?page_id=1502","og_site_name":"ASUNCI\u00d3N DE NUESTRA SE\u00d1ORA ALPEDRETE","article_modified_time":"2022-01-24T17:25:39+00:00","og_image":[{"url":"https:\/\/parroquiadealpedrete.archimadrid.es\/wp-content\/uploads\/2022\/01\/guillermo.jpeg","type":"","width":"","height":""}],"twitter_card":"summary_large_image","twitter_misc":{"Tiempo de lectura":"1 minuto"},"schema":{"@context":"https:\/\/schema.org","@graph":[{"@type":"WebPage","@id":"https:\/\/parroquiadealpedrete.archimadrid.es\/?page_id=1502","url":"https:\/\/parroquiadealpedrete.archimadrid.es\/?page_id=1502","name":"Sacerdotes - ASUNCI\u00d3N DE NUESTRA SE\u00d1ORA ALPEDRETE","isPartOf":{"@id":"https:\/\/parroquiadealpedrete.archimadrid.es\/#website"},"primaryImageOfPage":{"@id":"https:\/\/parroquiadealpedrete.archimadrid.es\/?page_id=1502#primaryimage"},"image":{"@id":"https:\/\/parroquiadealpedrete.archimadrid.es\/?page_id=1502#primaryimage"},"thumbnailUrl":"https:\/\/parroquiadealpedrete.archimadrid.es\/wp-content\/uploads\/2022\/01\/guillermo.jpeg","datePublished":"2021-11-26T18:25:21+00:00","dateModified":"2022-01-24T17:25:39+00:00","breadcrumb":{"@id":"https:\/\/parroquiadealpedrete.archimadrid.es\/?page_id=1502#breadcrumb"},"inLanguage":"es","potentialAction":[{"@type":"ReadAction","target":["https:\/\/parroquiadealpedrete.archimadrid.es\/?page_id=1502"]}]},{"@type":"ImageObject","inLanguage":"es","@id":"https:\/\/parroquiadealpedrete.archimadrid.es\/?page_id=1502#primaryimage","url":"https:\/\/parroquiadealpedrete.archimadrid.es\/wp-content\/uploads\/2022\/01\/guillermo.jpeg","contentUrl":"https:\/\/parroquiadealpedrete.archimadrid.es\/wp-content\/uploads\/2022\/01\/guillermo.jpeg","width":781,"height":1174},{"@type":"BreadcrumbList","@id":"https:\/\/parroquiadealpedrete.archimadrid.es\/?page_id=1502#breadcrumb","itemListElement":[{"@type":"ListItem","position":1,"name":"Portada","item":"https:\/\/parroquiadealpedrete.archimadrid.es\/"},{"@type":"ListItem","position":2,"name":"Sacerdotes"}]},{"@type":"WebSite","@id":"https:\/\/parroquiadealpedrete.archimadrid.es\/#website","url":"https:\/\/parroquiadealpedrete.archimadrid.es\/","name":"ASUNCI\u00d3N DE NUESTRA SE\u00d1ORA ALPEDRETE","description":"Parroquia de Alpedrete","publisher":{"@id":"https:\/\/parroquiadealpedrete.archimadrid.es\/#organization"},"potentialAction":[{"@type":"SearchAction","target":{"@type":"EntryPoint","urlTemplate":"https:\/\/parroquiadealpedrete.archimadrid.es\/?s={search_term_string}"},"query-input":{"@type":"PropertyValueSpecification","valueRequired":true,"valueName":"search_term_string"}}],"inLanguage":"es"},{"@type":"Organization","@id":"https:\/\/parroquiadealpedrete.archimadrid.es\/#organization","name":"Asunci\u00f3n de nuestra Se\u00f1ora de Alpedrete","url":"https:\/\/parroquiadealpedrete.archimadrid.es\/","logo":{"@type":"ImageObject","inLanguage":"es","@id":"https:\/\/parroquiadealpedrete.archimadrid.es\/#\/schema\/logo\/image\/","url":"https:\/\/parroquiadealpedrete.archimadrid.es\/wp-content\/uploads\/2022\/02\/Logo-con-fondo--scaled-e1645483003367.jpg","contentUrl":"https:\/\/parroquiadealpedrete.archimadrid.es\/wp-content\/uploads\/2022\/02\/Logo-con-fondo--scaled-e1645483003367.jpg","width":1689,"height":1689,"caption":"Asunci\u00f3n de nuestra Se\u00f1ora de Alpedrete"},"image":{"@id":"https:\/\/parroquiadealpedrete.archimadrid.es\/#\/schema\/logo\/image\/"}}]}},"_links":{"self":[{"href":"https:\/\/parroquiadealpedrete.archimadrid.es\/index.php?rest_route=\/wp\/v2\/pages\/1502","targetHints":{"allow":["GET"]}}],"collection":[{"href":"https:\/\/parroquiadealpedrete.archimadrid.es\/index.php?rest_route=\/wp\/v2\/pages"}],"about":[{"href":"https:\/\/parroquiadealpedrete.archimadrid.es\/index.php?rest_route=\/wp\/v2\/types\/page"}],"author":[{"embeddable":true,"href":"https:\/\/parroquiadealpedrete.archimadrid.es\/index.php?rest_route=\/wp\/v2\/users\/1"}],"replies":[{"embeddable":true,"href":"https:\/\/parroquiadealpedrete.archimadrid.es\/index.php?rest_route=%2Fwp%2Fv2%2Fcomments&post=1502"}],"version-history":[{"count":9,"href":"https:\/\/parroquiadealpedrete.archimadrid.es\/index.php?rest_route=\/wp\/v2\/pages\/1502\/revisions"}],"predecessor-version":[{"id":2337,"href":"https:\/\/parroquiadealpedrete.archimadrid.es\/index.php?rest_route=\/wp\/v2\/pages\/1502\/revisions\/2337"}],"wp:attachment":[{"href":"https:\/\/parroquiadealpedrete.archimadrid.es\/index.php?rest_route=%2Fwp%2Fv2%2Fmedia&parent=1502"}],"curies":[{"name":"wp","href":"https:\/\/api.w.org\/{rel}","templated":true}]}}