{"id":1513,"date":"2021-11-26T18:36:02","date_gmt":"2021-11-26T18:36:02","guid":{"rendered":"https:\/\/parroquiadealpedrete.archimadrid.es\/?page_id=1513"},"modified":"2022-02-07T18:55:19","modified_gmt":"2022-02-07T18:55:19","slug":"exposicion-del-santisimo","status":"publish","type":"page","link":"https:\/\/parroquiadealpedrete.archimadrid.es\/?page_id=1513","title":{"rendered":"Exposici\u00f3n del Sant\u00edsimo"},"content":{"rendered":"<p class=\"fonts-plugin-block \" style=\"font-family: Oswald;font-weight: 500;font-size: 35px;text-align: center\"><strong>EXPOSICI\u00d3N DEL SANT\u00cdSIMO<\/strong><\/p>\n\n<p style=\"text-align: center;\"><img loading=\"lazy\" decoding=\"async\" class=\"alignnone \" src=\"https:\/\/parroquiadealpedrete.archimadrid.es\/wp-content\/uploads\/2021\/12\/Grupo_Adoraci\u00f3nSant\u00edsimo.webp\" width=\"442\" height=\"589\"><\/p>\n<p style=\"text-align: justify;\"><span style=\"font-weight: 400;\">Los jueves eucar\u00edsticos son muy habituales en todas las parroquias. Son una pr\u00e1ctica de piedad que gira en torno a la adoraci\u00f3n al Sant\u00edsimo y se vincula al Jueves Santo d\u00eda de la Instituci\u00f3n de la Eucarist\u00eda. La Eucarist\u00eda fuera de la misa surgi\u00f3 poco a poco como devoci\u00f3n propia a partir <\/span><span style=\"font-weight: 400;\">del siglo IX, con ocasi\u00f3n de las controversias eucar\u00edsticas.&nbsp; San Francisco de As\u00eds, Santa Clara y Santa Juliana&nbsp;son algunos de los grandes impulsores de la devoci\u00f3n que alcanz\u00f3 su m\u00e1ximo esplendor con la fiesta del Corpus Christi.<\/span><\/p>\n<p style=\"text-align: justify;\"><span style=\"font-weight: 400;\">El Concilio de Trento fue el impulsor definitivo de la devoci\u00f3n eucar\u00edstica favoreciendo el desarrollo de las cofrad\u00edas sacramentales que se encargaban de organizar las celebraciones en las que procesionaba Jes\u00fas Sacramentado y recorr\u00edan no solo las ciudades o pueblos sino el interior de la catedral, el convento o el monasterio. Entre ellas destacaba la Minerva, fundada en 1520 por el dominico Tom\u00e1s Stella en la iglesia romana de Santa Mar\u00eda supra Minerva, construida sobre el antiguo templo de Minerva.<\/span><\/p>\n<p style=\"text-align: justify;\"><span style=\"font-weight: 400;\">Uno de los movimientos eucar\u00edsticos con m\u00e1s repercusi\u00f3n en la devoci\u00f3n popular fue el ejercicio de las Cuarenta Horas que recordaba el tiempo que Cristo permaneci\u00f3 desde su muerte hasta la resurrecci\u00f3n.&nbsp;<\/span><\/p>\n<p style=\"text-align: justify;\"><span style=\"font-weight: 400;\">En la parroquia de la Asunci\u00f3n de Alpedrete todos los jueves <\/span><b>desde las 10 hasta las 18:45 <\/b><span style=\"font-weight: 400;\">hay exposici\u00f3n del Sant\u00edsimo a la que todos estamos invitados. La hermandad del Sant\u00edsimo Sacramento y un grupo de fieles se encarga de que no haya ninguna hora en que el Se\u00f1or est\u00e9 s\u00f3lo.<\/span><\/p>\n<p><span style=\"font-weight: 400;\">Para m\u00e1s informaci\u00f3n <\/span><a href=\"mailto:jesusenlacustodia@gmail.com\"><span style=\"font-weight: 400;\">jesusenlacustodia@gmail.com<\/span><\/a><\/p>","protected":false},"excerpt":{"rendered":"<p>Los jueves eucar\u00edsticos son muy habituales en todas las parroquias. Son una pr\u00e1ctica de piedad que gira en torno a la adoraci\u00f3n al Sant\u00edsimo y se vincula al Jueves Santo d\u00eda de la Instituci\u00f3n de la Eucarist\u00eda. La Eucarist\u00eda fuera de la misa surgi\u00f3 poco a poco como devoci\u00f3n propia a partir del siglo IX, &hellip; <\/p>\n<p class=\"link-more\"><a href=\"https:\/\/parroquiadealpedrete.archimadrid.es\/?page_id=1513\" class=\"more-link\">Leer m\u00e1s<span class=\"screen-reader-text\"> \u00abExposici\u00f3n del Sant\u00edsimo\u00bb<\/span><\/a><\/p>\n","protected":false},"author":1,"featured_media":0,"parent":0,"menu_order":0,"comment_status":"closed","ping_status":"closed","template":"","meta":{"editor_plus_copied_stylings":"{}","footnotes":""},"class_list":["post-1513","page","type-page","status-publish","hentry"],"yoast_head":"<!-- This site is optimized with the Yoast SEO plugin v26.3 - https:\/\/yoast.com\/wordpress\/plugins\/seo\/ -->\n<title>Exposici\u00f3n del Sant\u00edsimo - ASUNCI\u00d3N DE NUESTRA SE\u00d1ORA ALPEDRETE<\/title>\n<meta name=\"robots\" content=\"index, follow, max-snippet:-1, max-image-preview:large, max-video-preview:-1\" \/>\n<link rel=\"canonical\" href=\"https:\/\/parroquiadealpedrete.archimadrid.es\/?page_id=1513\" \/>\n<meta property=\"og:locale\" content=\"es_ES\" \/>\n<meta property=\"og:type\" content=\"article\" \/>\n<meta property=\"og:title\" content=\"Exposici\u00f3n del Sant\u00edsimo - ASUNCI\u00d3N DE NUESTRA SE\u00d1ORA ALPEDRETE\" \/>\n<meta property=\"og:description\" content=\"Los jueves eucar\u00edsticos son muy habituales en todas las parroquias. Son una pr\u00e1ctica de piedad que gira en torno a la adoraci\u00f3n al Sant\u00edsimo y se vincula al Jueves Santo d\u00eda de la Instituci\u00f3n de la Eucarist\u00eda. La Eucarist\u00eda fuera de la misa surgi\u00f3 poco a poco como devoci\u00f3n propia a partir del siglo IX, &hellip; Leer m\u00e1s \u00abExposici\u00f3n del Sant\u00edsimo\u00bb\" \/>\n<meta property=\"og:url\" content=\"https:\/\/parroquiadealpedrete.archimadrid.es\/?page_id=1513\" \/>\n<meta property=\"og:site_name\" content=\"ASUNCI\u00d3N DE NUESTRA SE\u00d1ORA ALPEDRETE\" \/>\n<meta property=\"article:modified_time\" content=\"2022-02-07T18:55:19+00:00\" \/>\n<meta property=\"og:image\" content=\"https:\/\/parroquiadealpedrete.archimadrid.es\/wp-content\/uploads\/2021\/12\/Grupo_Adoraci\u00f3nSant\u00edsimo.webp\" \/>\n<meta name=\"twitter:card\" content=\"summary_large_image\" \/>\n<meta name=\"twitter:label1\" content=\"Tiempo de lectura\" \/>\n\t<meta name=\"twitter:data1\" content=\"1 minuto\" \/>\n<script type=\"application\/ld+json\" class=\"yoast-schema-graph\">{\"@context\":\"https:\/\/schema.org\",\"@graph\":[{\"@type\":\"WebPage\",\"@id\":\"https:\/\/parroquiadealpedrete.archimadrid.es\/?page_id=1513\",\"url\":\"https:\/\/parroquiadealpedrete.archimadrid.es\/?page_id=1513\",\"name\":\"Exposici\u00f3n del Sant\u00edsimo - ASUNCI\u00d3N DE NUESTRA SE\u00d1ORA ALPEDRETE\",\"isPartOf\":{\"@id\":\"https:\/\/parroquiadealpedrete.archimadrid.es\/#website\"},\"datePublished\":\"2021-11-26T18:36:02+00:00\",\"dateModified\":\"2022-02-07T18:55:19+00:00\",\"breadcrumb\":{\"@id\":\"https:\/\/parroquiadealpedrete.archimadrid.es\/?page_id=1513#breadcrumb\"},\"inLanguage\":\"es\",\"potentialAction\":[{\"@type\":\"ReadAction\",\"target\":[\"https:\/\/parroquiadealpedrete.archimadrid.es\/?page_id=1513\"]}]},{\"@type\":\"BreadcrumbList\",\"@id\":\"https:\/\/parroquiadealpedrete.archimadrid.es\/?page_id=1513#breadcrumb\",\"itemListElement\":[{\"@type\":\"ListItem\",\"position\":1,\"name\":\"Portada\",\"item\":\"https:\/\/parroquiadealpedrete.archimadrid.es\/\"},{\"@type\":\"ListItem\",\"position\":2,\"name\":\"Exposici\u00f3n del Sant\u00edsimo\"}]},{\"@type\":\"WebSite\",\"@id\":\"https:\/\/parroquiadealpedrete.archimadrid.es\/#website\",\"url\":\"https:\/\/parroquiadealpedrete.archimadrid.es\/\",\"name\":\"ASUNCI\u00d3N DE NUESTRA SE\u00d1ORA ALPEDRETE\",\"description\":\"Parroquia de Alpedrete\",\"publisher\":{\"@id\":\"https:\/\/parroquiadealpedrete.archimadrid.es\/#organization\"},\"potentialAction\":[{\"@type\":\"SearchAction\",\"target\":{\"@type\":\"EntryPoint\",\"urlTemplate\":\"https:\/\/parroquiadealpedrete.archimadrid.es\/?s={search_term_string}\"},\"query-input\":{\"@type\":\"PropertyValueSpecification\",\"valueRequired\":true,\"valueName\":\"search_term_string\"}}],\"inLanguage\":\"es\"},{\"@type\":\"Organization\",\"@id\":\"https:\/\/parroquiadealpedrete.archimadrid.es\/#organization\",\"name\":\"Asunci\u00f3n de nuestra Se\u00f1ora de Alpedrete\",\"url\":\"https:\/\/parroquiadealpedrete.archimadrid.es\/\",\"logo\":{\"@type\":\"ImageObject\",\"inLanguage\":\"es\",\"@id\":\"https:\/\/parroquiadealpedrete.archimadrid.es\/#\/schema\/logo\/image\/\",\"url\":\"https:\/\/parroquiadealpedrete.archimadrid.es\/wp-content\/uploads\/2022\/02\/Logo-con-fondo--scaled-e1645483003367.jpg\",\"contentUrl\":\"https:\/\/parroquiadealpedrete.archimadrid.es\/wp-content\/uploads\/2022\/02\/Logo-con-fondo--scaled-e1645483003367.jpg\",\"width\":1689,\"height\":1689,\"caption\":\"Asunci\u00f3n de nuestra Se\u00f1ora de Alpedrete\"},\"image\":{\"@id\":\"https:\/\/parroquiadealpedrete.archimadrid.es\/#\/schema\/logo\/image\/\"}}]}<\/script>\n<!-- \/ Yoast SEO plugin. -->","yoast_head_json":{"title":"Exposici\u00f3n del Sant\u00edsimo - ASUNCI\u00d3N DE NUESTRA SE\u00d1ORA ALPEDRETE","robots":{"index":"index","follow":"follow","max-snippet":"max-snippet:-1","max-image-preview":"max-image-preview:large","max-video-preview":"max-video-preview:-1"},"canonical":"https:\/\/parroquiadealpedrete.archimadrid.es\/?page_id=1513","og_locale":"es_ES","og_type":"article","og_title":"Exposici\u00f3n del Sant\u00edsimo - ASUNCI\u00d3N DE NUESTRA SE\u00d1ORA ALPEDRETE","og_description":"Los jueves eucar\u00edsticos son muy habituales en todas las parroquias. Son una pr\u00e1ctica de piedad que gira en torno a la adoraci\u00f3n al Sant\u00edsimo y se vincula al Jueves Santo d\u00eda de la Instituci\u00f3n de la Eucarist\u00eda. La Eucarist\u00eda fuera de la misa surgi\u00f3 poco a poco como devoci\u00f3n propia a partir del siglo IX, &hellip; Leer m\u00e1s \u00abExposici\u00f3n del Sant\u00edsimo\u00bb","og_url":"https:\/\/parroquiadealpedrete.archimadrid.es\/?page_id=1513","og_site_name":"ASUNCI\u00d3N DE NUESTRA SE\u00d1ORA ALPEDRETE","article_modified_time":"2022-02-07T18:55:19+00:00","og_image":[{"url":"https:\/\/parroquiadealpedrete.archimadrid.es\/wp-content\/uploads\/2021\/12\/Grupo_Adoraci\u00f3nSant\u00edsimo.webp","type":"","width":"","height":""}],"twitter_card":"summary_large_image","twitter_misc":{"Tiempo de lectura":"1 minuto"},"schema":{"@context":"https:\/\/schema.org","@graph":[{"@type":"WebPage","@id":"https:\/\/parroquiadealpedrete.archimadrid.es\/?page_id=1513","url":"https:\/\/parroquiadealpedrete.archimadrid.es\/?page_id=1513","name":"Exposici\u00f3n del Sant\u00edsimo - ASUNCI\u00d3N DE NUESTRA SE\u00d1ORA ALPEDRETE","isPartOf":{"@id":"https:\/\/parroquiadealpedrete.archimadrid.es\/#website"},"datePublished":"2021-11-26T18:36:02+00:00","dateModified":"2022-02-07T18:55:19+00:00","breadcrumb":{"@id":"https:\/\/parroquiadealpedrete.archimadrid.es\/?page_id=1513#breadcrumb"},"inLanguage":"es","potentialAction":[{"@type":"ReadAction","target":["https:\/\/parroquiadealpedrete.archimadrid.es\/?page_id=1513"]}]},{"@type":"BreadcrumbList","@id":"https:\/\/parroquiadealpedrete.archimadrid.es\/?page_id=1513#breadcrumb","itemListElement":[{"@type":"ListItem","position":1,"name":"Portada","item":"https:\/\/parroquiadealpedrete.archimadrid.es\/"},{"@type":"ListItem","position":2,"name":"Exposici\u00f3n del Sant\u00edsimo"}]},{"@type":"WebSite","@id":"https:\/\/parroquiadealpedrete.archimadrid.es\/#website","url":"https:\/\/parroquiadealpedrete.archimadrid.es\/","name":"ASUNCI\u00d3N DE NUESTRA SE\u00d1ORA ALPEDRETE","description":"Parroquia de Alpedrete","publisher":{"@id":"https:\/\/parroquiadealpedrete.archimadrid.es\/#organization"},"potentialAction":[{"@type":"SearchAction","target":{"@type":"EntryPoint","urlTemplate":"https:\/\/parroquiadealpedrete.archimadrid.es\/?s={search_term_string}"},"query-input":{"@type":"PropertyValueSpecification","valueRequired":true,"valueName":"search_term_string"}}],"inLanguage":"es"},{"@type":"Organization","@id":"https:\/\/parroquiadealpedrete.archimadrid.es\/#organization","name":"Asunci\u00f3n de nuestra Se\u00f1ora de Alpedrete","url":"https:\/\/parroquiadealpedrete.archimadrid.es\/","logo":{"@type":"ImageObject","inLanguage":"es","@id":"https:\/\/parroquiadealpedrete.archimadrid.es\/#\/schema\/logo\/image\/","url":"https:\/\/parroquiadealpedrete.archimadrid.es\/wp-content\/uploads\/2022\/02\/Logo-con-fondo--scaled-e1645483003367.jpg","contentUrl":"https:\/\/parroquiadealpedrete.archimadrid.es\/wp-content\/uploads\/2022\/02\/Logo-con-fondo--scaled-e1645483003367.jpg","width":1689,"height":1689,"caption":"Asunci\u00f3n de nuestra Se\u00f1ora de Alpedrete"},"image":{"@id":"https:\/\/parroquiadealpedrete.archimadrid.es\/#\/schema\/logo\/image\/"}}]}},"_links":{"self":[{"href":"https:\/\/parroquiadealpedrete.archimadrid.es\/index.php?rest_route=\/wp\/v2\/pages\/1513","targetHints":{"allow":["GET"]}}],"collection":[{"href":"https:\/\/parroquiadealpedrete.archimadrid.es\/index.php?rest_route=\/wp\/v2\/pages"}],"about":[{"href":"https:\/\/parroquiadealpedrete.archimadrid.es\/index.php?rest_route=\/wp\/v2\/types\/page"}],"author":[{"embeddable":true,"href":"https:\/\/parroquiadealpedrete.archimadrid.es\/index.php?rest_route=\/wp\/v2\/users\/1"}],"replies":[{"embeddable":true,"href":"https:\/\/parroquiadealpedrete.archimadrid.es\/index.php?rest_route=%2Fwp%2Fv2%2Fcomments&post=1513"}],"version-history":[{"count":9,"href":"https:\/\/parroquiadealpedrete.archimadrid.es\/index.php?rest_route=\/wp\/v2\/pages\/1513\/revisions"}],"predecessor-version":[{"id":2665,"href":"https:\/\/parroquiadealpedrete.archimadrid.es\/index.php?rest_route=\/wp\/v2\/pages\/1513\/revisions\/2665"}],"wp:attachment":[{"href":"https:\/\/parroquiadealpedrete.archimadrid.es\/index.php?rest_route=%2Fwp%2Fv2%2Fmedia&parent=1513"}],"curies":[{"name":"wp","href":"https:\/\/api.w.org\/{rel}","templated":true}]}}