{"id":1527,"date":"2021-11-26T18:42:24","date_gmt":"2021-11-26T18:42:24","guid":{"rendered":"https:\/\/parroquiadealpedrete.archimadrid.es\/?page_id=1527"},"modified":"2022-02-07T18:58:18","modified_gmt":"2022-02-07T18:58:18","slug":"santisimo-sacramento-y-santo-cristo","status":"publish","type":"page","link":"https:\/\/parroquiadealpedrete.archimadrid.es\/?page_id=1527","title":{"rendered":"Sant\u00edsimo Sacramento y Santo Cristo"},"content":{"rendered":"<p class=\"fonts-plugin-block \" style=\"font-family: Oswald;font-weight: 500;font-size: 35px;text-align: center\"><strong>HERMANDAD DEL SANT\u00cdSIMO SACRAMENTO Y SANTO CRISTO<\/strong><\/p>\n\n<p class=\"fonts-plugin-block \"><br><\/p>\n\n<p style=\"text-align: center;\"><a href=\"https:\/\/parroquiadealpedrete.archimadrid.es\/wp-content\/uploads\/2021\/12\/Hermandad_Santisimo_Sacramento1.webp\"><img loading=\"lazy\" decoding=\"async\" class=\"alignnone size-full wp-image-2189\" src=\"https:\/\/parroquiadealpedrete.archimadrid.es\/wp-content\/uploads\/2021\/12\/Hermandad_Santisimo_Sacramento1.webp\" alt=\"\" width=\"823\" height=\"614\" srcset=\"https:\/\/parroquiadealpedrete.archimadrid.es\/wp-content\/uploads\/2021\/12\/Hermandad_Santisimo_Sacramento1.webp 823w, https:\/\/parroquiadealpedrete.archimadrid.es\/wp-content\/uploads\/2021\/12\/Hermandad_Santisimo_Sacramento1-300x224.webp 300w, https:\/\/parroquiadealpedrete.archimadrid.es\/wp-content\/uploads\/2021\/12\/Hermandad_Santisimo_Sacramento1-768x573.webp 768w\" sizes=\"auto, (max-width: 823px) 100vw, 823px\" \/><\/a><\/p>\n<p style=\"text-align: justify;\">La Hermandad del Sant\u00edsimo Sacramento y Santo Cristo data sus or\u00edgenes en nuestra parroquia en el a\u00f1o 1686. Pocos datos m\u00e1s llegan a nuestros d\u00edas, salvo los que se documentan en los antiguos <em>Estatutos de 20 de febrero de 1960, <\/em>modificados por los&nbsp; vigentes <em>Estatutos de 22 de noviembre de 2001<\/em>.<br data-rich-text-line-break=\"true\">La tradici\u00f3n de las \u00c1nimas proviene de tiempos remotos.<br data-rich-text-line-break=\"true\">Las hermandades o cofrad\u00edas relacionadas con las almas del purgatorio estaban presentes pr\u00e1cticamente en la totalidad de las parroquias,&nbsp; cumpliendo funciones sociales y religiosas en pro de los habitantes del lugar sin distinci\u00f3n de clases sociales, siendo \u00e9ste uno de los fines en origen de la Hermandad.<br data-rich-text-line-break=\"true\">La primera finalidad, recogida en los actuales estatutos, es la de \u201c<em>tributar culto de Adoraci\u00f3n y de Amor a Nuestro Se\u00f1or Jesucristo, Dios y hombre, presente en la Eucarist\u00eda y muerto en la Cruz por la redenci\u00f3n del mundo\u201d<\/em> y asimismo \u201c<em>que los hermanos&nbsp; encuentren en la Hermandad una ayuda para vivir m\u00e1s intensamente su vida cristiana,&nbsp; participar en obras de caridad de la Iglesia y&nbsp; potenciar las festividades del Jueves Santo, Viernes <\/em>Santo <em>y Corpus Christi\u201d<\/em>.<br data-rich-text-line-break=\"true\">Entre las colaboraciones con la parroquia m\u00e1s actuales se encuentran, la organizaci\u00f3n de la Adoraci\u00f3n del Sant\u00edsimo de los jueves y la organizaci\u00f3n de la festividad de la Exaltaci\u00f3n de la Santa Cruz el 14 de septiembre.<\/p>\n<p style=\"text-align: center;\"><a href=\"https:\/\/parroquiadealpedrete.archimadrid.es\/wp-content\/uploads\/2021\/12\/Hermandad_Santisimo_Sacramento2.webp\"><img loading=\"lazy\" decoding=\"async\" class=\"alignnone size-full wp-image-2190\" src=\"https:\/\/parroquiadealpedrete.archimadrid.es\/wp-content\/uploads\/2021\/12\/Hermandad_Santisimo_Sacramento2.webp\" alt=\"\" width=\"386\" height=\"562\" srcset=\"https:\/\/parroquiadealpedrete.archimadrid.es\/wp-content\/uploads\/2021\/12\/Hermandad_Santisimo_Sacramento2.webp 386w, https:\/\/parroquiadealpedrete.archimadrid.es\/wp-content\/uploads\/2021\/12\/Hermandad_Santisimo_Sacramento2-206x300.webp 206w\" sizes=\"auto, (max-width: 386px) 100vw, 386px\" \/><\/a><\/p>\n\n<p class=\"fonts-plugin-block \">Email <a href=\"mailto:hermandadsantisimo3@gmail.com\">hermandadsantisimo33@gmail.com<\/a><\/p>\n\n\n<ul class=\"has-cyan-bluish-gray-color has-text-color wp-block-list\"><li>La Hermandad del Sant\u00edsimo Sacramento y Santo Cristo es una asociaci\u00f3n cat\u00f3lica de \u00e1mbito parroquial, a tal efecto, se encuentra bajo la vigilancia del p\u00e1rroco y la autoridad del Ordinario de la archidi\u00f3cesis de Madrid.<\/li><\/ul>\n","protected":false},"excerpt":{"rendered":"<p>La Hermandad del Sant\u00edsimo Sacramento y Santo Cristo data sus or\u00edgenes en nuestra parroquia en el a\u00f1o 1686. Pocos datos m\u00e1s llegan a nuestros d\u00edas, salvo los que se documentan en los antiguos Estatutos de 20 de febrero de 1960, modificados por los&nbsp; vigentes Estatutos de 22 de noviembre de 2001.La tradici\u00f3n de las \u00c1nimas &hellip; <\/p>\n<p class=\"link-more\"><a href=\"https:\/\/parroquiadealpedrete.archimadrid.es\/?page_id=1527\" class=\"more-link\">Leer m\u00e1s<span class=\"screen-reader-text\"> \u00abSant\u00edsimo Sacramento y Santo Cristo\u00bb<\/span><\/a><\/p>\n","protected":false},"author":1,"featured_media":0,"parent":0,"menu_order":0,"comment_status":"closed","ping_status":"closed","template":"","meta":{"editor_plus_copied_stylings":"{}","footnotes":""},"class_list":["post-1527","page","type-page","status-publish","hentry"],"yoast_head":"<!-- This site is optimized with the Yoast SEO plugin v26.3 - https:\/\/yoast.com\/wordpress\/plugins\/seo\/ -->\n<title>Sant\u00edsimo Sacramento y Santo Cristo - ASUNCI\u00d3N DE NUESTRA SE\u00d1ORA ALPEDRETE<\/title>\n<meta name=\"robots\" content=\"index, follow, max-snippet:-1, max-image-preview:large, max-video-preview:-1\" \/>\n<link rel=\"canonical\" href=\"https:\/\/parroquiadealpedrete.archimadrid.es\/?page_id=1527\" \/>\n<meta property=\"og:locale\" content=\"es_ES\" \/>\n<meta property=\"og:type\" content=\"article\" \/>\n<meta property=\"og:title\" content=\"Sant\u00edsimo Sacramento y Santo Cristo - ASUNCI\u00d3N DE NUESTRA SE\u00d1ORA ALPEDRETE\" \/>\n<meta property=\"og:description\" content=\"La Hermandad del Sant\u00edsimo Sacramento y Santo Cristo data sus or\u00edgenes en nuestra parroquia en el a\u00f1o 1686. Pocos datos m\u00e1s llegan a nuestros d\u00edas, salvo los que se documentan en los antiguos Estatutos de 20 de febrero de 1960, modificados por los&nbsp; vigentes Estatutos de 22 de noviembre de 2001.La tradici\u00f3n de las \u00c1nimas &hellip; Leer m\u00e1s \u00abSant\u00edsimo Sacramento y Santo Cristo\u00bb\" \/>\n<meta property=\"og:url\" content=\"https:\/\/parroquiadealpedrete.archimadrid.es\/?page_id=1527\" \/>\n<meta property=\"og:site_name\" content=\"ASUNCI\u00d3N DE NUESTRA SE\u00d1ORA ALPEDRETE\" \/>\n<meta property=\"article:modified_time\" content=\"2022-02-07T18:58:18+00:00\" \/>\n<meta property=\"og:image\" content=\"https:\/\/parroquiadealpedrete.archimadrid.es\/wp-content\/uploads\/2021\/12\/Hermandad_Santisimo_Sacramento1.webp\" \/>\n<meta name=\"twitter:card\" content=\"summary_large_image\" \/>\n<meta name=\"twitter:label1\" content=\"Tiempo de lectura\" \/>\n\t<meta name=\"twitter:data1\" content=\"1 minuto\" \/>\n<script type=\"application\/ld+json\" class=\"yoast-schema-graph\">{\"@context\":\"https:\/\/schema.org\",\"@graph\":[{\"@type\":\"WebPage\",\"@id\":\"https:\/\/parroquiadealpedrete.archimadrid.es\/?page_id=1527\",\"url\":\"https:\/\/parroquiadealpedrete.archimadrid.es\/?page_id=1527\",\"name\":\"Sant\u00edsimo Sacramento y Santo Cristo - ASUNCI\u00d3N DE NUESTRA SE\u00d1ORA ALPEDRETE\",\"isPartOf\":{\"@id\":\"https:\/\/parroquiadealpedrete.archimadrid.es\/#website\"},\"primaryImageOfPage\":{\"@id\":\"https:\/\/parroquiadealpedrete.archimadrid.es\/?page_id=1527#primaryimage\"},\"image\":{\"@id\":\"https:\/\/parroquiadealpedrete.archimadrid.es\/?page_id=1527#primaryimage\"},\"thumbnailUrl\":\"https:\/\/parroquiadealpedrete.archimadrid.es\/wp-content\/uploads\/2021\/12\/Hermandad_Santisimo_Sacramento1.webp\",\"datePublished\":\"2021-11-26T18:42:24+00:00\",\"dateModified\":\"2022-02-07T18:58:18+00:00\",\"breadcrumb\":{\"@id\":\"https:\/\/parroquiadealpedrete.archimadrid.es\/?page_id=1527#breadcrumb\"},\"inLanguage\":\"es\",\"potentialAction\":[{\"@type\":\"ReadAction\",\"target\":[\"https:\/\/parroquiadealpedrete.archimadrid.es\/?page_id=1527\"]}]},{\"@type\":\"ImageObject\",\"inLanguage\":\"es\",\"@id\":\"https:\/\/parroquiadealpedrete.archimadrid.es\/?page_id=1527#primaryimage\",\"url\":\"https:\/\/parroquiadealpedrete.archimadrid.es\/wp-content\/uploads\/2021\/12\/Hermandad_Santisimo_Sacramento1.webp\",\"contentUrl\":\"https:\/\/parroquiadealpedrete.archimadrid.es\/wp-content\/uploads\/2021\/12\/Hermandad_Santisimo_Sacramento1.webp\",\"width\":823,\"height\":614},{\"@type\":\"BreadcrumbList\",\"@id\":\"https:\/\/parroquiadealpedrete.archimadrid.es\/?page_id=1527#breadcrumb\",\"itemListElement\":[{\"@type\":\"ListItem\",\"position\":1,\"name\":\"Portada\",\"item\":\"https:\/\/parroquiadealpedrete.archimadrid.es\/\"},{\"@type\":\"ListItem\",\"position\":2,\"name\":\"Sant\u00edsimo Sacramento y Santo Cristo\"}]},{\"@type\":\"WebSite\",\"@id\":\"https:\/\/parroquiadealpedrete.archimadrid.es\/#website\",\"url\":\"https:\/\/parroquiadealpedrete.archimadrid.es\/\",\"name\":\"ASUNCI\u00d3N DE NUESTRA SE\u00d1ORA ALPEDRETE\",\"description\":\"Parroquia de Alpedrete\",\"publisher\":{\"@id\":\"https:\/\/parroquiadealpedrete.archimadrid.es\/#organization\"},\"potentialAction\":[{\"@type\":\"SearchAction\",\"target\":{\"@type\":\"EntryPoint\",\"urlTemplate\":\"https:\/\/parroquiadealpedrete.archimadrid.es\/?s={search_term_string}\"},\"query-input\":{\"@type\":\"PropertyValueSpecification\",\"valueRequired\":true,\"valueName\":\"search_term_string\"}}],\"inLanguage\":\"es\"},{\"@type\":\"Organization\",\"@id\":\"https:\/\/parroquiadealpedrete.archimadrid.es\/#organization\",\"name\":\"Asunci\u00f3n de nuestra Se\u00f1ora de Alpedrete\",\"url\":\"https:\/\/parroquiadealpedrete.archimadrid.es\/\",\"logo\":{\"@type\":\"ImageObject\",\"inLanguage\":\"es\",\"@id\":\"https:\/\/parroquiadealpedrete.archimadrid.es\/#\/schema\/logo\/image\/\",\"url\":\"https:\/\/parroquiadealpedrete.archimadrid.es\/wp-content\/uploads\/2022\/02\/Logo-con-fondo--scaled-e1645483003367.jpg\",\"contentUrl\":\"https:\/\/parroquiadealpedrete.archimadrid.es\/wp-content\/uploads\/2022\/02\/Logo-con-fondo--scaled-e1645483003367.jpg\",\"width\":1689,\"height\":1689,\"caption\":\"Asunci\u00f3n de nuestra Se\u00f1ora de Alpedrete\"},\"image\":{\"@id\":\"https:\/\/parroquiadealpedrete.archimadrid.es\/#\/schema\/logo\/image\/\"}}]}<\/script>\n<!-- \/ Yoast SEO plugin. -->","yoast_head_json":{"title":"Sant\u00edsimo Sacramento y Santo Cristo - ASUNCI\u00d3N DE NUESTRA SE\u00d1ORA ALPEDRETE","robots":{"index":"index","follow":"follow","max-snippet":"max-snippet:-1","max-image-preview":"max-image-preview:large","max-video-preview":"max-video-preview:-1"},"canonical":"https:\/\/parroquiadealpedrete.archimadrid.es\/?page_id=1527","og_locale":"es_ES","og_type":"article","og_title":"Sant\u00edsimo Sacramento y Santo Cristo - ASUNCI\u00d3N DE NUESTRA SE\u00d1ORA ALPEDRETE","og_description":"La Hermandad del Sant\u00edsimo Sacramento y Santo Cristo data sus or\u00edgenes en nuestra parroquia en el a\u00f1o 1686. Pocos datos m\u00e1s llegan a nuestros d\u00edas, salvo los que se documentan en los antiguos Estatutos de 20 de febrero de 1960, modificados por los&nbsp; vigentes Estatutos de 22 de noviembre de 2001.La tradici\u00f3n de las \u00c1nimas &hellip; Leer m\u00e1s \u00abSant\u00edsimo Sacramento y Santo Cristo\u00bb","og_url":"https:\/\/parroquiadealpedrete.archimadrid.es\/?page_id=1527","og_site_name":"ASUNCI\u00d3N DE NUESTRA SE\u00d1ORA ALPEDRETE","article_modified_time":"2022-02-07T18:58:18+00:00","og_image":[{"url":"https:\/\/parroquiadealpedrete.archimadrid.es\/wp-content\/uploads\/2021\/12\/Hermandad_Santisimo_Sacramento1.webp","type":"","width":"","height":""}],"twitter_card":"summary_large_image","twitter_misc":{"Tiempo de lectura":"1 minuto"},"schema":{"@context":"https:\/\/schema.org","@graph":[{"@type":"WebPage","@id":"https:\/\/parroquiadealpedrete.archimadrid.es\/?page_id=1527","url":"https:\/\/parroquiadealpedrete.archimadrid.es\/?page_id=1527","name":"Sant\u00edsimo Sacramento y Santo Cristo - ASUNCI\u00d3N DE NUESTRA SE\u00d1ORA ALPEDRETE","isPartOf":{"@id":"https:\/\/parroquiadealpedrete.archimadrid.es\/#website"},"primaryImageOfPage":{"@id":"https:\/\/parroquiadealpedrete.archimadrid.es\/?page_id=1527#primaryimage"},"image":{"@id":"https:\/\/parroquiadealpedrete.archimadrid.es\/?page_id=1527#primaryimage"},"thumbnailUrl":"https:\/\/parroquiadealpedrete.archimadrid.es\/wp-content\/uploads\/2021\/12\/Hermandad_Santisimo_Sacramento1.webp","datePublished":"2021-11-26T18:42:24+00:00","dateModified":"2022-02-07T18:58:18+00:00","breadcrumb":{"@id":"https:\/\/parroquiadealpedrete.archimadrid.es\/?page_id=1527#breadcrumb"},"inLanguage":"es","potentialAction":[{"@type":"ReadAction","target":["https:\/\/parroquiadealpedrete.archimadrid.es\/?page_id=1527"]}]},{"@type":"ImageObject","inLanguage":"es","@id":"https:\/\/parroquiadealpedrete.archimadrid.es\/?page_id=1527#primaryimage","url":"https:\/\/parroquiadealpedrete.archimadrid.es\/wp-content\/uploads\/2021\/12\/Hermandad_Santisimo_Sacramento1.webp","contentUrl":"https:\/\/parroquiadealpedrete.archimadrid.es\/wp-content\/uploads\/2021\/12\/Hermandad_Santisimo_Sacramento1.webp","width":823,"height":614},{"@type":"BreadcrumbList","@id":"https:\/\/parroquiadealpedrete.archimadrid.es\/?page_id=1527#breadcrumb","itemListElement":[{"@type":"ListItem","position":1,"name":"Portada","item":"https:\/\/parroquiadealpedrete.archimadrid.es\/"},{"@type":"ListItem","position":2,"name":"Sant\u00edsimo Sacramento y Santo Cristo"}]},{"@type":"WebSite","@id":"https:\/\/parroquiadealpedrete.archimadrid.es\/#website","url":"https:\/\/parroquiadealpedrete.archimadrid.es\/","name":"ASUNCI\u00d3N DE NUESTRA SE\u00d1ORA ALPEDRETE","description":"Parroquia de Alpedrete","publisher":{"@id":"https:\/\/parroquiadealpedrete.archimadrid.es\/#organization"},"potentialAction":[{"@type":"SearchAction","target":{"@type":"EntryPoint","urlTemplate":"https:\/\/parroquiadealpedrete.archimadrid.es\/?s={search_term_string}"},"query-input":{"@type":"PropertyValueSpecification","valueRequired":true,"valueName":"search_term_string"}}],"inLanguage":"es"},{"@type":"Organization","@id":"https:\/\/parroquiadealpedrete.archimadrid.es\/#organization","name":"Asunci\u00f3n de nuestra Se\u00f1ora de Alpedrete","url":"https:\/\/parroquiadealpedrete.archimadrid.es\/","logo":{"@type":"ImageObject","inLanguage":"es","@id":"https:\/\/parroquiadealpedrete.archimadrid.es\/#\/schema\/logo\/image\/","url":"https:\/\/parroquiadealpedrete.archimadrid.es\/wp-content\/uploads\/2022\/02\/Logo-con-fondo--scaled-e1645483003367.jpg","contentUrl":"https:\/\/parroquiadealpedrete.archimadrid.es\/wp-content\/uploads\/2022\/02\/Logo-con-fondo--scaled-e1645483003367.jpg","width":1689,"height":1689,"caption":"Asunci\u00f3n de nuestra Se\u00f1ora de Alpedrete"},"image":{"@id":"https:\/\/parroquiadealpedrete.archimadrid.es\/#\/schema\/logo\/image\/"}}]}},"_links":{"self":[{"href":"https:\/\/parroquiadealpedrete.archimadrid.es\/index.php?rest_route=\/wp\/v2\/pages\/1527","targetHints":{"allow":["GET"]}}],"collection":[{"href":"https:\/\/parroquiadealpedrete.archimadrid.es\/index.php?rest_route=\/wp\/v2\/pages"}],"about":[{"href":"https:\/\/parroquiadealpedrete.archimadrid.es\/index.php?rest_route=\/wp\/v2\/types\/page"}],"author":[{"embeddable":true,"href":"https:\/\/parroquiadealpedrete.archimadrid.es\/index.php?rest_route=\/wp\/v2\/users\/1"}],"replies":[{"embeddable":true,"href":"https:\/\/parroquiadealpedrete.archimadrid.es\/index.php?rest_route=%2Fwp%2Fv2%2Fcomments&post=1527"}],"version-history":[{"count":7,"href":"https:\/\/parroquiadealpedrete.archimadrid.es\/index.php?rest_route=\/wp\/v2\/pages\/1527\/revisions"}],"predecessor-version":[{"id":2669,"href":"https:\/\/parroquiadealpedrete.archimadrid.es\/index.php?rest_route=\/wp\/v2\/pages\/1527\/revisions\/2669"}],"wp:attachment":[{"href":"https:\/\/parroquiadealpedrete.archimadrid.es\/index.php?rest_route=%2Fwp%2Fv2%2Fmedia&parent=1527"}],"curies":[{"name":"wp","href":"https:\/\/api.w.org\/{rel}","templated":true}]}}