{"id":1529,"date":"2021-11-26T18:42:59","date_gmt":"2021-11-26T18:42:59","guid":{"rendered":"https:\/\/parroquiadealpedrete.archimadrid.es\/?page_id=1529"},"modified":"2022-02-15T19:42:04","modified_gmt":"2022-02-15T19:42:04","slug":"santa-quiteria","status":"publish","type":"page","link":"https:\/\/parroquiadealpedrete.archimadrid.es\/?page_id=1529","title":{"rendered":"Santa Quiteria"},"content":{"rendered":"<p class=\"fonts-plugin-block \" style=\"font-family: Oswald;font-weight: 500;font-size: 35px;text-align: center\"><strong>HERMANDAD DE SANTA QUITERIA<\/strong><\/p>\n\n<p><img loading=\"lazy\" decoding=\"async\" class=\"size-medium aligncenter\" src=\"https:\/\/parroquiadealpedrete.archimadrid.es\/wp-content\/uploads\/2021\/12\/Grupo-Hermandad-Sta.Quiteria.webp\" width=\"5941\" height=\"3953\" \/><\/p>\n<p style=\"text-align: justify;\"><span style=\"font-weight: 400;\">La Hermandad de Santa Quiteria nace alrededor de los a\u00f1os 60 como una hermandad de mujeres, en su origen viudas.\u00a0<\/span><\/p>\n<p style=\"text-align: justify;\"><span style=\"font-weight: 400;\">Desde 1992 pueden pertenecer a ella mayordomas tanto solteras como casadas y en a\u00f1os siguientes se permiti\u00f3 la entrada a los hombres. Los hermanos son conocidos como \u201cquiterios\u201d y \u201cquiterias\u201d, una denominaci\u00f3n que permite gozar de la gran devoci\u00f3n existente a esta santa.<\/span><\/p>\n<p style=\"text-align: justify;\"><span style=\"font-weight: 400;\">La finalidad de la hermandad\u00a0 es la de honrar a\u00a0 santa Quiteria y practicar la caridad con los necesitados. Organiza la fiesta patronal el d\u00eda 22 de mayo en colaboraci\u00f3n con la parroquia y el Ayuntamiento. Las mayordomas<\/span> <span style=\"font-weight: 400;\">y los<\/span> <span style=\"font-weight: 400;\">mayordomos<\/span> <span style=\"font-weight: 400;\">son elegidos el \u00faltimo d\u00eda de la fiesta, tras la vuelta de la santa en procesi\u00f3n a su peque\u00f1a ermita, donde descansa el resto del a\u00f1o.\u00a0<\/span><\/p>\n<p style=\"text-align: justify;\"><span style=\"font-weight: 400;\">Entre otras funciones de la hermandad, se encuentra el mantenimiento, limpieza y la apertura de la ermita todos los primeros domingos de mes.<\/span><\/p>\n<p style=\"text-align: center;\"><img loading=\"lazy\" decoding=\"async\" class=\"alignnone size-medium wp-image-2821\" src=\"https:\/\/parroquiadealpedrete.archimadrid.es\/wp-content\/uploads\/2022\/02\/Hermandad_Santa_Quiteria2-224x300.jpg\" alt=\"\" width=\"224\" height=\"300\" srcset=\"https:\/\/parroquiadealpedrete.archimadrid.es\/wp-content\/uploads\/2022\/02\/Hermandad_Santa_Quiteria2-224x300.jpg 224w, https:\/\/parroquiadealpedrete.archimadrid.es\/wp-content\/uploads\/2022\/02\/Hermandad_Santa_Quiteria2.jpg 373w\" sizes=\"auto, (max-width: 224px) 100vw, 224px\" \/><\/p>\n<p style=\"text-align: justify;\"><strong>Unos apuntes hist\u00f3ricos&#8230;<\/strong><\/p>\n<p style=\"text-align: justify;\"><span style=\"font-weight: 400;\">Esta devoci\u00f3n a Santa Quiteria tiene su origen en \u00e9poca tardoantigua, nacida en la provincia romana de Lusitania, lo que corresponde con nuestro actual vecino Portugal.<\/span><\/p>\n<p style=\"text-align: justify;\"><span style=\"font-weight: 400;\">La vida de la santa se enmarca durante el siglo II d. C. Quiteria fue hija de un gobernador romano que practicaba el paganismo; fue su madre quien la dio en adopci\u00f3n junto a sus ocho hermanas para evitar cuestionar su honestidad. Esta adopci\u00f3n supuso su acercamiento a Dios, una fe cristiana que se afianz\u00f3 con apariciones posteriores.\u00a0<\/span><\/p>\n<p style=\"text-align: justify;\"><span style=\"font-weight: 400;\">Con el tiempo Quiteria conoci\u00f3 a sus padres, aunque ella siempre estuvo ligada a la oraci\u00f3n. Cuenta la tradici\u00f3n que, en el momento en que su padre se enter\u00f3 de su profesi\u00f3n de fe, mand\u00f3 cortarle la cabeza; su alma fue a los cielos y su cabeza recorri\u00f3 un largo camino hasta ser sepultada por los cristianos de aquel lugar.<\/span><\/p>\n<p style=\"text-align: justify;\"><span style=\"font-weight: 400;\">Son varios los elementos iconogr\u00e1ficos que marcan los atributos de la santa: la palma del martirio, que alude a su muerte; la corona, que menciona su cualidad de santa de la Iglesia cat\u00f3lica; y una cadena atada al perro, lo que simboliza la reticencia del demonio desde \u00e9poca medieval. A su vez, dicho perro porta un peine, que es la forma de verificar la virginidad de la santa.<\/span><\/p>\n\n\n<div class=\"wp-block-columns is-layout-flex wp-container-core-columns-is-layout-28f84493 wp-block-columns-is-layout-flex\">\n<div class=\"wp-block-column is-layout-flow wp-block-column-is-layout-flow\">\n<p style=\"text-align: justify;\"><strong>Horario de apertura de la Ermita<\/strong>:<\/p>\n<p style=\"padding-left: 40px; text-align: justify;\">Primer domingo de mes de 10:30 a 13:30 horas.<\/p>\n<p style=\"text-align: justify;\"><strong>Contacto:&nbsp;<\/strong><\/p>\n<p style=\"padding-left: 40px; text-align: justify;\">Email <a href=\"mailto:juntasantaquiteria@gmail.com\">juntasantaquiteria@gmail.com<\/a><br>Facebook: Hermandad de Santa Quiteria de Alpedrete<\/p>\n<\/div>\n\n\n\n<div class=\"wp-block-column is-layout-flow wp-block-column-is-layout-flow\">\n<p><img loading=\"lazy\" decoding=\"async\" class=\"alignnone size-medium\" src=\"https:\/\/parroquiadealpedrete.archimadrid.es\/wp-content\/uploads\/2021\/12\/Grupo-Hermandad-Sta.Quiteria2.webp\" width=\"5184\" height=\"3888\"><\/p>\n<\/div>\n<\/div>\n\n\n\n<p><\/p>\n","protected":false},"excerpt":{"rendered":"<p>La Hermandad de Santa Quiteria nace alrededor de los a\u00f1os 60 como una hermandad de mujeres, en su origen viudas.\u00a0 Desde 1992 pueden pertenecer a ella mayordomas tanto solteras como casadas y en a\u00f1os siguientes se permiti\u00f3 la entrada a los hombres. Los hermanos son conocidos como \u201cquiterios\u201d y \u201cquiterias\u201d, una denominaci\u00f3n que permite gozar &hellip; <\/p>\n<p class=\"link-more\"><a href=\"https:\/\/parroquiadealpedrete.archimadrid.es\/?page_id=1529\" class=\"more-link\">Leer m\u00e1s<span class=\"screen-reader-text\"> \u00abSanta Quiteria\u00bb<\/span><\/a><\/p>\n","protected":false},"author":1,"featured_media":0,"parent":0,"menu_order":0,"comment_status":"closed","ping_status":"closed","template":"","meta":{"editor_plus_copied_stylings":"{}","footnotes":""},"class_list":["post-1529","page","type-page","status-publish","hentry"],"yoast_head":"<!-- This site is optimized with the Yoast SEO plugin v26.3 - https:\/\/yoast.com\/wordpress\/plugins\/seo\/ -->\n<title>Santa Quiteria - ASUNCI\u00d3N DE NUESTRA SE\u00d1ORA ALPEDRETE<\/title>\n<meta name=\"robots\" content=\"index, follow, max-snippet:-1, max-image-preview:large, max-video-preview:-1\" \/>\n<link rel=\"canonical\" href=\"https:\/\/parroquiadealpedrete.archimadrid.es\/?page_id=1529\" \/>\n<meta property=\"og:locale\" content=\"es_ES\" \/>\n<meta property=\"og:type\" content=\"article\" \/>\n<meta property=\"og:title\" content=\"Santa Quiteria - ASUNCI\u00d3N DE NUESTRA SE\u00d1ORA ALPEDRETE\" \/>\n<meta property=\"og:description\" content=\"La Hermandad de Santa Quiteria nace alrededor de los a\u00f1os 60 como una hermandad de mujeres, en su origen viudas.\u00a0 Desde 1992 pueden pertenecer a ella mayordomas tanto solteras como casadas y en a\u00f1os siguientes se permiti\u00f3 la entrada a los hombres. Los hermanos son conocidos como \u201cquiterios\u201d y \u201cquiterias\u201d, una denominaci\u00f3n que permite gozar &hellip; Leer m\u00e1s \u00abSanta Quiteria\u00bb\" \/>\n<meta property=\"og:url\" content=\"https:\/\/parroquiadealpedrete.archimadrid.es\/?page_id=1529\" \/>\n<meta property=\"og:site_name\" content=\"ASUNCI\u00d3N DE NUESTRA SE\u00d1ORA ALPEDRETE\" \/>\n<meta property=\"article:modified_time\" content=\"2022-02-15T19:42:04+00:00\" \/>\n<meta property=\"og:image\" content=\"https:\/\/parroquiadealpedrete.archimadrid.es\/wp-content\/uploads\/2021\/12\/Grupo-Hermandad-Sta.Quiteria.webp\" \/>\n<meta name=\"twitter:card\" content=\"summary_large_image\" \/>\n<meta name=\"twitter:label1\" content=\"Tiempo de lectura\" \/>\n\t<meta name=\"twitter:data1\" content=\"2 minutos\" \/>\n<script type=\"application\/ld+json\" class=\"yoast-schema-graph\">{\"@context\":\"https:\/\/schema.org\",\"@graph\":[{\"@type\":\"WebPage\",\"@id\":\"https:\/\/parroquiadealpedrete.archimadrid.es\/?page_id=1529\",\"url\":\"https:\/\/parroquiadealpedrete.archimadrid.es\/?page_id=1529\",\"name\":\"Santa Quiteria - ASUNCI\u00d3N DE NUESTRA SE\u00d1ORA ALPEDRETE\",\"isPartOf\":{\"@id\":\"https:\/\/parroquiadealpedrete.archimadrid.es\/#website\"},\"primaryImageOfPage\":{\"@id\":\"https:\/\/parroquiadealpedrete.archimadrid.es\/?page_id=1529#primaryimage\"},\"image\":{\"@id\":\"https:\/\/parroquiadealpedrete.archimadrid.es\/?page_id=1529#primaryimage\"},\"thumbnailUrl\":\"https:\/\/parroquiadealpedrete.archimadrid.es\/wp-content\/uploads\/2021\/12\/Grupo-Hermandad-Sta.Quiteria.webp\",\"datePublished\":\"2021-11-26T18:42:59+00:00\",\"dateModified\":\"2022-02-15T19:42:04+00:00\",\"breadcrumb\":{\"@id\":\"https:\/\/parroquiadealpedrete.archimadrid.es\/?page_id=1529#breadcrumb\"},\"inLanguage\":\"es\",\"potentialAction\":[{\"@type\":\"ReadAction\",\"target\":[\"https:\/\/parroquiadealpedrete.archimadrid.es\/?page_id=1529\"]}]},{\"@type\":\"ImageObject\",\"inLanguage\":\"es\",\"@id\":\"https:\/\/parroquiadealpedrete.archimadrid.es\/?page_id=1529#primaryimage\",\"url\":\"https:\/\/parroquiadealpedrete.archimadrid.es\/wp-content\/uploads\/2021\/12\/Grupo-Hermandad-Sta.Quiteria.webp\",\"contentUrl\":\"https:\/\/parroquiadealpedrete.archimadrid.es\/wp-content\/uploads\/2021\/12\/Grupo-Hermandad-Sta.Quiteria.webp\"},{\"@type\":\"BreadcrumbList\",\"@id\":\"https:\/\/parroquiadealpedrete.archimadrid.es\/?page_id=1529#breadcrumb\",\"itemListElement\":[{\"@type\":\"ListItem\",\"position\":1,\"name\":\"Portada\",\"item\":\"https:\/\/parroquiadealpedrete.archimadrid.es\/\"},{\"@type\":\"ListItem\",\"position\":2,\"name\":\"Santa Quiteria\"}]},{\"@type\":\"WebSite\",\"@id\":\"https:\/\/parroquiadealpedrete.archimadrid.es\/#website\",\"url\":\"https:\/\/parroquiadealpedrete.archimadrid.es\/\",\"name\":\"ASUNCI\u00d3N DE NUESTRA SE\u00d1ORA ALPEDRETE\",\"description\":\"Parroquia de Alpedrete\",\"publisher\":{\"@id\":\"https:\/\/parroquiadealpedrete.archimadrid.es\/#organization\"},\"potentialAction\":[{\"@type\":\"SearchAction\",\"target\":{\"@type\":\"EntryPoint\",\"urlTemplate\":\"https:\/\/parroquiadealpedrete.archimadrid.es\/?s={search_term_string}\"},\"query-input\":{\"@type\":\"PropertyValueSpecification\",\"valueRequired\":true,\"valueName\":\"search_term_string\"}}],\"inLanguage\":\"es\"},{\"@type\":\"Organization\",\"@id\":\"https:\/\/parroquiadealpedrete.archimadrid.es\/#organization\",\"name\":\"Asunci\u00f3n de nuestra Se\u00f1ora de Alpedrete\",\"url\":\"https:\/\/parroquiadealpedrete.archimadrid.es\/\",\"logo\":{\"@type\":\"ImageObject\",\"inLanguage\":\"es\",\"@id\":\"https:\/\/parroquiadealpedrete.archimadrid.es\/#\/schema\/logo\/image\/\",\"url\":\"https:\/\/parroquiadealpedrete.archimadrid.es\/wp-content\/uploads\/2022\/02\/Logo-con-fondo--scaled-e1645483003367.jpg\",\"contentUrl\":\"https:\/\/parroquiadealpedrete.archimadrid.es\/wp-content\/uploads\/2022\/02\/Logo-con-fondo--scaled-e1645483003367.jpg\",\"width\":1689,\"height\":1689,\"caption\":\"Asunci\u00f3n de nuestra Se\u00f1ora de Alpedrete\"},\"image\":{\"@id\":\"https:\/\/parroquiadealpedrete.archimadrid.es\/#\/schema\/logo\/image\/\"}}]}<\/script>\n<!-- \/ Yoast SEO plugin. -->","yoast_head_json":{"title":"Santa Quiteria - ASUNCI\u00d3N DE NUESTRA SE\u00d1ORA ALPEDRETE","robots":{"index":"index","follow":"follow","max-snippet":"max-snippet:-1","max-image-preview":"max-image-preview:large","max-video-preview":"max-video-preview:-1"},"canonical":"https:\/\/parroquiadealpedrete.archimadrid.es\/?page_id=1529","og_locale":"es_ES","og_type":"article","og_title":"Santa Quiteria - ASUNCI\u00d3N DE NUESTRA SE\u00d1ORA ALPEDRETE","og_description":"La Hermandad de Santa Quiteria nace alrededor de los a\u00f1os 60 como una hermandad de mujeres, en su origen viudas.\u00a0 Desde 1992 pueden pertenecer a ella mayordomas tanto solteras como casadas y en a\u00f1os siguientes se permiti\u00f3 la entrada a los hombres. Los hermanos son conocidos como \u201cquiterios\u201d y \u201cquiterias\u201d, una denominaci\u00f3n que permite gozar &hellip; Leer m\u00e1s \u00abSanta Quiteria\u00bb","og_url":"https:\/\/parroquiadealpedrete.archimadrid.es\/?page_id=1529","og_site_name":"ASUNCI\u00d3N DE NUESTRA SE\u00d1ORA ALPEDRETE","article_modified_time":"2022-02-15T19:42:04+00:00","og_image":[{"url":"https:\/\/parroquiadealpedrete.archimadrid.es\/wp-content\/uploads\/2021\/12\/Grupo-Hermandad-Sta.Quiteria.webp","type":"","width":"","height":""}],"twitter_card":"summary_large_image","twitter_misc":{"Tiempo de lectura":"2 minutos"},"schema":{"@context":"https:\/\/schema.org","@graph":[{"@type":"WebPage","@id":"https:\/\/parroquiadealpedrete.archimadrid.es\/?page_id=1529","url":"https:\/\/parroquiadealpedrete.archimadrid.es\/?page_id=1529","name":"Santa Quiteria - ASUNCI\u00d3N DE NUESTRA SE\u00d1ORA ALPEDRETE","isPartOf":{"@id":"https:\/\/parroquiadealpedrete.archimadrid.es\/#website"},"primaryImageOfPage":{"@id":"https:\/\/parroquiadealpedrete.archimadrid.es\/?page_id=1529#primaryimage"},"image":{"@id":"https:\/\/parroquiadealpedrete.archimadrid.es\/?page_id=1529#primaryimage"},"thumbnailUrl":"https:\/\/parroquiadealpedrete.archimadrid.es\/wp-content\/uploads\/2021\/12\/Grupo-Hermandad-Sta.Quiteria.webp","datePublished":"2021-11-26T18:42:59+00:00","dateModified":"2022-02-15T19:42:04+00:00","breadcrumb":{"@id":"https:\/\/parroquiadealpedrete.archimadrid.es\/?page_id=1529#breadcrumb"},"inLanguage":"es","potentialAction":[{"@type":"ReadAction","target":["https:\/\/parroquiadealpedrete.archimadrid.es\/?page_id=1529"]}]},{"@type":"ImageObject","inLanguage":"es","@id":"https:\/\/parroquiadealpedrete.archimadrid.es\/?page_id=1529#primaryimage","url":"https:\/\/parroquiadealpedrete.archimadrid.es\/wp-content\/uploads\/2021\/12\/Grupo-Hermandad-Sta.Quiteria.webp","contentUrl":"https:\/\/parroquiadealpedrete.archimadrid.es\/wp-content\/uploads\/2021\/12\/Grupo-Hermandad-Sta.Quiteria.webp"},{"@type":"BreadcrumbList","@id":"https:\/\/parroquiadealpedrete.archimadrid.es\/?page_id=1529#breadcrumb","itemListElement":[{"@type":"ListItem","position":1,"name":"Portada","item":"https:\/\/parroquiadealpedrete.archimadrid.es\/"},{"@type":"ListItem","position":2,"name":"Santa Quiteria"}]},{"@type":"WebSite","@id":"https:\/\/parroquiadealpedrete.archimadrid.es\/#website","url":"https:\/\/parroquiadealpedrete.archimadrid.es\/","name":"ASUNCI\u00d3N DE NUESTRA SE\u00d1ORA ALPEDRETE","description":"Parroquia de Alpedrete","publisher":{"@id":"https:\/\/parroquiadealpedrete.archimadrid.es\/#organization"},"potentialAction":[{"@type":"SearchAction","target":{"@type":"EntryPoint","urlTemplate":"https:\/\/parroquiadealpedrete.archimadrid.es\/?s={search_term_string}"},"query-input":{"@type":"PropertyValueSpecification","valueRequired":true,"valueName":"search_term_string"}}],"inLanguage":"es"},{"@type":"Organization","@id":"https:\/\/parroquiadealpedrete.archimadrid.es\/#organization","name":"Asunci\u00f3n de nuestra Se\u00f1ora de Alpedrete","url":"https:\/\/parroquiadealpedrete.archimadrid.es\/","logo":{"@type":"ImageObject","inLanguage":"es","@id":"https:\/\/parroquiadealpedrete.archimadrid.es\/#\/schema\/logo\/image\/","url":"https:\/\/parroquiadealpedrete.archimadrid.es\/wp-content\/uploads\/2022\/02\/Logo-con-fondo--scaled-e1645483003367.jpg","contentUrl":"https:\/\/parroquiadealpedrete.archimadrid.es\/wp-content\/uploads\/2022\/02\/Logo-con-fondo--scaled-e1645483003367.jpg","width":1689,"height":1689,"caption":"Asunci\u00f3n de nuestra Se\u00f1ora de Alpedrete"},"image":{"@id":"https:\/\/parroquiadealpedrete.archimadrid.es\/#\/schema\/logo\/image\/"}}]}},"_links":{"self":[{"href":"https:\/\/parroquiadealpedrete.archimadrid.es\/index.php?rest_route=\/wp\/v2\/pages\/1529","targetHints":{"allow":["GET"]}}],"collection":[{"href":"https:\/\/parroquiadealpedrete.archimadrid.es\/index.php?rest_route=\/wp\/v2\/pages"}],"about":[{"href":"https:\/\/parroquiadealpedrete.archimadrid.es\/index.php?rest_route=\/wp\/v2\/types\/page"}],"author":[{"embeddable":true,"href":"https:\/\/parroquiadealpedrete.archimadrid.es\/index.php?rest_route=\/wp\/v2\/users\/1"}],"replies":[{"embeddable":true,"href":"https:\/\/parroquiadealpedrete.archimadrid.es\/index.php?rest_route=%2Fwp%2Fv2%2Fcomments&post=1529"}],"version-history":[{"count":18,"href":"https:\/\/parroquiadealpedrete.archimadrid.es\/index.php?rest_route=\/wp\/v2\/pages\/1529\/revisions"}],"predecessor-version":[{"id":2965,"href":"https:\/\/parroquiadealpedrete.archimadrid.es\/index.php?rest_route=\/wp\/v2\/pages\/1529\/revisions\/2965"}],"wp:attachment":[{"href":"https:\/\/parroquiadealpedrete.archimadrid.es\/index.php?rest_route=%2Fwp%2Fv2%2Fmedia&parent=1529"}],"curies":[{"name":"wp","href":"https:\/\/api.w.org\/{rel}","templated":true}]}}