{"id":1535,"date":"2021-11-26T18:55:07","date_gmt":"2021-11-26T18:55:07","guid":{"rendered":"https:\/\/parroquiadealpedrete.archimadrid.es\/?page_id=1535"},"modified":"2025-03-05T11:04:13","modified_gmt":"2025-03-05T10:04:13","slug":"grupo-de-biblia","status":"publish","type":"page","link":"https:\/\/parroquiadealpedrete.archimadrid.es\/?page_id=1535","title":{"rendered":"Grupo de Biblia"},"content":{"rendered":"<h1 class=\"fonts-plugin-block \" style=\"font-size: 40px;text-align: center\"><strong>GRUPO DE BIBLIA<\/strong><\/h1>\n\n<p style=\"text-align: center;\"><a href=\"https:\/\/parroquiadealpedrete.archimadrid.es\/wp-content\/uploads\/2021\/12\/Grupo-de-Biblia-scaled.webp\"><img loading=\"lazy\" decoding=\"async\" class=\"alignnone  wp-image-2172\" src=\"https:\/\/parroquiadealpedrete.archimadrid.es\/wp-content\/uploads\/2021\/12\/Grupo-de-Biblia-scaled.webp\" alt=\"\" width=\"638\" height=\"479\" srcset=\"https:\/\/parroquiadealpedrete.archimadrid.es\/wp-content\/uploads\/2021\/12\/Grupo-de-Biblia-scaled.webp 2560w, https:\/\/parroquiadealpedrete.archimadrid.es\/wp-content\/uploads\/2021\/12\/Grupo-de-Biblia-300x225.webp 300w, https:\/\/parroquiadealpedrete.archimadrid.es\/wp-content\/uploads\/2021\/12\/Grupo-de-Biblia-1024x768.webp 1024w, https:\/\/parroquiadealpedrete.archimadrid.es\/wp-content\/uploads\/2021\/12\/Grupo-de-Biblia-768x576.webp 768w, https:\/\/parroquiadealpedrete.archimadrid.es\/wp-content\/uploads\/2021\/12\/Grupo-de-Biblia-1536x1152.webp 1536w, https:\/\/parroquiadealpedrete.archimadrid.es\/wp-content\/uploads\/2021\/12\/Grupo-de-Biblia-2048x1536.webp 2048w, https:\/\/parroquiadealpedrete.archimadrid.es\/wp-content\/uploads\/2021\/12\/Grupo-de-Biblia-2000x1500.webp 2000w\" sizes=\"auto, (max-width: 638px) 100vw, 638px\" \/><\/a><\/p>\n<p style=\"text-align: justify;\">La Biblia es la clave de nuestra fe cristiana. No en vano, en la constituci\u00f3n Dei Verbum el Santo Concilio nos exhorta a aprender el conocimiento de Jesucristo con la lectura de las Escrituras, \u00abporque el desconocimiento de las Escrituras es desconocimiento de Cristo\u00bb.<\/p>\n<p style=\"text-align: justify;\">As\u00ed es como en enero de 2009 se crea un curso sobre la Biblia: el objetivo era identificar el significado de la palabra \u00abBiblia\u00bb, as\u00ed como los libros que la componen; abundar sobre el autor divino (la inspiraci\u00f3n) y los autores humanos; conocer el Canon y los libros que contiene; aproximarnos a las fechas en las que se compusieron los libros y qu\u00e9 sucedi\u00f3 durante esa \u00e9poca; aprender a interpretar la Biblia, con condiciones respecto a los propios Libros Sagrados y tambi\u00e9n respecto a nosotros mismos\u2026<\/p>\n<p style=\"text-align: justify;\">Se trata, en fin, de promover la lectura asidua de la Biblia con una actitud de apertura, sabiendo que el oficio de interpretar aut\u00e9nticamente la Palabra de Dios ha sido encomendado s\u00f3lo al Magisterio vivo de la Iglesia.<\/p>\n<p style=\"text-align: justify;\">Comprender las Escrituras. Curso completo para el estudio de la Biblia es el manual de referencia con el que el grupo trabaja en la actualidad. Nuestras sesiones se distinguen por la amplia participaci\u00f3n y debate de todos los integrantes del grupo, con exposici\u00f3n de interrogantes y confrontaci\u00f3n de ideas y vivencias, que hace que la din\u00e1mica sea rica en contenido y participaci\u00f3n.<\/p>\n<p style=\"text-align: justify;\">Y, por supuesto, este grupo nos ofrece respeto y amistad, que, junto con la acci\u00f3n del Esp\u00edritu Santo, nos ha mantenido hasta el momento.<\/p>\n\n\n<p class=\" eplus-wrapper\"><strong>\u00bfQuieres formar parte del grupo de Biblia?<\/strong><\/p>\n\n\n\n<p class=\" eplus-wrapper\"><a href=\"mailto:parroquiadealpedrete@gmail.com\">parroquiadealpedrete@gmail.com<\/a><\/p>\n\n\n<div class=\"wp-block-column eplus-wrapper is-layout-flow wp-block-column-is-layout-flow\">\n<p class=\" eplus-wrapper\">Horario: Mi\u00e9rcoles 18:45<\/p>\n<\/div>","protected":false},"excerpt":{"rendered":"<p>La Biblia es la clave de nuestra fe cristiana. No en vano, en la constituci\u00f3n Dei Verbum el Santo Concilio nos exhorta a aprender el conocimiento de Jesucristo con la lectura de las Escrituras, \u00abporque el desconocimiento de las Escrituras es desconocimiento de Cristo\u00bb. As\u00ed es como en enero de 2009 se crea un curso &hellip; <\/p>\n<p class=\"link-more\"><a href=\"https:\/\/parroquiadealpedrete.archimadrid.es\/?page_id=1535\" class=\"more-link\">Leer m\u00e1s<span class=\"screen-reader-text\"> \u00abGrupo de Biblia\u00bb<\/span><\/a><\/p>\n","protected":false},"author":1,"featured_media":0,"parent":0,"menu_order":0,"comment_status":"closed","ping_status":"closed","template":"","meta":{"editor_plus_copied_stylings":"{}","footnotes":""},"class_list":["post-1535","page","type-page","status-publish","hentry"],"yoast_head":"<!-- This site is optimized with the Yoast SEO plugin v26.3 - https:\/\/yoast.com\/wordpress\/plugins\/seo\/ -->\n<title>Grupo de Biblia - ASUNCI\u00d3N DE NUESTRA SE\u00d1ORA ALPEDRETE<\/title>\n<meta name=\"robots\" content=\"index, follow, max-snippet:-1, max-image-preview:large, max-video-preview:-1\" \/>\n<link rel=\"canonical\" href=\"https:\/\/parroquiadealpedrete.archimadrid.es\/?page_id=1535\" \/>\n<meta property=\"og:locale\" content=\"es_ES\" \/>\n<meta property=\"og:type\" content=\"article\" \/>\n<meta property=\"og:title\" content=\"Grupo de Biblia - ASUNCI\u00d3N DE NUESTRA SE\u00d1ORA ALPEDRETE\" \/>\n<meta property=\"og:description\" content=\"La Biblia es la clave de nuestra fe cristiana. No en vano, en la constituci\u00f3n Dei Verbum el Santo Concilio nos exhorta a aprender el conocimiento de Jesucristo con la lectura de las Escrituras, \u00abporque el desconocimiento de las Escrituras es desconocimiento de Cristo\u00bb. As\u00ed es como en enero de 2009 se crea un curso &hellip; Leer m\u00e1s \u00abGrupo de Biblia\u00bb\" \/>\n<meta property=\"og:url\" content=\"https:\/\/parroquiadealpedrete.archimadrid.es\/?page_id=1535\" \/>\n<meta property=\"og:site_name\" content=\"ASUNCI\u00d3N DE NUESTRA SE\u00d1ORA ALPEDRETE\" \/>\n<meta property=\"article:modified_time\" content=\"2025-03-05T10:04:13+00:00\" \/>\n<meta property=\"og:image\" content=\"https:\/\/parroquiadealpedrete.archimadrid.es\/wp-content\/uploads\/2021\/12\/Grupo-de-Biblia-scaled.webp\" \/>\n\t<meta property=\"og:image:width\" content=\"2560\" \/>\n\t<meta property=\"og:image:height\" content=\"1920\" \/>\n\t<meta property=\"og:image:type\" content=\"image\/webp\" \/>\n<meta name=\"twitter:card\" content=\"summary_large_image\" \/>\n<meta name=\"twitter:label1\" content=\"Tiempo de lectura\" \/>\n\t<meta name=\"twitter:data1\" content=\"2 minutos\" \/>\n<script type=\"application\/ld+json\" class=\"yoast-schema-graph\">{\"@context\":\"https:\/\/schema.org\",\"@graph\":[{\"@type\":\"WebPage\",\"@id\":\"https:\/\/parroquiadealpedrete.archimadrid.es\/?page_id=1535\",\"url\":\"https:\/\/parroquiadealpedrete.archimadrid.es\/?page_id=1535\",\"name\":\"Grupo de Biblia - ASUNCI\u00d3N DE NUESTRA SE\u00d1ORA ALPEDRETE\",\"isPartOf\":{\"@id\":\"https:\/\/parroquiadealpedrete.archimadrid.es\/#website\"},\"primaryImageOfPage\":{\"@id\":\"https:\/\/parroquiadealpedrete.archimadrid.es\/?page_id=1535#primaryimage\"},\"image\":{\"@id\":\"https:\/\/parroquiadealpedrete.archimadrid.es\/?page_id=1535#primaryimage\"},\"thumbnailUrl\":\"https:\/\/parroquiadealpedrete.archimadrid.es\/wp-content\/uploads\/2021\/12\/Grupo-de-Biblia-scaled.webp\",\"datePublished\":\"2021-11-26T18:55:07+00:00\",\"dateModified\":\"2025-03-05T10:04:13+00:00\",\"breadcrumb\":{\"@id\":\"https:\/\/parroquiadealpedrete.archimadrid.es\/?page_id=1535#breadcrumb\"},\"inLanguage\":\"es\",\"potentialAction\":[{\"@type\":\"ReadAction\",\"target\":[\"https:\/\/parroquiadealpedrete.archimadrid.es\/?page_id=1535\"]}]},{\"@type\":\"ImageObject\",\"inLanguage\":\"es\",\"@id\":\"https:\/\/parroquiadealpedrete.archimadrid.es\/?page_id=1535#primaryimage\",\"url\":\"https:\/\/parroquiadealpedrete.archimadrid.es\/wp-content\/uploads\/2021\/12\/Grupo-de-Biblia-scaled.webp\",\"contentUrl\":\"https:\/\/parroquiadealpedrete.archimadrid.es\/wp-content\/uploads\/2021\/12\/Grupo-de-Biblia-scaled.webp\",\"width\":2560,\"height\":1920},{\"@type\":\"BreadcrumbList\",\"@id\":\"https:\/\/parroquiadealpedrete.archimadrid.es\/?page_id=1535#breadcrumb\",\"itemListElement\":[{\"@type\":\"ListItem\",\"position\":1,\"name\":\"Portada\",\"item\":\"https:\/\/parroquiadealpedrete.archimadrid.es\/\"},{\"@type\":\"ListItem\",\"position\":2,\"name\":\"Grupo de Biblia\"}]},{\"@type\":\"WebSite\",\"@id\":\"https:\/\/parroquiadealpedrete.archimadrid.es\/#website\",\"url\":\"https:\/\/parroquiadealpedrete.archimadrid.es\/\",\"name\":\"ASUNCI\u00d3N DE NUESTRA SE\u00d1ORA ALPEDRETE\",\"description\":\"Parroquia de Alpedrete\",\"publisher\":{\"@id\":\"https:\/\/parroquiadealpedrete.archimadrid.es\/#organization\"},\"potentialAction\":[{\"@type\":\"SearchAction\",\"target\":{\"@type\":\"EntryPoint\",\"urlTemplate\":\"https:\/\/parroquiadealpedrete.archimadrid.es\/?s={search_term_string}\"},\"query-input\":{\"@type\":\"PropertyValueSpecification\",\"valueRequired\":true,\"valueName\":\"search_term_string\"}}],\"inLanguage\":\"es\"},{\"@type\":\"Organization\",\"@id\":\"https:\/\/parroquiadealpedrete.archimadrid.es\/#organization\",\"name\":\"Asunci\u00f3n de nuestra Se\u00f1ora de Alpedrete\",\"url\":\"https:\/\/parroquiadealpedrete.archimadrid.es\/\",\"logo\":{\"@type\":\"ImageObject\",\"inLanguage\":\"es\",\"@id\":\"https:\/\/parroquiadealpedrete.archimadrid.es\/#\/schema\/logo\/image\/\",\"url\":\"https:\/\/parroquiadealpedrete.archimadrid.es\/wp-content\/uploads\/2022\/02\/Logo-con-fondo--scaled-e1645483003367.jpg\",\"contentUrl\":\"https:\/\/parroquiadealpedrete.archimadrid.es\/wp-content\/uploads\/2022\/02\/Logo-con-fondo--scaled-e1645483003367.jpg\",\"width\":1689,\"height\":1689,\"caption\":\"Asunci\u00f3n de nuestra Se\u00f1ora de Alpedrete\"},\"image\":{\"@id\":\"https:\/\/parroquiadealpedrete.archimadrid.es\/#\/schema\/logo\/image\/\"}}]}<\/script>\n<!-- \/ Yoast SEO plugin. -->","yoast_head_json":{"title":"Grupo de Biblia - ASUNCI\u00d3N DE NUESTRA SE\u00d1ORA ALPEDRETE","robots":{"index":"index","follow":"follow","max-snippet":"max-snippet:-1","max-image-preview":"max-image-preview:large","max-video-preview":"max-video-preview:-1"},"canonical":"https:\/\/parroquiadealpedrete.archimadrid.es\/?page_id=1535","og_locale":"es_ES","og_type":"article","og_title":"Grupo de Biblia - ASUNCI\u00d3N DE NUESTRA SE\u00d1ORA ALPEDRETE","og_description":"La Biblia es la clave de nuestra fe cristiana. No en vano, en la constituci\u00f3n Dei Verbum el Santo Concilio nos exhorta a aprender el conocimiento de Jesucristo con la lectura de las Escrituras, \u00abporque el desconocimiento de las Escrituras es desconocimiento de Cristo\u00bb. As\u00ed es como en enero de 2009 se crea un curso &hellip; Leer m\u00e1s \u00abGrupo de Biblia\u00bb","og_url":"https:\/\/parroquiadealpedrete.archimadrid.es\/?page_id=1535","og_site_name":"ASUNCI\u00d3N DE NUESTRA SE\u00d1ORA ALPEDRETE","article_modified_time":"2025-03-05T10:04:13+00:00","og_image":[{"width":2560,"height":1920,"url":"https:\/\/parroquiadealpedrete.archimadrid.es\/wp-content\/uploads\/2021\/12\/Grupo-de-Biblia-scaled.webp","type":"image\/webp"}],"twitter_card":"summary_large_image","twitter_misc":{"Tiempo de lectura":"2 minutos"},"schema":{"@context":"https:\/\/schema.org","@graph":[{"@type":"WebPage","@id":"https:\/\/parroquiadealpedrete.archimadrid.es\/?page_id=1535","url":"https:\/\/parroquiadealpedrete.archimadrid.es\/?page_id=1535","name":"Grupo de Biblia - ASUNCI\u00d3N DE NUESTRA SE\u00d1ORA ALPEDRETE","isPartOf":{"@id":"https:\/\/parroquiadealpedrete.archimadrid.es\/#website"},"primaryImageOfPage":{"@id":"https:\/\/parroquiadealpedrete.archimadrid.es\/?page_id=1535#primaryimage"},"image":{"@id":"https:\/\/parroquiadealpedrete.archimadrid.es\/?page_id=1535#primaryimage"},"thumbnailUrl":"https:\/\/parroquiadealpedrete.archimadrid.es\/wp-content\/uploads\/2021\/12\/Grupo-de-Biblia-scaled.webp","datePublished":"2021-11-26T18:55:07+00:00","dateModified":"2025-03-05T10:04:13+00:00","breadcrumb":{"@id":"https:\/\/parroquiadealpedrete.archimadrid.es\/?page_id=1535#breadcrumb"},"inLanguage":"es","potentialAction":[{"@type":"ReadAction","target":["https:\/\/parroquiadealpedrete.archimadrid.es\/?page_id=1535"]}]},{"@type":"ImageObject","inLanguage":"es","@id":"https:\/\/parroquiadealpedrete.archimadrid.es\/?page_id=1535#primaryimage","url":"https:\/\/parroquiadealpedrete.archimadrid.es\/wp-content\/uploads\/2021\/12\/Grupo-de-Biblia-scaled.webp","contentUrl":"https:\/\/parroquiadealpedrete.archimadrid.es\/wp-content\/uploads\/2021\/12\/Grupo-de-Biblia-scaled.webp","width":2560,"height":1920},{"@type":"BreadcrumbList","@id":"https:\/\/parroquiadealpedrete.archimadrid.es\/?page_id=1535#breadcrumb","itemListElement":[{"@type":"ListItem","position":1,"name":"Portada","item":"https:\/\/parroquiadealpedrete.archimadrid.es\/"},{"@type":"ListItem","position":2,"name":"Grupo de Biblia"}]},{"@type":"WebSite","@id":"https:\/\/parroquiadealpedrete.archimadrid.es\/#website","url":"https:\/\/parroquiadealpedrete.archimadrid.es\/","name":"ASUNCI\u00d3N DE NUESTRA SE\u00d1ORA ALPEDRETE","description":"Parroquia de Alpedrete","publisher":{"@id":"https:\/\/parroquiadealpedrete.archimadrid.es\/#organization"},"potentialAction":[{"@type":"SearchAction","target":{"@type":"EntryPoint","urlTemplate":"https:\/\/parroquiadealpedrete.archimadrid.es\/?s={search_term_string}"},"query-input":{"@type":"PropertyValueSpecification","valueRequired":true,"valueName":"search_term_string"}}],"inLanguage":"es"},{"@type":"Organization","@id":"https:\/\/parroquiadealpedrete.archimadrid.es\/#organization","name":"Asunci\u00f3n de nuestra Se\u00f1ora de Alpedrete","url":"https:\/\/parroquiadealpedrete.archimadrid.es\/","logo":{"@type":"ImageObject","inLanguage":"es","@id":"https:\/\/parroquiadealpedrete.archimadrid.es\/#\/schema\/logo\/image\/","url":"https:\/\/parroquiadealpedrete.archimadrid.es\/wp-content\/uploads\/2022\/02\/Logo-con-fondo--scaled-e1645483003367.jpg","contentUrl":"https:\/\/parroquiadealpedrete.archimadrid.es\/wp-content\/uploads\/2022\/02\/Logo-con-fondo--scaled-e1645483003367.jpg","width":1689,"height":1689,"caption":"Asunci\u00f3n de nuestra Se\u00f1ora de Alpedrete"},"image":{"@id":"https:\/\/parroquiadealpedrete.archimadrid.es\/#\/schema\/logo\/image\/"}}]}},"_links":{"self":[{"href":"https:\/\/parroquiadealpedrete.archimadrid.es\/index.php?rest_route=\/wp\/v2\/pages\/1535","targetHints":{"allow":["GET"]}}],"collection":[{"href":"https:\/\/parroquiadealpedrete.archimadrid.es\/index.php?rest_route=\/wp\/v2\/pages"}],"about":[{"href":"https:\/\/parroquiadealpedrete.archimadrid.es\/index.php?rest_route=\/wp\/v2\/types\/page"}],"author":[{"embeddable":true,"href":"https:\/\/parroquiadealpedrete.archimadrid.es\/index.php?rest_route=\/wp\/v2\/users\/1"}],"replies":[{"embeddable":true,"href":"https:\/\/parroquiadealpedrete.archimadrid.es\/index.php?rest_route=%2Fwp%2Fv2%2Fcomments&post=1535"}],"version-history":[{"count":22,"href":"https:\/\/parroquiadealpedrete.archimadrid.es\/index.php?rest_route=\/wp\/v2\/pages\/1535\/revisions"}],"predecessor-version":[{"id":4523,"href":"https:\/\/parroquiadealpedrete.archimadrid.es\/index.php?rest_route=\/wp\/v2\/pages\/1535\/revisions\/4523"}],"wp:attachment":[{"href":"https:\/\/parroquiadealpedrete.archimadrid.es\/index.php?rest_route=%2Fwp%2Fv2%2Fmedia&parent=1535"}],"curies":[{"name":"wp","href":"https:\/\/api.w.org\/{rel}","templated":true}]}}