{"id":1539,"date":"2021-11-26T18:56:01","date_gmt":"2021-11-26T18:56:01","guid":{"rendered":"https:\/\/parroquiadealpedrete.archimadrid.es\/?page_id=1539"},"modified":"2025-03-05T10:35:41","modified_gmt":"2025-03-05T09:35:41","slug":"oracion-santo-rosario","status":"publish","type":"page","link":"https:\/\/parroquiadealpedrete.archimadrid.es\/?page_id=1539","title":{"rendered":"Oraci\u00f3n Santo Rosario"},"content":{"rendered":"<p class=\"fonts-plugin-block \" style=\"font-size: 39px;text-align: center\"><strong>GRUPO DEL SANTO ROSARIO<\/strong><\/p>\n\n<div class=\"wp-block-columns eplus-wrapper is-layout-flex wp-container-core-columns-is-layout-28f84493 wp-block-columns-is-layout-flex eplus-styles-uid-a64e05\">\n<div class=\"wp-block-column eplus-wrapper is-layout-flow wp-block-column-is-layout-flow\"><\/div>\n\n\n\n<div class=\"wp-block-column eplus-wrapper is-layout-flow wp-block-column-is-layout-flow\" style=\"flex-basis:40%\">\n<p style=\"text-align: justify;\">El grupo del santo Rosario acoge a personas que quieren crecer en la fe mediante la devoci\u00f3n a Mar\u00eda y el rezo del santo Rosario, fomentando la caridad y la misericordia. Se re\u00fanen cada quince d\u00edas en la parroquia. Se caracterizan por la devoci\u00f3n a Mar\u00eda y el rezo del santo Rosario fomentando la caridad y la misericordia. Se anima a sus miembros a la oraci\u00f3n diaria, la formaci\u00f3n a trav\u00e9s de la Biblia, lecturas espirituales y la Eucarist\u00eda. Se encargan en la parroquia de organizar las fiestas de la Virgen. El p\u00e1rroco les asesora espiritualmente y les ayuda en su formaci\u00f3n.<\/p>\n\n\n\n<p class=\" eplus-wrapper\">Email: parroquiadealpedrete@gmail.com<\/p>\n\n\n\n<p class=\" eplus-wrapper\">Horario: Lunes 17:00<\/p>\n<\/div>\n\n\n\n<div class=\"wp-block-column eplus-wrapper is-layout-flow wp-block-column-is-layout-flow\" style=\"flex-basis:35%\">\n<figure class=\" wp-block-image alignleft size-large eplus-wrapper\"><img loading=\"lazy\" decoding=\"async\" width=\"792\" height=\"1024\" src=\"https:\/\/parroquiadealpedrete.archimadrid.es\/wp-content\/uploads\/2021\/12\/1yOhSRwwcyfJqWq_7a0-3ZH0TViqeXKKaGvZx6xw-792x1024.jpeg\" alt=\"\" class=\"wp-image-1930\" srcset=\"https:\/\/parroquiadealpedrete.archimadrid.es\/wp-content\/uploads\/2021\/12\/1yOhSRwwcyfJqWq_7a0-3ZH0TViqeXKKaGvZx6xw-792x1024.jpeg 792w, https:\/\/parroquiadealpedrete.archimadrid.es\/wp-content\/uploads\/2021\/12\/1yOhSRwwcyfJqWq_7a0-3ZH0TViqeXKKaGvZx6xw-232x300.jpeg 232w, https:\/\/parroquiadealpedrete.archimadrid.es\/wp-content\/uploads\/2021\/12\/1yOhSRwwcyfJqWq_7a0-3ZH0TViqeXKKaGvZx6xw-768x993.jpeg 768w, https:\/\/parroquiadealpedrete.archimadrid.es\/wp-content\/uploads\/2021\/12\/1yOhSRwwcyfJqWq_7a0-3ZH0TViqeXKKaGvZx6xw-1188x1536.jpeg 1188w, https:\/\/parroquiadealpedrete.archimadrid.es\/wp-content\/uploads\/2021\/12\/1yOhSRwwcyfJqWq_7a0-3ZH0TViqeXKKaGvZx6xw.jpeg 1238w\" sizes=\"auto, (max-width: 792px) 100vw, 792px\" \/><\/figure>\n<\/div>\n\n\n\n<div class=\"wp-block-column eplus-wrapper is-layout-flow wp-block-column-is-layout-flow\"><\/div>\n<\/div>","protected":false},"excerpt":{"rendered":"<p>El grupo del santo Rosario acoge a personas que quieren crecer en la fe mediante la devoci\u00f3n a Mar\u00eda y el rezo del santo Rosario, fomentando la caridad y la misericordia. Se re\u00fanen cada quince d\u00edas en la parroquia. Se caracterizan por la devoci\u00f3n a Mar\u00eda y el rezo del santo Rosario fomentando la caridad &hellip; <\/p>\n<p class=\"link-more\"><a href=\"https:\/\/parroquiadealpedrete.archimadrid.es\/?page_id=1539\" class=\"more-link\">Leer m\u00e1s<span class=\"screen-reader-text\"> \u00abOraci\u00f3n Santo Rosario\u00bb<\/span><\/a><\/p>\n","protected":false},"author":1,"featured_media":0,"parent":0,"menu_order":0,"comment_status":"closed","ping_status":"closed","template":"","meta":{"editor_plus_copied_stylings":"{}","footnotes":""},"class_list":["post-1539","page","type-page","status-publish","hentry"],"yoast_head":"<!-- This site is optimized with the Yoast SEO plugin v26.3 - https:\/\/yoast.com\/wordpress\/plugins\/seo\/ -->\n<title>Oraci\u00f3n Santo Rosario - ASUNCI\u00d3N DE NUESTRA SE\u00d1ORA ALPEDRETE<\/title>\n<meta name=\"robots\" content=\"index, follow, max-snippet:-1, max-image-preview:large, max-video-preview:-1\" \/>\n<link rel=\"canonical\" href=\"https:\/\/parroquiadealpedrete.archimadrid.es\/?page_id=1539\" \/>\n<meta property=\"og:locale\" content=\"es_ES\" \/>\n<meta property=\"og:type\" content=\"article\" \/>\n<meta property=\"og:title\" content=\"Oraci\u00f3n Santo Rosario - ASUNCI\u00d3N DE NUESTRA SE\u00d1ORA ALPEDRETE\" \/>\n<meta property=\"og:description\" content=\"El grupo del santo Rosario acoge a personas que quieren crecer en la fe mediante la devoci\u00f3n a Mar\u00eda y el rezo del santo Rosario, fomentando la caridad y la misericordia. Se re\u00fanen cada quince d\u00edas en la parroquia. Se caracterizan por la devoci\u00f3n a Mar\u00eda y el rezo del santo Rosario fomentando la caridad &hellip; Leer m\u00e1s \u00abOraci\u00f3n Santo Rosario\u00bb\" \/>\n<meta property=\"og:url\" content=\"https:\/\/parroquiadealpedrete.archimadrid.es\/?page_id=1539\" \/>\n<meta property=\"og:site_name\" content=\"ASUNCI\u00d3N DE NUESTRA SE\u00d1ORA ALPEDRETE\" \/>\n<meta property=\"article:modified_time\" content=\"2025-03-05T09:35:41+00:00\" \/>\n<meta property=\"og:image\" content=\"https:\/\/parroquiadealpedrete.archimadrid.es\/wp-content\/uploads\/2021\/12\/1yOhSRwwcyfJqWq_7a0-3ZH0TViqeXKKaGvZx6xw.jpeg\" \/>\n\t<meta property=\"og:image:width\" content=\"1238\" \/>\n\t<meta property=\"og:image:height\" content=\"1600\" \/>\n\t<meta property=\"og:image:type\" content=\"image\/jpeg\" \/>\n<meta name=\"twitter:card\" content=\"summary_large_image\" \/>\n<meta name=\"twitter:label1\" content=\"Tiempo de lectura\" \/>\n\t<meta name=\"twitter:data1\" content=\"1 minuto\" \/>\n<script type=\"application\/ld+json\" class=\"yoast-schema-graph\">{\"@context\":\"https:\/\/schema.org\",\"@graph\":[{\"@type\":\"WebPage\",\"@id\":\"https:\/\/parroquiadealpedrete.archimadrid.es\/?page_id=1539\",\"url\":\"https:\/\/parroquiadealpedrete.archimadrid.es\/?page_id=1539\",\"name\":\"Oraci\u00f3n Santo Rosario - ASUNCI\u00d3N DE NUESTRA SE\u00d1ORA ALPEDRETE\",\"isPartOf\":{\"@id\":\"https:\/\/parroquiadealpedrete.archimadrid.es\/#website\"},\"primaryImageOfPage\":{\"@id\":\"https:\/\/parroquiadealpedrete.archimadrid.es\/?page_id=1539#primaryimage\"},\"image\":{\"@id\":\"https:\/\/parroquiadealpedrete.archimadrid.es\/?page_id=1539#primaryimage\"},\"thumbnailUrl\":\"https:\/\/parroquiadealpedrete.archimadrid.es\/wp-content\/uploads\/2021\/12\/1yOhSRwwcyfJqWq_7a0-3ZH0TViqeXKKaGvZx6xw-792x1024.jpeg\",\"datePublished\":\"2021-11-26T18:56:01+00:00\",\"dateModified\":\"2025-03-05T09:35:41+00:00\",\"breadcrumb\":{\"@id\":\"https:\/\/parroquiadealpedrete.archimadrid.es\/?page_id=1539#breadcrumb\"},\"inLanguage\":\"es\",\"potentialAction\":[{\"@type\":\"ReadAction\",\"target\":[\"https:\/\/parroquiadealpedrete.archimadrid.es\/?page_id=1539\"]}]},{\"@type\":\"ImageObject\",\"inLanguage\":\"es\",\"@id\":\"https:\/\/parroquiadealpedrete.archimadrid.es\/?page_id=1539#primaryimage\",\"url\":\"https:\/\/parroquiadealpedrete.archimadrid.es\/wp-content\/uploads\/2021\/12\/1yOhSRwwcyfJqWq_7a0-3ZH0TViqeXKKaGvZx6xw.jpeg\",\"contentUrl\":\"https:\/\/parroquiadealpedrete.archimadrid.es\/wp-content\/uploads\/2021\/12\/1yOhSRwwcyfJqWq_7a0-3ZH0TViqeXKKaGvZx6xw.jpeg\",\"width\":1238,\"height\":1600},{\"@type\":\"BreadcrumbList\",\"@id\":\"https:\/\/parroquiadealpedrete.archimadrid.es\/?page_id=1539#breadcrumb\",\"itemListElement\":[{\"@type\":\"ListItem\",\"position\":1,\"name\":\"Portada\",\"item\":\"https:\/\/parroquiadealpedrete.archimadrid.es\/\"},{\"@type\":\"ListItem\",\"position\":2,\"name\":\"Oraci\u00f3n Santo Rosario\"}]},{\"@type\":\"WebSite\",\"@id\":\"https:\/\/parroquiadealpedrete.archimadrid.es\/#website\",\"url\":\"https:\/\/parroquiadealpedrete.archimadrid.es\/\",\"name\":\"ASUNCI\u00d3N DE NUESTRA SE\u00d1ORA ALPEDRETE\",\"description\":\"Parroquia de Alpedrete\",\"publisher\":{\"@id\":\"https:\/\/parroquiadealpedrete.archimadrid.es\/#organization\"},\"potentialAction\":[{\"@type\":\"SearchAction\",\"target\":{\"@type\":\"EntryPoint\",\"urlTemplate\":\"https:\/\/parroquiadealpedrete.archimadrid.es\/?s={search_term_string}\"},\"query-input\":{\"@type\":\"PropertyValueSpecification\",\"valueRequired\":true,\"valueName\":\"search_term_string\"}}],\"inLanguage\":\"es\"},{\"@type\":\"Organization\",\"@id\":\"https:\/\/parroquiadealpedrete.archimadrid.es\/#organization\",\"name\":\"Asunci\u00f3n de nuestra Se\u00f1ora de Alpedrete\",\"url\":\"https:\/\/parroquiadealpedrete.archimadrid.es\/\",\"logo\":{\"@type\":\"ImageObject\",\"inLanguage\":\"es\",\"@id\":\"https:\/\/parroquiadealpedrete.archimadrid.es\/#\/schema\/logo\/image\/\",\"url\":\"https:\/\/parroquiadealpedrete.archimadrid.es\/wp-content\/uploads\/2022\/02\/Logo-con-fondo--scaled-e1645483003367.jpg\",\"contentUrl\":\"https:\/\/parroquiadealpedrete.archimadrid.es\/wp-content\/uploads\/2022\/02\/Logo-con-fondo--scaled-e1645483003367.jpg\",\"width\":1689,\"height\":1689,\"caption\":\"Asunci\u00f3n de nuestra Se\u00f1ora de Alpedrete\"},\"image\":{\"@id\":\"https:\/\/parroquiadealpedrete.archimadrid.es\/#\/schema\/logo\/image\/\"}}]}<\/script>\n<!-- \/ Yoast SEO plugin. -->","yoast_head_json":{"title":"Oraci\u00f3n Santo Rosario - ASUNCI\u00d3N DE NUESTRA SE\u00d1ORA ALPEDRETE","robots":{"index":"index","follow":"follow","max-snippet":"max-snippet:-1","max-image-preview":"max-image-preview:large","max-video-preview":"max-video-preview:-1"},"canonical":"https:\/\/parroquiadealpedrete.archimadrid.es\/?page_id=1539","og_locale":"es_ES","og_type":"article","og_title":"Oraci\u00f3n Santo Rosario - ASUNCI\u00d3N DE NUESTRA SE\u00d1ORA ALPEDRETE","og_description":"El grupo del santo Rosario acoge a personas que quieren crecer en la fe mediante la devoci\u00f3n a Mar\u00eda y el rezo del santo Rosario, fomentando la caridad y la misericordia. Se re\u00fanen cada quince d\u00edas en la parroquia. Se caracterizan por la devoci\u00f3n a Mar\u00eda y el rezo del santo Rosario fomentando la caridad &hellip; Leer m\u00e1s \u00abOraci\u00f3n Santo Rosario\u00bb","og_url":"https:\/\/parroquiadealpedrete.archimadrid.es\/?page_id=1539","og_site_name":"ASUNCI\u00d3N DE NUESTRA SE\u00d1ORA ALPEDRETE","article_modified_time":"2025-03-05T09:35:41+00:00","og_image":[{"width":1238,"height":1600,"url":"https:\/\/parroquiadealpedrete.archimadrid.es\/wp-content\/uploads\/2021\/12\/1yOhSRwwcyfJqWq_7a0-3ZH0TViqeXKKaGvZx6xw.jpeg","type":"image\/jpeg"}],"twitter_card":"summary_large_image","twitter_misc":{"Tiempo de lectura":"1 minuto"},"schema":{"@context":"https:\/\/schema.org","@graph":[{"@type":"WebPage","@id":"https:\/\/parroquiadealpedrete.archimadrid.es\/?page_id=1539","url":"https:\/\/parroquiadealpedrete.archimadrid.es\/?page_id=1539","name":"Oraci\u00f3n Santo Rosario - ASUNCI\u00d3N DE NUESTRA SE\u00d1ORA ALPEDRETE","isPartOf":{"@id":"https:\/\/parroquiadealpedrete.archimadrid.es\/#website"},"primaryImageOfPage":{"@id":"https:\/\/parroquiadealpedrete.archimadrid.es\/?page_id=1539#primaryimage"},"image":{"@id":"https:\/\/parroquiadealpedrete.archimadrid.es\/?page_id=1539#primaryimage"},"thumbnailUrl":"https:\/\/parroquiadealpedrete.archimadrid.es\/wp-content\/uploads\/2021\/12\/1yOhSRwwcyfJqWq_7a0-3ZH0TViqeXKKaGvZx6xw-792x1024.jpeg","datePublished":"2021-11-26T18:56:01+00:00","dateModified":"2025-03-05T09:35:41+00:00","breadcrumb":{"@id":"https:\/\/parroquiadealpedrete.archimadrid.es\/?page_id=1539#breadcrumb"},"inLanguage":"es","potentialAction":[{"@type":"ReadAction","target":["https:\/\/parroquiadealpedrete.archimadrid.es\/?page_id=1539"]}]},{"@type":"ImageObject","inLanguage":"es","@id":"https:\/\/parroquiadealpedrete.archimadrid.es\/?page_id=1539#primaryimage","url":"https:\/\/parroquiadealpedrete.archimadrid.es\/wp-content\/uploads\/2021\/12\/1yOhSRwwcyfJqWq_7a0-3ZH0TViqeXKKaGvZx6xw.jpeg","contentUrl":"https:\/\/parroquiadealpedrete.archimadrid.es\/wp-content\/uploads\/2021\/12\/1yOhSRwwcyfJqWq_7a0-3ZH0TViqeXKKaGvZx6xw.jpeg","width":1238,"height":1600},{"@type":"BreadcrumbList","@id":"https:\/\/parroquiadealpedrete.archimadrid.es\/?page_id=1539#breadcrumb","itemListElement":[{"@type":"ListItem","position":1,"name":"Portada","item":"https:\/\/parroquiadealpedrete.archimadrid.es\/"},{"@type":"ListItem","position":2,"name":"Oraci\u00f3n Santo Rosario"}]},{"@type":"WebSite","@id":"https:\/\/parroquiadealpedrete.archimadrid.es\/#website","url":"https:\/\/parroquiadealpedrete.archimadrid.es\/","name":"ASUNCI\u00d3N DE NUESTRA SE\u00d1ORA ALPEDRETE","description":"Parroquia de Alpedrete","publisher":{"@id":"https:\/\/parroquiadealpedrete.archimadrid.es\/#organization"},"potentialAction":[{"@type":"SearchAction","target":{"@type":"EntryPoint","urlTemplate":"https:\/\/parroquiadealpedrete.archimadrid.es\/?s={search_term_string}"},"query-input":{"@type":"PropertyValueSpecification","valueRequired":true,"valueName":"search_term_string"}}],"inLanguage":"es"},{"@type":"Organization","@id":"https:\/\/parroquiadealpedrete.archimadrid.es\/#organization","name":"Asunci\u00f3n de nuestra Se\u00f1ora de Alpedrete","url":"https:\/\/parroquiadealpedrete.archimadrid.es\/","logo":{"@type":"ImageObject","inLanguage":"es","@id":"https:\/\/parroquiadealpedrete.archimadrid.es\/#\/schema\/logo\/image\/","url":"https:\/\/parroquiadealpedrete.archimadrid.es\/wp-content\/uploads\/2022\/02\/Logo-con-fondo--scaled-e1645483003367.jpg","contentUrl":"https:\/\/parroquiadealpedrete.archimadrid.es\/wp-content\/uploads\/2022\/02\/Logo-con-fondo--scaled-e1645483003367.jpg","width":1689,"height":1689,"caption":"Asunci\u00f3n de nuestra Se\u00f1ora de Alpedrete"},"image":{"@id":"https:\/\/parroquiadealpedrete.archimadrid.es\/#\/schema\/logo\/image\/"}}]}},"_links":{"self":[{"href":"https:\/\/parroquiadealpedrete.archimadrid.es\/index.php?rest_route=\/wp\/v2\/pages\/1539","targetHints":{"allow":["GET"]}}],"collection":[{"href":"https:\/\/parroquiadealpedrete.archimadrid.es\/index.php?rest_route=\/wp\/v2\/pages"}],"about":[{"href":"https:\/\/parroquiadealpedrete.archimadrid.es\/index.php?rest_route=\/wp\/v2\/types\/page"}],"author":[{"embeddable":true,"href":"https:\/\/parroquiadealpedrete.archimadrid.es\/index.php?rest_route=\/wp\/v2\/users\/1"}],"replies":[{"embeddable":true,"href":"https:\/\/parroquiadealpedrete.archimadrid.es\/index.php?rest_route=%2Fwp%2Fv2%2Fcomments&post=1539"}],"version-history":[{"count":24,"href":"https:\/\/parroquiadealpedrete.archimadrid.es\/index.php?rest_route=\/wp\/v2\/pages\/1539\/revisions"}],"predecessor-version":[{"id":4521,"href":"https:\/\/parroquiadealpedrete.archimadrid.es\/index.php?rest_route=\/wp\/v2\/pages\/1539\/revisions\/4521"}],"wp:attachment":[{"href":"https:\/\/parroquiadealpedrete.archimadrid.es\/index.php?rest_route=%2Fwp%2Fv2%2Fmedia&parent=1539"}],"curies":[{"name":"wp","href":"https:\/\/api.w.org\/{rel}","templated":true}]}}