{"id":1544,"date":"2021-11-26T19:02:55","date_gmt":"2021-11-26T19:02:55","guid":{"rendered":"https:\/\/parroquiadealpedrete.archimadrid.es\/?page_id=1544"},"modified":"2022-11-22T09:17:58","modified_gmt":"2022-11-22T08:17:58","slug":"edge-teen","status":"publish","type":"page","link":"https:\/\/parroquiadealpedrete.archimadrid.es\/?page_id=1544","title":{"rendered":"Edge teen"},"content":{"rendered":"<p class=\"fonts-plugin-block \" style=\"font-family: Oswald;font-weight: 500;font-size: 35px;text-align: center\"><strong>EDGE TEEN<\/strong><\/p>\n\n<p style=\"text-align: center;\"><img loading=\"lazy\" decoding=\"async\" class=\"aligncenter wp-image-2158 size-full\" src=\"https:\/\/parroquiadealpedrete.archimadrid.es\/wp-content\/uploads\/2021\/12\/Edge-Teen-e1640552624352.jpg\" alt=\"\" width=\"1200\" height=\"592\" srcset=\"https:\/\/parroquiadealpedrete.archimadrid.es\/wp-content\/uploads\/2021\/12\/Edge-Teen-e1640552624352.jpg 1200w, https:\/\/parroquiadealpedrete.archimadrid.es\/wp-content\/uploads\/2021\/12\/Edge-Teen-e1640552624352-300x148.jpg 300w, https:\/\/parroquiadealpedrete.archimadrid.es\/wp-content\/uploads\/2021\/12\/Edge-Teen-e1640552624352-1024x505.jpg 1024w, https:\/\/parroquiadealpedrete.archimadrid.es\/wp-content\/uploads\/2021\/12\/Edge-Teen-e1640552624352-768x379.jpg 768w\" sizes=\"auto, (max-width: 1200px) 100vw, 1200px\" \/><\/p>\n<p style=\"text-align: justify;\">El grupo Edge teen est\u00e1 dirigido a adolescentes entre 1\u00ba y 4\u00ba de ESO. Es un m\u00e9todo de formaci\u00f3n catequ\u00e9tica que pretende proporcionar un espacio a los adolescentes donde puedan mostrar sus inquietudes, compartir y divertirse, al mismo tiempo que se les facilita un tiempo de encuentro personal con Jes\u00fas y la posibilidad de vivir la fe en comunidad.<br \/>Las reuniones est\u00e1n dirigidas por un monitor y est\u00e1n estructuradas en un tiempo de catequesis y trabajo en grupo, un tiempo de oraci\u00f3n y un tiempo de esparcimiento y ocio que les permite reforzar los lazos interpersonales.<\/p>\n<p><strong data-rich-text-format-boundary=\"true\">Horario:<\/strong><\/p>\n<p style=\"padding-left: 40px;\">viernes 19:30 horas.<\/p>\n\n\n<blockquote class=\"wp-block-quote eplus-wrapper is-layout-flow wp-block-quote-is-layout-flow\"><p>Los j\u00f3venes, en las diferentes etapas de maduraci\u00f3n, deben tener posibilidades para continuar un itinerario formativo que les ayude a crecer en la fe.<\/p><\/blockquote>\n\n\n<p style=\"text-align: center;\"><img loading=\"lazy\" decoding=\"async\" class=\"aligncenter wp-image-2156 size-full\" src=\"https:\/\/parroquiadealpedrete.archimadrid.es\/wp-content\/uploads\/2021\/12\/Edge-Teen2-e1640552870963.jpg\" alt=\"\" width=\"1176\" height=\"744\" srcset=\"https:\/\/parroquiadealpedrete.archimadrid.es\/wp-content\/uploads\/2021\/12\/Edge-Teen2-e1640552870963.jpg 1176w, https:\/\/parroquiadealpedrete.archimadrid.es\/wp-content\/uploads\/2021\/12\/Edge-Teen2-e1640552870963-300x190.jpg 300w, https:\/\/parroquiadealpedrete.archimadrid.es\/wp-content\/uploads\/2021\/12\/Edge-Teen2-e1640552870963-1024x648.jpg 1024w, https:\/\/parroquiadealpedrete.archimadrid.es\/wp-content\/uploads\/2021\/12\/Edge-Teen2-e1640552870963-768x486.jpg 768w\" sizes=\"auto, (max-width: 1176px) 100vw, 1176px\" \/><\/p>\n\n\n<p class=\" eplus-wrapper\">Email <a href=\"mailto:parroquiadealpedrete@gmail.com\">parroquiadealpedrete@gmail.com<\/a><\/p>\n","protected":false},"excerpt":{"rendered":"<p>El grupo Edge teen est\u00e1 dirigido a adolescentes entre 1\u00ba y 4\u00ba de ESO. Es un m\u00e9todo de formaci\u00f3n catequ\u00e9tica que pretende proporcionar un espacio a los adolescentes donde puedan mostrar sus inquietudes, compartir y divertirse, al mismo tiempo que se les facilita un tiempo de encuentro personal con Jes\u00fas y la posibilidad de vivir &hellip; <\/p>\n<p class=\"link-more\"><a href=\"https:\/\/parroquiadealpedrete.archimadrid.es\/?page_id=1544\" class=\"more-link\">Leer m\u00e1s<span class=\"screen-reader-text\"> \u00abEdge teen\u00bb<\/span><\/a><\/p>\n","protected":false},"author":1,"featured_media":0,"parent":0,"menu_order":0,"comment_status":"closed","ping_status":"closed","template":"","meta":{"editor_plus_copied_stylings":"{}","footnotes":""},"class_list":["post-1544","page","type-page","status-publish","hentry"],"yoast_head":"<!-- This site is optimized with the Yoast SEO plugin v26.3 - https:\/\/yoast.com\/wordpress\/plugins\/seo\/ -->\n<title>Edge teen - ASUNCI\u00d3N DE NUESTRA SE\u00d1ORA ALPEDRETE<\/title>\n<meta name=\"robots\" content=\"index, follow, max-snippet:-1, max-image-preview:large, max-video-preview:-1\" \/>\n<link rel=\"canonical\" href=\"https:\/\/parroquiadealpedrete.archimadrid.es\/?page_id=1544\" \/>\n<meta property=\"og:locale\" content=\"es_ES\" \/>\n<meta property=\"og:type\" content=\"article\" \/>\n<meta property=\"og:title\" content=\"Edge teen - ASUNCI\u00d3N DE NUESTRA SE\u00d1ORA ALPEDRETE\" \/>\n<meta property=\"og:description\" content=\"El grupo Edge teen est\u00e1 dirigido a adolescentes entre 1\u00ba y 4\u00ba de ESO. Es un m\u00e9todo de formaci\u00f3n catequ\u00e9tica que pretende proporcionar un espacio a los adolescentes donde puedan mostrar sus inquietudes, compartir y divertirse, al mismo tiempo que se les facilita un tiempo de encuentro personal con Jes\u00fas y la posibilidad de vivir &hellip; Leer m\u00e1s \u00abEdge teen\u00bb\" \/>\n<meta property=\"og:url\" content=\"https:\/\/parroquiadealpedrete.archimadrid.es\/?page_id=1544\" \/>\n<meta property=\"og:site_name\" content=\"ASUNCI\u00d3N DE NUESTRA SE\u00d1ORA ALPEDRETE\" \/>\n<meta property=\"article:modified_time\" content=\"2022-11-22T08:17:58+00:00\" \/>\n<meta property=\"og:image\" content=\"https:\/\/parroquiadealpedrete.archimadrid.es\/wp-content\/uploads\/2021\/12\/Edge-Teen-e1640552624352.jpg\" \/>\n<meta name=\"twitter:card\" content=\"summary_large_image\" \/>\n<meta name=\"twitter:label1\" content=\"Tiempo de lectura\" \/>\n\t<meta name=\"twitter:data1\" content=\"1 minuto\" \/>\n<script type=\"application\/ld+json\" class=\"yoast-schema-graph\">{\"@context\":\"https:\/\/schema.org\",\"@graph\":[{\"@type\":\"WebPage\",\"@id\":\"https:\/\/parroquiadealpedrete.archimadrid.es\/?page_id=1544\",\"url\":\"https:\/\/parroquiadealpedrete.archimadrid.es\/?page_id=1544\",\"name\":\"Edge teen - ASUNCI\u00d3N DE NUESTRA SE\u00d1ORA ALPEDRETE\",\"isPartOf\":{\"@id\":\"https:\/\/parroquiadealpedrete.archimadrid.es\/#website\"},\"primaryImageOfPage\":{\"@id\":\"https:\/\/parroquiadealpedrete.archimadrid.es\/?page_id=1544#primaryimage\"},\"image\":{\"@id\":\"https:\/\/parroquiadealpedrete.archimadrid.es\/?page_id=1544#primaryimage\"},\"thumbnailUrl\":\"https:\/\/parroquiadealpedrete.archimadrid.es\/wp-content\/uploads\/2021\/12\/Edge-Teen-e1640552624352.jpg\",\"datePublished\":\"2021-11-26T19:02:55+00:00\",\"dateModified\":\"2022-11-22T08:17:58+00:00\",\"breadcrumb\":{\"@id\":\"https:\/\/parroquiadealpedrete.archimadrid.es\/?page_id=1544#breadcrumb\"},\"inLanguage\":\"es\",\"potentialAction\":[{\"@type\":\"ReadAction\",\"target\":[\"https:\/\/parroquiadealpedrete.archimadrid.es\/?page_id=1544\"]}]},{\"@type\":\"ImageObject\",\"inLanguage\":\"es\",\"@id\":\"https:\/\/parroquiadealpedrete.archimadrid.es\/?page_id=1544#primaryimage\",\"url\":\"https:\/\/parroquiadealpedrete.archimadrid.es\/wp-content\/uploads\/2021\/12\/Edge-Teen-e1640552624352.jpg\",\"contentUrl\":\"https:\/\/parroquiadealpedrete.archimadrid.es\/wp-content\/uploads\/2021\/12\/Edge-Teen-e1640552624352.jpg\",\"width\":1200,\"height\":592},{\"@type\":\"BreadcrumbList\",\"@id\":\"https:\/\/parroquiadealpedrete.archimadrid.es\/?page_id=1544#breadcrumb\",\"itemListElement\":[{\"@type\":\"ListItem\",\"position\":1,\"name\":\"Portada\",\"item\":\"https:\/\/parroquiadealpedrete.archimadrid.es\/\"},{\"@type\":\"ListItem\",\"position\":2,\"name\":\"Edge teen\"}]},{\"@type\":\"WebSite\",\"@id\":\"https:\/\/parroquiadealpedrete.archimadrid.es\/#website\",\"url\":\"https:\/\/parroquiadealpedrete.archimadrid.es\/\",\"name\":\"ASUNCI\u00d3N DE NUESTRA SE\u00d1ORA ALPEDRETE\",\"description\":\"Parroquia de Alpedrete\",\"publisher\":{\"@id\":\"https:\/\/parroquiadealpedrete.archimadrid.es\/#organization\"},\"potentialAction\":[{\"@type\":\"SearchAction\",\"target\":{\"@type\":\"EntryPoint\",\"urlTemplate\":\"https:\/\/parroquiadealpedrete.archimadrid.es\/?s={search_term_string}\"},\"query-input\":{\"@type\":\"PropertyValueSpecification\",\"valueRequired\":true,\"valueName\":\"search_term_string\"}}],\"inLanguage\":\"es\"},{\"@type\":\"Organization\",\"@id\":\"https:\/\/parroquiadealpedrete.archimadrid.es\/#organization\",\"name\":\"Asunci\u00f3n de nuestra Se\u00f1ora de Alpedrete\",\"url\":\"https:\/\/parroquiadealpedrete.archimadrid.es\/\",\"logo\":{\"@type\":\"ImageObject\",\"inLanguage\":\"es\",\"@id\":\"https:\/\/parroquiadealpedrete.archimadrid.es\/#\/schema\/logo\/image\/\",\"url\":\"https:\/\/parroquiadealpedrete.archimadrid.es\/wp-content\/uploads\/2022\/02\/Logo-con-fondo--scaled-e1645483003367.jpg\",\"contentUrl\":\"https:\/\/parroquiadealpedrete.archimadrid.es\/wp-content\/uploads\/2022\/02\/Logo-con-fondo--scaled-e1645483003367.jpg\",\"width\":1689,\"height\":1689,\"caption\":\"Asunci\u00f3n de nuestra Se\u00f1ora de Alpedrete\"},\"image\":{\"@id\":\"https:\/\/parroquiadealpedrete.archimadrid.es\/#\/schema\/logo\/image\/\"}}]}<\/script>\n<!-- \/ Yoast SEO plugin. -->","yoast_head_json":{"title":"Edge teen - ASUNCI\u00d3N DE NUESTRA SE\u00d1ORA ALPEDRETE","robots":{"index":"index","follow":"follow","max-snippet":"max-snippet:-1","max-image-preview":"max-image-preview:large","max-video-preview":"max-video-preview:-1"},"canonical":"https:\/\/parroquiadealpedrete.archimadrid.es\/?page_id=1544","og_locale":"es_ES","og_type":"article","og_title":"Edge teen - ASUNCI\u00d3N DE NUESTRA SE\u00d1ORA ALPEDRETE","og_description":"El grupo Edge teen est\u00e1 dirigido a adolescentes entre 1\u00ba y 4\u00ba de ESO. Es un m\u00e9todo de formaci\u00f3n catequ\u00e9tica que pretende proporcionar un espacio a los adolescentes donde puedan mostrar sus inquietudes, compartir y divertirse, al mismo tiempo que se les facilita un tiempo de encuentro personal con Jes\u00fas y la posibilidad de vivir &hellip; Leer m\u00e1s \u00abEdge teen\u00bb","og_url":"https:\/\/parroquiadealpedrete.archimadrid.es\/?page_id=1544","og_site_name":"ASUNCI\u00d3N DE NUESTRA SE\u00d1ORA ALPEDRETE","article_modified_time":"2022-11-22T08:17:58+00:00","og_image":[{"url":"https:\/\/parroquiadealpedrete.archimadrid.es\/wp-content\/uploads\/2021\/12\/Edge-Teen-e1640552624352.jpg","type":"","width":"","height":""}],"twitter_card":"summary_large_image","twitter_misc":{"Tiempo de lectura":"1 minuto"},"schema":{"@context":"https:\/\/schema.org","@graph":[{"@type":"WebPage","@id":"https:\/\/parroquiadealpedrete.archimadrid.es\/?page_id=1544","url":"https:\/\/parroquiadealpedrete.archimadrid.es\/?page_id=1544","name":"Edge teen - ASUNCI\u00d3N DE NUESTRA SE\u00d1ORA ALPEDRETE","isPartOf":{"@id":"https:\/\/parroquiadealpedrete.archimadrid.es\/#website"},"primaryImageOfPage":{"@id":"https:\/\/parroquiadealpedrete.archimadrid.es\/?page_id=1544#primaryimage"},"image":{"@id":"https:\/\/parroquiadealpedrete.archimadrid.es\/?page_id=1544#primaryimage"},"thumbnailUrl":"https:\/\/parroquiadealpedrete.archimadrid.es\/wp-content\/uploads\/2021\/12\/Edge-Teen-e1640552624352.jpg","datePublished":"2021-11-26T19:02:55+00:00","dateModified":"2022-11-22T08:17:58+00:00","breadcrumb":{"@id":"https:\/\/parroquiadealpedrete.archimadrid.es\/?page_id=1544#breadcrumb"},"inLanguage":"es","potentialAction":[{"@type":"ReadAction","target":["https:\/\/parroquiadealpedrete.archimadrid.es\/?page_id=1544"]}]},{"@type":"ImageObject","inLanguage":"es","@id":"https:\/\/parroquiadealpedrete.archimadrid.es\/?page_id=1544#primaryimage","url":"https:\/\/parroquiadealpedrete.archimadrid.es\/wp-content\/uploads\/2021\/12\/Edge-Teen-e1640552624352.jpg","contentUrl":"https:\/\/parroquiadealpedrete.archimadrid.es\/wp-content\/uploads\/2021\/12\/Edge-Teen-e1640552624352.jpg","width":1200,"height":592},{"@type":"BreadcrumbList","@id":"https:\/\/parroquiadealpedrete.archimadrid.es\/?page_id=1544#breadcrumb","itemListElement":[{"@type":"ListItem","position":1,"name":"Portada","item":"https:\/\/parroquiadealpedrete.archimadrid.es\/"},{"@type":"ListItem","position":2,"name":"Edge teen"}]},{"@type":"WebSite","@id":"https:\/\/parroquiadealpedrete.archimadrid.es\/#website","url":"https:\/\/parroquiadealpedrete.archimadrid.es\/","name":"ASUNCI\u00d3N DE NUESTRA SE\u00d1ORA ALPEDRETE","description":"Parroquia de Alpedrete","publisher":{"@id":"https:\/\/parroquiadealpedrete.archimadrid.es\/#organization"},"potentialAction":[{"@type":"SearchAction","target":{"@type":"EntryPoint","urlTemplate":"https:\/\/parroquiadealpedrete.archimadrid.es\/?s={search_term_string}"},"query-input":{"@type":"PropertyValueSpecification","valueRequired":true,"valueName":"search_term_string"}}],"inLanguage":"es"},{"@type":"Organization","@id":"https:\/\/parroquiadealpedrete.archimadrid.es\/#organization","name":"Asunci\u00f3n de nuestra Se\u00f1ora de Alpedrete","url":"https:\/\/parroquiadealpedrete.archimadrid.es\/","logo":{"@type":"ImageObject","inLanguage":"es","@id":"https:\/\/parroquiadealpedrete.archimadrid.es\/#\/schema\/logo\/image\/","url":"https:\/\/parroquiadealpedrete.archimadrid.es\/wp-content\/uploads\/2022\/02\/Logo-con-fondo--scaled-e1645483003367.jpg","contentUrl":"https:\/\/parroquiadealpedrete.archimadrid.es\/wp-content\/uploads\/2022\/02\/Logo-con-fondo--scaled-e1645483003367.jpg","width":1689,"height":1689,"caption":"Asunci\u00f3n de nuestra Se\u00f1ora de Alpedrete"},"image":{"@id":"https:\/\/parroquiadealpedrete.archimadrid.es\/#\/schema\/logo\/image\/"}}]}},"_links":{"self":[{"href":"https:\/\/parroquiadealpedrete.archimadrid.es\/index.php?rest_route=\/wp\/v2\/pages\/1544","targetHints":{"allow":["GET"]}}],"collection":[{"href":"https:\/\/parroquiadealpedrete.archimadrid.es\/index.php?rest_route=\/wp\/v2\/pages"}],"about":[{"href":"https:\/\/parroquiadealpedrete.archimadrid.es\/index.php?rest_route=\/wp\/v2\/types\/page"}],"author":[{"embeddable":true,"href":"https:\/\/parroquiadealpedrete.archimadrid.es\/index.php?rest_route=\/wp\/v2\/users\/1"}],"replies":[{"embeddable":true,"href":"https:\/\/parroquiadealpedrete.archimadrid.es\/index.php?rest_route=%2Fwp%2Fv2%2Fcomments&post=1544"}],"version-history":[{"count":24,"href":"https:\/\/parroquiadealpedrete.archimadrid.es\/index.php?rest_route=\/wp\/v2\/pages\/1544\/revisions"}],"predecessor-version":[{"id":3841,"href":"https:\/\/parroquiadealpedrete.archimadrid.es\/index.php?rest_route=\/wp\/v2\/pages\/1544\/revisions\/3841"}],"wp:attachment":[{"href":"https:\/\/parroquiadealpedrete.archimadrid.es\/index.php?rest_route=%2Fwp%2Fv2%2Fmedia&parent=1544"}],"curies":[{"name":"wp","href":"https:\/\/api.w.org\/{rel}","templated":true}]}}