{"id":821,"date":"2021-11-02T22:51:10","date_gmt":"2021-11-02T22:51:10","guid":{"rendered":"https:\/\/parroquiadealpedre.wixsite.com\/website\/horarios"},"modified":"2025-09-25T11:21:38","modified_gmt":"2025-09-25T09:21:38","slug":"horarios","status":"publish","type":"page","link":"https:\/\/parroquiadealpedrete.archimadrid.es\/?page_id=821","title":{"rendered":"Horarios"},"content":{"rendered":"<p class=\"fonts-plugin-block \" style=\"font-family: Oswald;font-weight: 500;font-size: 40px;line-height: 1;text-align: center;color: #321d9c\"><br>HORARIOS<\/p>\n\n<p class=\"fonts-plugin-block \" style=\"font-family: Dancing Script;font-weight: 400;font-size: 42px;line-height: 1;text-align: center;color: #abb8c3\">parroquiales<\/p>\n\n\n<div class=\" wp-block-cover alignfull eplus-wrapper\"><span aria-hidden=\"true\" class=\"wp-block-cover__background has-background-dim\"><\/span><img loading=\"lazy\" decoding=\"async\" width=\"980\" height=\"423\" class=\"wp-block-cover__image-background wp-image-1710\" alt=\"\" src=\"https:\/\/parroquiadealpedrete.archimadrid.es\/wp-content\/uploads\/2021\/12\/ecabb2f652334ea9908ddc31fa886174.webp\" style=\"object-position:83% 82%\" data-object-fit=\"cover\" data-object-position=\"83% 82%\" srcset=\"https:\/\/parroquiadealpedrete.archimadrid.es\/wp-content\/uploads\/2021\/12\/ecabb2f652334ea9908ddc31fa886174.webp 980w, https:\/\/parroquiadealpedrete.archimadrid.es\/wp-content\/uploads\/2021\/12\/ecabb2f652334ea9908ddc31fa886174-300x129.webp 300w, https:\/\/parroquiadealpedrete.archimadrid.es\/wp-content\/uploads\/2021\/12\/ecabb2f652334ea9908ddc31fa886174-768x331.webp 768w\" sizes=\"auto, (max-width: 980px) 100vw, 980px\" \/><div class=\"wp-block-cover__inner-container is-layout-flow wp-block-cover-is-layout-flow\"><div class=\"wp-block-columns alignwide are-vertically-aligned-top eplus-wrapper is-layout-flex wp-container-core-columns-is-layout-28f84493 wp-block-columns-is-layout-flex eplus-styles-uid-bd88c5\">\n<div class=\"wp-block-column is-vertically-aligned-top eplus-wrapper is-layout-flow wp-block-column-is-layout-flow\" style=\"flex-basis:20%\"><h2 class=\"fonts-plugin-block \" style=\"font-family: Oswald;font-weight: 500;font-size: 22px;text-align: left\">MISAS <\/h2>\n\n<p class=\"fonts-plugin-block \" style=\"font-family: Montserrat;font-size: 17px\"><strong>Laborables y s\u00e1bados<\/strong><\/p>\n\n<ul class=\" wp-block-list eplus-wrapper eplus-styles-uid-96a665\">\n<li class=\" eplus-wrapper\">09:30 horas<\/li>\n\n\n\n<li class=\" eplus-wrapper\">19:00 horas<\/li>\n<\/ul>\n\n<p class=\"fonts-plugin-block \" style=\"font-family: Montserrat;font-size: 17px\"><strong>Domingos y festivos<\/strong><\/p>\n\n<ul class=\" wp-block-list eplus-wrapper eplus-styles-uid-d399ca\">\n<li class=\" eplus-wrapper\">10:00 horas<\/li>\n\n\n\n<li class=\" eplus-wrapper\">11:00 horas<\/li>\n\n\n\n<li class=\" eplus-wrapper\">12:00 en la Lanchuela<\/li>\n\n\n\n<li class=\" eplus-wrapper\">13:00 horas<\/li>\n<\/ul>\n\n\n<p class=\" has-white-color has-text-color eplus-wrapper\"><strong>Las confesiones todos los d\u00edas media hora antes de misa.<\/strong><\/p>\n<\/div>\n\n\n\n<div class=\"wp-block-column is-vertically-aligned-top eplus-wrapper is-layout-flow wp-block-column-is-layout-flow\"><h2 class=\"fonts-plugin-block \" style=\"font-family: Oswald;font-weight: 500;font-size: 22px\">DESPACHO<\/h2>\n\n<p class=\"fonts-plugin-block \" style=\"font-family: Montserrat;font-size: 17px\"><strong>Mi\u00e9rcoles y viernes<\/strong><\/p>\n\n<ul class=\" wp-block-list eplus-wrapper eplus-styles-uid-ed3ccd\">\n<li class=\" eplus-wrapper\">De 17:30 a 20:30 horas <\/li>\n<\/ul>\n\n\n<p class=\" has-white-color has-text-color eplus-wrapper\">Cita Previa: se puede solicitar cita previa por tel\u00e9fono o email.<\/p>\n\n\n<p class=\"fonts-plugin-block \" style=\"font-family: Montserrat;font-size: 17px\"><strong>Contacto<\/strong><\/p>\n\n\n<p class=\" has-white-color has-text-color eplus-wrapper\">Tel\u00e9fono 1: 642 34 62 32<\/p>\n\n\n\n<p class=\" has-white-color has-text-color eplus-wrapper\">Tel\u00e9fono 2: 918 57 20 89 <\/p>\n\n\n\n<p class=\" has-white-color has-text-color eplus-wrapper\"><a href=\"mailto:parroquiadealpedrete@gmail.com\" target=\"_blank\" rel=\"noreferrer noopener\">parroquiadealpedrete@gmail.com<\/a><\/p>\n<\/div>\n\n\n\n<div class=\"wp-block-column is-vertically-aligned-top eplus-wrapper is-layout-flow wp-block-column-is-layout-flow\"><h2 class=\"fonts-plugin-block \" style=\"font-family: Oswald;font-weight: 500;font-size: 22px\"><strong>HORARIO DEL TEMPLO<\/strong><\/h2>\n\n<p class=\"fonts-plugin-block \" style=\"font-family: Montserrat;font-size: 17px\"> <strong>Todos los d\u00edas <\/strong> <\/p>\n\n<ul class=\" wp-block-list eplus-wrapper eplus-styles-uid-df10ad\">\n<li class=\" eplus-wrapper\">De 8:30 a 20:30 horas (Horario continuo)<\/li>\n<\/ul>\n\n<p class=\"fonts-plugin-block \" style=\"font-family: Montserrat;font-size: 17px\"><strong>Laudes<\/strong><\/p>\n\n<ul class=\" wp-block-list eplus-wrapper eplus-styles-uid-12a020\">\n<li class=\" eplus-wrapper\">De lunes a s\u00e1bado a las 09:15<\/li>\n\n\n\n<li class=\" eplus-wrapper\">Domingo a las 09:30<\/li>\n<\/ul>\n\n<p class=\"fonts-plugin-block \" style=\"font-family: Montserrat;font-size: 17px\"><strong>Rezo del Santo Rosario<\/strong><\/p>\n\n<ul class=\" wp-block-list eplus-wrapper eplus-styles-uid-d99301\">\n<li class=\" eplus-wrapper\">De lunes a s\u00e1bado (excepto jueves) a las 18:30 h<\/li>\n<\/ul>\n\n<p class=\"fonts-plugin-block \" style=\"font-family: Montserrat;font-size: 17px\"><strong>Exposici\u00f3n del Sant\u00edsimo<\/strong><\/p>\n\n<ul class=\" wp-block-list eplus-wrapper eplus-styles-uid-b574f2\">\n<li class=\" eplus-wrapper\">Jueves de 10:00 a 19:45<\/li>\n<\/ul>\n\n<p class=\"fonts-plugin-block \" style=\"font-family: Montserrat;font-size: 17px\"><\/p><\/div>\n\n\n\n<div class=\"wp-block-column is-vertically-aligned-top eplus-wrapper is-layout-flow wp-block-column-is-layout-flow\"><h2 class=\"fonts-plugin-block \" style=\"font-family: Oswald;font-weight: 500;font-size: 22px\">C\u00c1RITAS<\/h2>\n\n<p class=\"fonts-plugin-block \" style=\"font-family: Montserrat;font-size: 17px\"><strong>Lunes<\/strong><\/p>\n\n<ul class=\" wp-block-list eplus-wrapper eplus-styles-uid-d12046\">\n<li class=\" eplus-wrapper\">De 11:00 a 13:30 horas<\/li>\n<\/ul>\n\n<p class=\"fonts-plugin-block \" style=\"font-family: Montserrat;font-size: 17px\"><strong>Mi\u00e9rcoles y viernes<\/strong><\/p>\n\n<ul class=\" wp-block-list eplus-wrapper eplus-styles-uid-dbd2dd\">\n<li class=\" eplus-wrapper\">De 18:00 a 19:30 horas<\/li>\n<\/ul>\n\n<p class=\"fonts-plugin-block \" style=\"font-family: Montserrat;font-size: 17px\"><strong>Contacto<\/strong><\/p>\n\n\n<p class=\" has-white-color has-text-color eplus-wrapper\">638056078<\/p>\n\n\n\n<p class=\" has-white-color has-text-color eplus-wrapper\"><a href=\"mailto:caritasparroquialpedrete@gmail.com\">caritasparroquialpedrete@gmail.com<\/a><\/p>\n\n\n\n<p class=\" eplus-wrapper\"><\/p>\n<\/div>\n<\/div>\n\n<div class=\"wp-block-columns eplus-wrapper is-layout-flex wp-container-core-columns-is-layout-28f84493 wp-block-columns-is-layout-flex eplus-styles-uid-b2e6e1\">\n<div class=\"wp-block-column eplus-wrapper is-layout-flow wp-block-column-is-layout-flow\"><\/div>\n<\/div><\/div><\/div>\n\n\n\n<p class=\" eplus-wrapper\"><\/p>\n","protected":false},"excerpt":{"rendered":"","protected":false},"author":1,"featured_media":1710,"parent":0,"menu_order":0,"comment_status":"closed","ping_status":"closed","template":"","meta":{"editor_plus_copied_stylings":"{}","footnotes":""},"class_list":["post-821","page","type-page","status-publish","has-post-thumbnail","hentry"],"yoast_head":"<!-- This site is optimized with the Yoast SEO plugin v26.3 - https:\/\/yoast.com\/wordpress\/plugins\/seo\/ -->\n<title>Horarios - ASUNCI\u00d3N DE NUESTRA SE\u00d1ORA ALPEDRETE<\/title>\n<meta name=\"description\" content=\"MISAS. Laborables y s\u00e1bados: 09:30 horas; 20:00 horas. Domingos y festivos: 10:00 horas; 11:00 horas; 12:00 (en la Lanchuela); 13:00 horas. Las confesiones todos los d\u00edas media hora antes\" \/>\n<meta name=\"robots\" content=\"index, follow, max-snippet:-1, max-image-preview:large, max-video-preview:-1\" \/>\n<link rel=\"canonical\" href=\"https:\/\/parroquiadealpedrete.archimadrid.es\/?page_id=821\" \/>\n<meta property=\"og:locale\" content=\"es_ES\" \/>\n<meta property=\"og:type\" content=\"article\" \/>\n<meta property=\"og:title\" content=\"Horarios\" \/>\n<meta property=\"og:description\" content=\"MISAS. Laborables y s\u00e1bados: 09:30 horas; 20:00 horas. Domingos y festivos: 10:00 horas; 11:00 horas; 12:00 (en la Lanchuela); 13:00 horas. Las confesiones todos los d\u00edas media hora antes\" \/>\n<meta property=\"og:url\" content=\"https:\/\/parroquiadealpedrete.archimadrid.es\/?page_id=821\" \/>\n<meta property=\"og:site_name\" content=\"ASUNCI\u00d3N DE NUESTRA SE\u00d1ORA ALPEDRETE\" \/>\n<meta property=\"article:modified_time\" content=\"2025-09-25T09:21:38+00:00\" \/>\n<meta property=\"og:image\" content=\"https:\/\/parroquiadealpedrete.archimadrid.es\/wp-content\/uploads\/2021\/12\/ecabb2f652334ea9908ddc31fa886174.webp\" \/>\n\t<meta property=\"og:image:width\" content=\"980\" \/>\n\t<meta property=\"og:image:height\" content=\"423\" \/>\n\t<meta property=\"og:image:type\" content=\"image\/webp\" \/>\n<meta name=\"twitter:card\" content=\"summary_large_image\" \/>\n<meta name=\"twitter:label1\" content=\"Tiempo de lectura\" \/>\n\t<meta name=\"twitter:data1\" content=\"1 minuto\" \/>\n<script type=\"application\/ld+json\" class=\"yoast-schema-graph\">{\"@context\":\"https:\/\/schema.org\",\"@graph\":[{\"@type\":\"WebPage\",\"@id\":\"https:\/\/parroquiadealpedrete.archimadrid.es\/?page_id=821\",\"url\":\"https:\/\/parroquiadealpedrete.archimadrid.es\/?page_id=821\",\"name\":\"Horarios - ASUNCI\u00d3N DE NUESTRA SE\u00d1ORA ALPEDRETE\",\"isPartOf\":{\"@id\":\"https:\/\/parroquiadealpedrete.archimadrid.es\/#website\"},\"primaryImageOfPage\":{\"@id\":\"https:\/\/parroquiadealpedrete.archimadrid.es\/?page_id=821#primaryimage\"},\"image\":{\"@id\":\"https:\/\/parroquiadealpedrete.archimadrid.es\/?page_id=821#primaryimage\"},\"thumbnailUrl\":\"https:\/\/parroquiadealpedrete.archimadrid.es\/wp-content\/uploads\/2021\/12\/ecabb2f652334ea9908ddc31fa886174.webp\",\"datePublished\":\"2021-11-02T22:51:10+00:00\",\"dateModified\":\"2025-09-25T09:21:38+00:00\",\"description\":\"MISAS. Laborables y s\u00e1bados: 09:30 horas; 20:00 horas. Domingos y festivos: 10:00 horas; 11:00 horas; 12:00 (en la Lanchuela); 13:00 horas. Las confesiones todos los d\u00edas media hora antes\",\"breadcrumb\":{\"@id\":\"https:\/\/parroquiadealpedrete.archimadrid.es\/?page_id=821#breadcrumb\"},\"inLanguage\":\"es\",\"potentialAction\":[{\"@type\":\"ReadAction\",\"target\":[\"https:\/\/parroquiadealpedrete.archimadrid.es\/?page_id=821\"]}]},{\"@type\":\"ImageObject\",\"inLanguage\":\"es\",\"@id\":\"https:\/\/parroquiadealpedrete.archimadrid.es\/?page_id=821#primaryimage\",\"url\":\"https:\/\/parroquiadealpedrete.archimadrid.es\/wp-content\/uploads\/2021\/12\/ecabb2f652334ea9908ddc31fa886174.webp\",\"contentUrl\":\"https:\/\/parroquiadealpedrete.archimadrid.es\/wp-content\/uploads\/2021\/12\/ecabb2f652334ea9908ddc31fa886174.webp\",\"width\":980,\"height\":423},{\"@type\":\"BreadcrumbList\",\"@id\":\"https:\/\/parroquiadealpedrete.archimadrid.es\/?page_id=821#breadcrumb\",\"itemListElement\":[{\"@type\":\"ListItem\",\"position\":1,\"name\":\"Portada\",\"item\":\"https:\/\/parroquiadealpedrete.archimadrid.es\/\"},{\"@type\":\"ListItem\",\"position\":2,\"name\":\"Horarios\"}]},{\"@type\":\"WebSite\",\"@id\":\"https:\/\/parroquiadealpedrete.archimadrid.es\/#website\",\"url\":\"https:\/\/parroquiadealpedrete.archimadrid.es\/\",\"name\":\"ASUNCI\u00d3N DE NUESTRA SE\u00d1ORA ALPEDRETE\",\"description\":\"Parroquia de Alpedrete\",\"publisher\":{\"@id\":\"https:\/\/parroquiadealpedrete.archimadrid.es\/#organization\"},\"potentialAction\":[{\"@type\":\"SearchAction\",\"target\":{\"@type\":\"EntryPoint\",\"urlTemplate\":\"https:\/\/parroquiadealpedrete.archimadrid.es\/?s={search_term_string}\"},\"query-input\":{\"@type\":\"PropertyValueSpecification\",\"valueRequired\":true,\"valueName\":\"search_term_string\"}}],\"inLanguage\":\"es\"},{\"@type\":\"Organization\",\"@id\":\"https:\/\/parroquiadealpedrete.archimadrid.es\/#organization\",\"name\":\"Asunci\u00f3n de nuestra Se\u00f1ora de Alpedrete\",\"url\":\"https:\/\/parroquiadealpedrete.archimadrid.es\/\",\"logo\":{\"@type\":\"ImageObject\",\"inLanguage\":\"es\",\"@id\":\"https:\/\/parroquiadealpedrete.archimadrid.es\/#\/schema\/logo\/image\/\",\"url\":\"https:\/\/parroquiadealpedrete.archimadrid.es\/wp-content\/uploads\/2022\/02\/Logo-con-fondo--scaled-e1645483003367.jpg\",\"contentUrl\":\"https:\/\/parroquiadealpedrete.archimadrid.es\/wp-content\/uploads\/2022\/02\/Logo-con-fondo--scaled-e1645483003367.jpg\",\"width\":1689,\"height\":1689,\"caption\":\"Asunci\u00f3n de nuestra Se\u00f1ora de Alpedrete\"},\"image\":{\"@id\":\"https:\/\/parroquiadealpedrete.archimadrid.es\/#\/schema\/logo\/image\/\"}}]}<\/script>\n<!-- \/ Yoast SEO plugin. -->","yoast_head_json":{"title":"Horarios - ASUNCI\u00d3N DE NUESTRA SE\u00d1ORA ALPEDRETE","description":"MISAS. Laborables y s\u00e1bados: 09:30 horas; 20:00 horas. Domingos y festivos: 10:00 horas; 11:00 horas; 12:00 (en la Lanchuela); 13:00 horas. Las confesiones todos los d\u00edas media hora antes","robots":{"index":"index","follow":"follow","max-snippet":"max-snippet:-1","max-image-preview":"max-image-preview:large","max-video-preview":"max-video-preview:-1"},"canonical":"https:\/\/parroquiadealpedrete.archimadrid.es\/?page_id=821","og_locale":"es_ES","og_type":"article","og_title":"Horarios","og_description":"MISAS. Laborables y s\u00e1bados: 09:30 horas; 20:00 horas. Domingos y festivos: 10:00 horas; 11:00 horas; 12:00 (en la Lanchuela); 13:00 horas. Las confesiones todos los d\u00edas media hora antes","og_url":"https:\/\/parroquiadealpedrete.archimadrid.es\/?page_id=821","og_site_name":"ASUNCI\u00d3N DE NUESTRA SE\u00d1ORA ALPEDRETE","article_modified_time":"2025-09-25T09:21:38+00:00","og_image":[{"width":980,"height":423,"url":"https:\/\/parroquiadealpedrete.archimadrid.es\/wp-content\/uploads\/2021\/12\/ecabb2f652334ea9908ddc31fa886174.webp","type":"image\/webp"}],"twitter_card":"summary_large_image","twitter_misc":{"Tiempo de lectura":"1 minuto"},"schema":{"@context":"https:\/\/schema.org","@graph":[{"@type":"WebPage","@id":"https:\/\/parroquiadealpedrete.archimadrid.es\/?page_id=821","url":"https:\/\/parroquiadealpedrete.archimadrid.es\/?page_id=821","name":"Horarios - ASUNCI\u00d3N DE NUESTRA SE\u00d1ORA ALPEDRETE","isPartOf":{"@id":"https:\/\/parroquiadealpedrete.archimadrid.es\/#website"},"primaryImageOfPage":{"@id":"https:\/\/parroquiadealpedrete.archimadrid.es\/?page_id=821#primaryimage"},"image":{"@id":"https:\/\/parroquiadealpedrete.archimadrid.es\/?page_id=821#primaryimage"},"thumbnailUrl":"https:\/\/parroquiadealpedrete.archimadrid.es\/wp-content\/uploads\/2021\/12\/ecabb2f652334ea9908ddc31fa886174.webp","datePublished":"2021-11-02T22:51:10+00:00","dateModified":"2025-09-25T09:21:38+00:00","description":"MISAS. Laborables y s\u00e1bados: 09:30 horas; 20:00 horas. Domingos y festivos: 10:00 horas; 11:00 horas; 12:00 (en la Lanchuela); 13:00 horas. Las confesiones todos los d\u00edas media hora antes","breadcrumb":{"@id":"https:\/\/parroquiadealpedrete.archimadrid.es\/?page_id=821#breadcrumb"},"inLanguage":"es","potentialAction":[{"@type":"ReadAction","target":["https:\/\/parroquiadealpedrete.archimadrid.es\/?page_id=821"]}]},{"@type":"ImageObject","inLanguage":"es","@id":"https:\/\/parroquiadealpedrete.archimadrid.es\/?page_id=821#primaryimage","url":"https:\/\/parroquiadealpedrete.archimadrid.es\/wp-content\/uploads\/2021\/12\/ecabb2f652334ea9908ddc31fa886174.webp","contentUrl":"https:\/\/parroquiadealpedrete.archimadrid.es\/wp-content\/uploads\/2021\/12\/ecabb2f652334ea9908ddc31fa886174.webp","width":980,"height":423},{"@type":"BreadcrumbList","@id":"https:\/\/parroquiadealpedrete.archimadrid.es\/?page_id=821#breadcrumb","itemListElement":[{"@type":"ListItem","position":1,"name":"Portada","item":"https:\/\/parroquiadealpedrete.archimadrid.es\/"},{"@type":"ListItem","position":2,"name":"Horarios"}]},{"@type":"WebSite","@id":"https:\/\/parroquiadealpedrete.archimadrid.es\/#website","url":"https:\/\/parroquiadealpedrete.archimadrid.es\/","name":"ASUNCI\u00d3N DE NUESTRA SE\u00d1ORA ALPEDRETE","description":"Parroquia de Alpedrete","publisher":{"@id":"https:\/\/parroquiadealpedrete.archimadrid.es\/#organization"},"potentialAction":[{"@type":"SearchAction","target":{"@type":"EntryPoint","urlTemplate":"https:\/\/parroquiadealpedrete.archimadrid.es\/?s={search_term_string}"},"query-input":{"@type":"PropertyValueSpecification","valueRequired":true,"valueName":"search_term_string"}}],"inLanguage":"es"},{"@type":"Organization","@id":"https:\/\/parroquiadealpedrete.archimadrid.es\/#organization","name":"Asunci\u00f3n de nuestra Se\u00f1ora de Alpedrete","url":"https:\/\/parroquiadealpedrete.archimadrid.es\/","logo":{"@type":"ImageObject","inLanguage":"es","@id":"https:\/\/parroquiadealpedrete.archimadrid.es\/#\/schema\/logo\/image\/","url":"https:\/\/parroquiadealpedrete.archimadrid.es\/wp-content\/uploads\/2022\/02\/Logo-con-fondo--scaled-e1645483003367.jpg","contentUrl":"https:\/\/parroquiadealpedrete.archimadrid.es\/wp-content\/uploads\/2022\/02\/Logo-con-fondo--scaled-e1645483003367.jpg","width":1689,"height":1689,"caption":"Asunci\u00f3n de nuestra Se\u00f1ora de Alpedrete"},"image":{"@id":"https:\/\/parroquiadealpedrete.archimadrid.es\/#\/schema\/logo\/image\/"}}]}},"_links":{"self":[{"href":"https:\/\/parroquiadealpedrete.archimadrid.es\/index.php?rest_route=\/wp\/v2\/pages\/821","targetHints":{"allow":["GET"]}}],"collection":[{"href":"https:\/\/parroquiadealpedrete.archimadrid.es\/index.php?rest_route=\/wp\/v2\/pages"}],"about":[{"href":"https:\/\/parroquiadealpedrete.archimadrid.es\/index.php?rest_route=\/wp\/v2\/types\/page"}],"author":[{"embeddable":true,"href":"https:\/\/parroquiadealpedrete.archimadrid.es\/index.php?rest_route=\/wp\/v2\/users\/1"}],"replies":[{"embeddable":true,"href":"https:\/\/parroquiadealpedrete.archimadrid.es\/index.php?rest_route=%2Fwp%2Fv2%2Fcomments&post=821"}],"version-history":[{"count":77,"href":"https:\/\/parroquiadealpedrete.archimadrid.es\/index.php?rest_route=\/wp\/v2\/pages\/821\/revisions"}],"predecessor-version":[{"id":4829,"href":"https:\/\/parroquiadealpedrete.archimadrid.es\/index.php?rest_route=\/wp\/v2\/pages\/821\/revisions\/4829"}],"wp:featuredmedia":[{"embeddable":true,"href":"https:\/\/parroquiadealpedrete.archimadrid.es\/index.php?rest_route=\/wp\/v2\/media\/1710"}],"wp:attachment":[{"href":"https:\/\/parroquiadealpedrete.archimadrid.es\/index.php?rest_route=%2Fwp%2Fv2%2Fmedia&parent=821"}],"curies":[{"name":"wp","href":"https:\/\/api.w.org\/{rel}","templated":true}]}}