{"id":871,"date":"2021-11-02T22:51:10","date_gmt":"2021-11-02T22:51:10","guid":{"rendered":"https:\/\/parroquiadealpedre.wixsite.com\/website\/nuesta-parroquia"},"modified":"2023-03-25T09:14:18","modified_gmt":"2023-03-25T08:14:18","slug":"nuesta-parroquia","status":"publish","type":"page","link":"https:\/\/parroquiadealpedrete.archimadrid.es\/?page_id=871","title":{"rendered":"Nuestra Parroquia"},"content":{"rendered":"<p class=\"fonts-plugin-block \"><strong>Un poco de historia\u2026.<\/strong><\/p>\n\n<p style=\"text-align: justify;\">Las ra\u00edces cristianas de la di\u00f3cesis de Madrid son anteriores a la Reconquista, pero es a partir de entonces cuando la paz y las legislaciones otorgadas por los reyes castellanos favorecieron la construcci\u00f3n de lugares de culto. Las rivalidades de madrile\u00f1os y segovianos por los terrenos en torno a los montes de Guadarrama quedaron zanjadas en 1275, cuando el rey Alfonso X otorg\u00f3 un privilegio para dividir los terrenos que ocupaban parte de la actual provincia de Madrid y sur de Segovia. Entre estos pueblos podemos encontrar Alpedrete, que ser\u00e1 en 1445 cuando junto a otras localidades sea considerado como lugar dependiente del Condado del Real de Manzanares, aunque por su peque\u00f1o tama\u00f1o y poca poblaci\u00f3n no produc\u00eda rentas.<br data-rich-text-line-break=\"true\"><br data-rich-text-line-break=\"true\">Durante el reinado de los Austrias se le concede privilegio de Villazgo a varias poblaciones entre ellas a Alpedrete que queda dependiente del Concejo de Villalba del que no se separar\u00e1 hasta el a\u00f1o 1840 tras un largo proceso.<br data-rich-text-line-break=\"true\">Alpedrete es un pueblo muy relacionado con la canter\u00eda y a su vez con la piedra, que ha sido empleada en la construcci\u00f3n de sus edificios m\u00e1s simb\u00f3licos, entre ellos su iglesia.<\/p>\n\n<p class=\"fonts-plugin-block \"><strong>LA IGLESIA DE LA ASUNCION DE NUESTRA SE\u00d1ORA<\/strong><\/p>\n\n\n<figure class=\"alignwide size-large wp-block-image eplus-wrapper\"><img decoding=\"async\" src=\"https:\/\/parroquiadealpedrete.archimadrid.es\/wp-content\/uploads\/2021\/11\/cropped-Captura-de-pantalla-2021-10-29-160212-1024x677.png\" alt=\"\"\/><\/figure>\n\n\n<p style=\"text-align: justify;\">La poblaci\u00f3n posee una de las m\u00e1s originales iglesias fortaleza de nuestra di\u00f3cesis, actualmente dedicada a la Asunci\u00f3n de la Virgen. En siglos pasados pudo ser conocida como de Santa Quiteria, San Roque o simplemente la iglesia la villa.<br data-rich-text-line-break=\"true\"><br data-rich-text-line-break=\"true\">El templo tiene una construcci\u00f3n en origen de planta basilical, de una sola nave, en la que hab\u00eda adosadas unas posibles capillas laterales y un p\u00f3rtico en el lado en el que hoy se encuentran los despachos. Con el tiempo aument\u00f3 su tama\u00f1o por medio de nuevas construcciones que permitieron ver su aspecto actual de iglesia de planta latina con \u00e1bside semicircular.&nbsp;<br data-rich-text-line-break=\"true\">Tradicionalmente ha sido datada en el siglo XII o XIII, pero por su estructura debemos fecharla en el siglo XV. Su aspecto es muy similar a la iglesia de Navalquejido, ahora cerrada. En el exterior se pueden observar una moldura convexa con una serie de bolas incrustadas vinculadas al tardog\u00f3tico espa\u00f1ol. Esa decoraci\u00f3n es propia de los siglos XV-XVI y se repite en gran parte de los pueblos del condado. En su interior, del siglo XVI, encontramos un artesonado mud\u00e9jar, una joya en la que confluyen ocho paneles octogonales, y un sagrario, utilizado actualmente en el monumento en Semana Santa. La pila bautismal y la peque\u00f1a talla de San Juan podr\u00edan ser de finales del siglo XVI o principios del XVII.&nbsp;&nbsp;&nbsp;<br data-rich-text-line-break=\"true\">La Iglesia se completa con un conjunto de tallas devocionales y dos relieves muy significativos, uno de Nuestra Se\u00f1ora de \u00c1frica y otro de Nuestra Se\u00f1ora del Carmen, ambos en escayola que fueron los bocetos de los relieves que se veneran en el Valle de los ca\u00eddos. Con respecto a las tallas el templo posee una imagen del Sagrado Coraz\u00f3n, una de San Jos\u00e9, el Santo Cristo, la Virgen de los Dolores, una peque\u00f1a imagen de la Virgen de F\u00e1tima, y un ni\u00f1o Jes\u00fas de vestir que se encuentra sobre la puerta de la Sacrist\u00eda. En el presbiterio la Imagen titular de la Iglesia, la Asunci\u00f3n de la Virgen que preside el templo desde el a\u00f1o 1954, bajo ella un sagrario de talleres de Arte Granda.&nbsp; En el altar lateral la imagen de Santa Quiteria, patrona del pueblo.<\/p>\n\n<p class=\"fonts-plugin-block \"><strong>IGLESIA DE NUESTRA SE\u00d1ORA DE LOS ANGELES Y SANTIAGO APOSTOL, \u201cLA LANCHUELA\u201d\u00a0<\/strong><\/p>\n\n<p><img loading=\"lazy\" decoding=\"async\" class=\"size-medium aligncenter\" src=\"https:\/\/parroquiadealpedrete.archimadrid.es\/wp-content\/uploads\/2021\/12\/Subir-a-un-Poco-de-Historia_La-Lanchuela-scaled.webp\" width=\"2560\" height=\"1920\"><\/p>\n<p style=\"text-align: justify;\">La ermita fue construida en los a\u00f1os 50 en la llamada \u201ccolonia de la Lanchuela\u201d. Comenz\u00f3 con una peque\u00f1a construcci\u00f3n, celebr\u00e1ndose la primera Eucarist\u00eda el domingo de pascua del a\u00f1o 1958. En el a\u00f1o 1981 gracias a la cesi\u00f3n de terrenos por parte del Ayuntamiento se ampli\u00f3 conform\u00e1ndose tal y como la vemos en la actualidad.&nbsp;<\/p>\n\n<p class=\"fonts-plugin-block \"><strong>NUESTRA SE\u00d1ORA DEL CARMEN<\/strong><\/p>\n\n<p style=\"text-align: center;\"><img loading=\"lazy\" decoding=\"async\" class=\"aligncenter size-medium\" src=\"https:\/\/parroquiadealpedrete.archimadrid.es\/wp-content\/uploads\/2022\/01\/Negrales.webp\" width=\"5184\" height=\"3888\"><\/p>\n<p style=\"text-align: justify;\">En el barrio de los negrales se encuentra la Iglesia de Nuestra Se\u00f1ora del Carmen, Su construcci\u00f3n se debe a una cesi\u00f3n de terrenos a favor del arzobispado de Madrid en 1932. En el a\u00f1o 1970 los agustinos se hicieron cargo de la parroquia que hab\u00eda funcionado hasta entonces vinculada a Nuestra Se\u00f1ora de la Asunci\u00f3n.<\/p>\n\n<p class=\"fonts-plugin-block \"><strong>ERMITA DE SANTA QUITERIA<\/strong><\/p>\n\n<p><img loading=\"lazy\" decoding=\"async\" class=\"size-medium aligncenter\" src=\"https:\/\/parroquiadealpedrete.archimadrid.es\/wp-content\/uploads\/2021\/12\/Un-Poco-de-Historia_Ermita-Sta-Quiteria.webp\" width=\"5184\" height=\"3888\"><\/p>\n<p style=\"text-align: justify;\">En el entorno de los colegios y polideportivo se encuentra la Ermita de Santa Quiteria, un peque\u00f1o templo de piedra que alberga la imagen de la patrona del pueblo.&nbsp; All\u00ed se celebra la Eucarist\u00eda el d\u00eda de Santa Quiteria y la Hermandad se encarga tanto de su apertura como de su limpieza y cuidado.<\/p>\n\n<p class=\"fonts-plugin-block \">Informaci\u00f3n extra\u00edda de:\u00a0<\/p>\n\n<p class=\"fonts-plugin-block \">FLORENTINO DE ANDRES JALVO: Alpedrete, Algo de su Historia, de su parroquia y de su patrona.<br>ALPEDRETE en <em>\u201calfa y omega<\/em>\u201d publicado 15 de septiembre de 2016.<\/p>","protected":false},"excerpt":{"rendered":"<p>Las ra\u00edces cristianas de la di\u00f3cesis de Madrid son anteriores a la Reconquista, pero es a partir de entonces cuando la paz y las legislaciones otorgadas por los reyes castellanos favorecieron la construcci\u00f3n de lugares de culto. Las rivalidades de madrile\u00f1os y segovianos por los terrenos en torno a los montes de Guadarrama quedaron zanjadas &hellip; <\/p>\n<p class=\"link-more\"><a href=\"https:\/\/parroquiadealpedrete.archimadrid.es\/?page_id=871\" class=\"more-link\">Leer m\u00e1s<span class=\"screen-reader-text\"> \u00abNuestra Parroquia\u00bb<\/span><\/a><\/p>\n","protected":false},"author":1,"featured_media":0,"parent":0,"menu_order":0,"comment_status":"closed","ping_status":"closed","template":"","meta":{"editor_plus_copied_stylings":"{}","footnotes":""},"class_list":["post-871","page","type-page","status-publish","hentry"],"yoast_head":"<!-- This site is optimized with the Yoast SEO plugin v26.3 - https:\/\/yoast.com\/wordpress\/plugins\/seo\/ -->\n<title>Nuestra Parroquia - ASUNCI\u00d3N DE NUESTRA SE\u00d1ORA ALPEDRETE<\/title>\n<meta name=\"robots\" content=\"index, follow, max-snippet:-1, max-image-preview:large, max-video-preview:-1\" \/>\n<link rel=\"canonical\" href=\"https:\/\/parroquiadealpedrete.archimadrid.es\/?page_id=871\" \/>\n<meta property=\"og:locale\" content=\"es_ES\" \/>\n<meta property=\"og:type\" content=\"article\" \/>\n<meta property=\"og:title\" content=\"Nuestra Parroquia - ASUNCI\u00d3N DE NUESTRA SE\u00d1ORA ALPEDRETE\" \/>\n<meta property=\"og:description\" content=\"Las ra\u00edces cristianas de la di\u00f3cesis de Madrid son anteriores a la Reconquista, pero es a partir de entonces cuando la paz y las legislaciones otorgadas por los reyes castellanos favorecieron la construcci\u00f3n de lugares de culto. Las rivalidades de madrile\u00f1os y segovianos por los terrenos en torno a los montes de Guadarrama quedaron zanjadas &hellip; Leer m\u00e1s \u00abNuestra Parroquia\u00bb\" \/>\n<meta property=\"og:url\" content=\"https:\/\/parroquiadealpedrete.archimadrid.es\/?page_id=871\" \/>\n<meta property=\"og:site_name\" content=\"ASUNCI\u00d3N DE NUESTRA SE\u00d1ORA ALPEDRETE\" \/>\n<meta property=\"article:modified_time\" content=\"2023-03-25T08:14:18+00:00\" \/>\n<meta property=\"og:image\" content=\"https:\/\/parroquiadealpedrete.archimadrid.es\/wp-content\/uploads\/2021\/11\/cropped-Captura-de-pantalla-2021-10-29-160212-1024x677.png\" \/>\n<meta name=\"twitter:card\" content=\"summary_large_image\" \/>\n<meta name=\"twitter:label1\" content=\"Tiempo de lectura\" \/>\n\t<meta name=\"twitter:data1\" content=\"5 minutos\" \/>\n<script type=\"application\/ld+json\" class=\"yoast-schema-graph\">{\"@context\":\"https:\/\/schema.org\",\"@graph\":[{\"@type\":\"WebPage\",\"@id\":\"https:\/\/parroquiadealpedrete.archimadrid.es\/?page_id=871\",\"url\":\"https:\/\/parroquiadealpedrete.archimadrid.es\/?page_id=871\",\"name\":\"Nuestra Parroquia - ASUNCI\u00d3N DE NUESTRA SE\u00d1ORA ALPEDRETE\",\"isPartOf\":{\"@id\":\"https:\/\/parroquiadealpedrete.archimadrid.es\/#website\"},\"primaryImageOfPage\":{\"@id\":\"https:\/\/parroquiadealpedrete.archimadrid.es\/?page_id=871#primaryimage\"},\"image\":{\"@id\":\"https:\/\/parroquiadealpedrete.archimadrid.es\/?page_id=871#primaryimage\"},\"thumbnailUrl\":\"https:\/\/parroquiadealpedrete.archimadrid.es\/wp-content\/uploads\/2021\/11\/cropped-Captura-de-pantalla-2021-10-29-160212-1024x677.png\",\"datePublished\":\"2021-11-02T22:51:10+00:00\",\"dateModified\":\"2023-03-25T08:14:18+00:00\",\"breadcrumb\":{\"@id\":\"https:\/\/parroquiadealpedrete.archimadrid.es\/?page_id=871#breadcrumb\"},\"inLanguage\":\"es\",\"potentialAction\":[{\"@type\":\"ReadAction\",\"target\":[\"https:\/\/parroquiadealpedrete.archimadrid.es\/?page_id=871\"]}]},{\"@type\":\"ImageObject\",\"inLanguage\":\"es\",\"@id\":\"https:\/\/parroquiadealpedrete.archimadrid.es\/?page_id=871#primaryimage\",\"url\":\"https:\/\/parroquiadealpedrete.archimadrid.es\/wp-content\/uploads\/2021\/11\/cropped-Captura-de-pantalla-2021-10-29-160212.png\",\"contentUrl\":\"https:\/\/parroquiadealpedrete.archimadrid.es\/wp-content\/uploads\/2021\/11\/cropped-Captura-de-pantalla-2021-10-29-160212.png\",\"width\":2000,\"height\":1323},{\"@type\":\"BreadcrumbList\",\"@id\":\"https:\/\/parroquiadealpedrete.archimadrid.es\/?page_id=871#breadcrumb\",\"itemListElement\":[{\"@type\":\"ListItem\",\"position\":1,\"name\":\"Portada\",\"item\":\"https:\/\/parroquiadealpedrete.archimadrid.es\/\"},{\"@type\":\"ListItem\",\"position\":2,\"name\":\"Nuestra Parroquia\"}]},{\"@type\":\"WebSite\",\"@id\":\"https:\/\/parroquiadealpedrete.archimadrid.es\/#website\",\"url\":\"https:\/\/parroquiadealpedrete.archimadrid.es\/\",\"name\":\"ASUNCI\u00d3N DE NUESTRA SE\u00d1ORA ALPEDRETE\",\"description\":\"Parroquia de Alpedrete\",\"publisher\":{\"@id\":\"https:\/\/parroquiadealpedrete.archimadrid.es\/#organization\"},\"potentialAction\":[{\"@type\":\"SearchAction\",\"target\":{\"@type\":\"EntryPoint\",\"urlTemplate\":\"https:\/\/parroquiadealpedrete.archimadrid.es\/?s={search_term_string}\"},\"query-input\":{\"@type\":\"PropertyValueSpecification\",\"valueRequired\":true,\"valueName\":\"search_term_string\"}}],\"inLanguage\":\"es\"},{\"@type\":\"Organization\",\"@id\":\"https:\/\/parroquiadealpedrete.archimadrid.es\/#organization\",\"name\":\"Asunci\u00f3n de nuestra Se\u00f1ora de Alpedrete\",\"url\":\"https:\/\/parroquiadealpedrete.archimadrid.es\/\",\"logo\":{\"@type\":\"ImageObject\",\"inLanguage\":\"es\",\"@id\":\"https:\/\/parroquiadealpedrete.archimadrid.es\/#\/schema\/logo\/image\/\",\"url\":\"https:\/\/parroquiadealpedrete.archimadrid.es\/wp-content\/uploads\/2022\/02\/Logo-con-fondo--scaled-e1645483003367.jpg\",\"contentUrl\":\"https:\/\/parroquiadealpedrete.archimadrid.es\/wp-content\/uploads\/2022\/02\/Logo-con-fondo--scaled-e1645483003367.jpg\",\"width\":1689,\"height\":1689,\"caption\":\"Asunci\u00f3n de nuestra Se\u00f1ora de Alpedrete\"},\"image\":{\"@id\":\"https:\/\/parroquiadealpedrete.archimadrid.es\/#\/schema\/logo\/image\/\"}}]}<\/script>\n<!-- \/ Yoast SEO plugin. -->","yoast_head_json":{"title":"Nuestra Parroquia - ASUNCI\u00d3N DE NUESTRA SE\u00d1ORA ALPEDRETE","robots":{"index":"index","follow":"follow","max-snippet":"max-snippet:-1","max-image-preview":"max-image-preview:large","max-video-preview":"max-video-preview:-1"},"canonical":"https:\/\/parroquiadealpedrete.archimadrid.es\/?page_id=871","og_locale":"es_ES","og_type":"article","og_title":"Nuestra Parroquia - ASUNCI\u00d3N DE NUESTRA SE\u00d1ORA ALPEDRETE","og_description":"Las ra\u00edces cristianas de la di\u00f3cesis de Madrid son anteriores a la Reconquista, pero es a partir de entonces cuando la paz y las legislaciones otorgadas por los reyes castellanos favorecieron la construcci\u00f3n de lugares de culto. Las rivalidades de madrile\u00f1os y segovianos por los terrenos en torno a los montes de Guadarrama quedaron zanjadas &hellip; Leer m\u00e1s \u00abNuestra Parroquia\u00bb","og_url":"https:\/\/parroquiadealpedrete.archimadrid.es\/?page_id=871","og_site_name":"ASUNCI\u00d3N DE NUESTRA SE\u00d1ORA ALPEDRETE","article_modified_time":"2023-03-25T08:14:18+00:00","og_image":[{"url":"https:\/\/parroquiadealpedrete.archimadrid.es\/wp-content\/uploads\/2021\/11\/cropped-Captura-de-pantalla-2021-10-29-160212-1024x677.png","type":"","width":"","height":""}],"twitter_card":"summary_large_image","twitter_misc":{"Tiempo de lectura":"5 minutos"},"schema":{"@context":"https:\/\/schema.org","@graph":[{"@type":"WebPage","@id":"https:\/\/parroquiadealpedrete.archimadrid.es\/?page_id=871","url":"https:\/\/parroquiadealpedrete.archimadrid.es\/?page_id=871","name":"Nuestra Parroquia - ASUNCI\u00d3N DE NUESTRA SE\u00d1ORA ALPEDRETE","isPartOf":{"@id":"https:\/\/parroquiadealpedrete.archimadrid.es\/#website"},"primaryImageOfPage":{"@id":"https:\/\/parroquiadealpedrete.archimadrid.es\/?page_id=871#primaryimage"},"image":{"@id":"https:\/\/parroquiadealpedrete.archimadrid.es\/?page_id=871#primaryimage"},"thumbnailUrl":"https:\/\/parroquiadealpedrete.archimadrid.es\/wp-content\/uploads\/2021\/11\/cropped-Captura-de-pantalla-2021-10-29-160212-1024x677.png","datePublished":"2021-11-02T22:51:10+00:00","dateModified":"2023-03-25T08:14:18+00:00","breadcrumb":{"@id":"https:\/\/parroquiadealpedrete.archimadrid.es\/?page_id=871#breadcrumb"},"inLanguage":"es","potentialAction":[{"@type":"ReadAction","target":["https:\/\/parroquiadealpedrete.archimadrid.es\/?page_id=871"]}]},{"@type":"ImageObject","inLanguage":"es","@id":"https:\/\/parroquiadealpedrete.archimadrid.es\/?page_id=871#primaryimage","url":"https:\/\/parroquiadealpedrete.archimadrid.es\/wp-content\/uploads\/2021\/11\/cropped-Captura-de-pantalla-2021-10-29-160212.png","contentUrl":"https:\/\/parroquiadealpedrete.archimadrid.es\/wp-content\/uploads\/2021\/11\/cropped-Captura-de-pantalla-2021-10-29-160212.png","width":2000,"height":1323},{"@type":"BreadcrumbList","@id":"https:\/\/parroquiadealpedrete.archimadrid.es\/?page_id=871#breadcrumb","itemListElement":[{"@type":"ListItem","position":1,"name":"Portada","item":"https:\/\/parroquiadealpedrete.archimadrid.es\/"},{"@type":"ListItem","position":2,"name":"Nuestra Parroquia"}]},{"@type":"WebSite","@id":"https:\/\/parroquiadealpedrete.archimadrid.es\/#website","url":"https:\/\/parroquiadealpedrete.archimadrid.es\/","name":"ASUNCI\u00d3N DE NUESTRA SE\u00d1ORA ALPEDRETE","description":"Parroquia de Alpedrete","publisher":{"@id":"https:\/\/parroquiadealpedrete.archimadrid.es\/#organization"},"potentialAction":[{"@type":"SearchAction","target":{"@type":"EntryPoint","urlTemplate":"https:\/\/parroquiadealpedrete.archimadrid.es\/?s={search_term_string}"},"query-input":{"@type":"PropertyValueSpecification","valueRequired":true,"valueName":"search_term_string"}}],"inLanguage":"es"},{"@type":"Organization","@id":"https:\/\/parroquiadealpedrete.archimadrid.es\/#organization","name":"Asunci\u00f3n de nuestra Se\u00f1ora de Alpedrete","url":"https:\/\/parroquiadealpedrete.archimadrid.es\/","logo":{"@type":"ImageObject","inLanguage":"es","@id":"https:\/\/parroquiadealpedrete.archimadrid.es\/#\/schema\/logo\/image\/","url":"https:\/\/parroquiadealpedrete.archimadrid.es\/wp-content\/uploads\/2022\/02\/Logo-con-fondo--scaled-e1645483003367.jpg","contentUrl":"https:\/\/parroquiadealpedrete.archimadrid.es\/wp-content\/uploads\/2022\/02\/Logo-con-fondo--scaled-e1645483003367.jpg","width":1689,"height":1689,"caption":"Asunci\u00f3n de nuestra Se\u00f1ora de Alpedrete"},"image":{"@id":"https:\/\/parroquiadealpedrete.archimadrid.es\/#\/schema\/logo\/image\/"}}]}},"_links":{"self":[{"href":"https:\/\/parroquiadealpedrete.archimadrid.es\/index.php?rest_route=\/wp\/v2\/pages\/871","targetHints":{"allow":["GET"]}}],"collection":[{"href":"https:\/\/parroquiadealpedrete.archimadrid.es\/index.php?rest_route=\/wp\/v2\/pages"}],"about":[{"href":"https:\/\/parroquiadealpedrete.archimadrid.es\/index.php?rest_route=\/wp\/v2\/types\/page"}],"author":[{"embeddable":true,"href":"https:\/\/parroquiadealpedrete.archimadrid.es\/index.php?rest_route=\/wp\/v2\/users\/1"}],"replies":[{"embeddable":true,"href":"https:\/\/parroquiadealpedrete.archimadrid.es\/index.php?rest_route=%2Fwp%2Fv2%2Fcomments&post=871"}],"version-history":[{"count":28,"href":"https:\/\/parroquiadealpedrete.archimadrid.es\/index.php?rest_route=\/wp\/v2\/pages\/871\/revisions"}],"predecessor-version":[{"id":3957,"href":"https:\/\/parroquiadealpedrete.archimadrid.es\/index.php?rest_route=\/wp\/v2\/pages\/871\/revisions\/3957"}],"wp:attachment":[{"href":"https:\/\/parroquiadealpedrete.archimadrid.es\/index.php?rest_route=%2Fwp%2Fv2%2Fmedia&parent=871"}],"curies":[{"name":"wp","href":"https:\/\/api.w.org\/{rel}","templated":true}]}}