{"id":881,"date":"2021-11-02T22:51:10","date_gmt":"2021-11-02T22:51:10","guid":{"rendered":"https:\/\/parroquiadealpedre.wixsite.com\/website\/fotos"},"modified":"2022-06-25T10:07:06","modified_gmt":"2022-06-25T08:07:06","slug":"fotos","status":"publish","type":"page","link":"https:\/\/parroquiadealpedrete.archimadrid.es\/?page_id=881","title":{"rendered":"Fotos"},"content":{"rendered":"<div class=\"wp-block-columns eplus-wrapper is-layout-flex wp-container-core-columns-is-layout-28f84493 wp-block-columns-is-layout-flex eplus-styles-uid-ce1500\">\n<div class=\"wp-block-column eplus-wrapper is-layout-flow wp-block-column-is-layout-flow\">\n<p><a href=\"https:\/\/photos.app.goo.gl\/bPLHWKXUdncfECZd7\" target=\"_blank\" rel=\"noopener\"><img loading=\"lazy\" decoding=\"async\" class=\"aligncenter wp-image-2916 size-medium\" src=\"https:\/\/parroquiadealpedrete.archimadrid.es\/wp-content\/uploads\/2022\/02\/Copia-de-DSC_3968-300x200.jpg\" alt=\"\" width=\"300\" height=\"200\" srcset=\"https:\/\/parroquiadealpedrete.archimadrid.es\/wp-content\/uploads\/2022\/02\/Copia-de-DSC_3968-300x200.jpg 300w, https:\/\/parroquiadealpedrete.archimadrid.es\/wp-content\/uploads\/2022\/02\/Copia-de-DSC_3968-1024x683.jpg 1024w, https:\/\/parroquiadealpedrete.archimadrid.es\/wp-content\/uploads\/2022\/02\/Copia-de-DSC_3968-768x513.jpg 768w, https:\/\/parroquiadealpedrete.archimadrid.es\/wp-content\/uploads\/2022\/02\/Copia-de-DSC_3968.jpg 1500w\" sizes=\"auto, (max-width: 300px) 100vw, 300px\" \/><\/a><\/p>\n<p style=\"text-align: center;\"><a href=\"https:\/\/photos.app.goo.gl\/bPLHWKXUdncfECZd7\" target=\"_blank\" rel=\"noopener\">Iglesia de Alpedrete<\/a><\/p>\n\n\n\n<p><a href=\"https:\/\/photos.app.goo.gl\/hXaEtqzz6SyXsaMn7\" target=\"_blank\" rel=\"noopener\"><img loading=\"lazy\" decoding=\"async\" class=\"aligncenter wp-image-2920 size-medium\" src=\"https:\/\/parroquiadealpedrete.archimadrid.es\/wp-content\/uploads\/2022\/02\/Copia-de-DSC_2541-e1644871558102-300x200.jpg\" alt=\"\" width=\"300\" height=\"200\" srcset=\"https:\/\/parroquiadealpedrete.archimadrid.es\/wp-content\/uploads\/2022\/02\/Copia-de-DSC_2541-e1644871558102-300x200.jpg 300w, https:\/\/parroquiadealpedrete.archimadrid.es\/wp-content\/uploads\/2022\/02\/Copia-de-DSC_2541-e1644871558102-1024x683.jpg 1024w, https:\/\/parroquiadealpedrete.archimadrid.es\/wp-content\/uploads\/2022\/02\/Copia-de-DSC_2541-e1644871558102-768x512.jpg 768w, https:\/\/parroquiadealpedrete.archimadrid.es\/wp-content\/uploads\/2022\/02\/Copia-de-DSC_2541-e1644871558102-1536x1025.jpg 1536w, https:\/\/parroquiadealpedrete.archimadrid.es\/wp-content\/uploads\/2022\/02\/Copia-de-DSC_2541-e1644871558102.jpg 1920w\" sizes=\"auto, (max-width: 300px) 100vw, 300px\" \/><\/a><\/p>\n<p style=\"text-align: center;\"><a href=\"https:\/\/photos.app.goo.gl\/hXaEtqzz6SyXsaMn7\" target=\"_blank\" rel=\"noopener\">Navidad<\/a><\/p>\n\n\n\n<p><a href=\"https:\/\/photos.app.goo.gl\/Qss77UsKpY1qBQGo6\" target=\"_blank\" rel=\"noopener\"><img loading=\"lazy\" decoding=\"async\" class=\"aligncenter wp-image-2917\" src=\"https:\/\/parroquiadealpedrete.archimadrid.es\/wp-content\/uploads\/2022\/02\/DSC00370-225x300.jpg\" alt=\"\" width=\"150\" height=\"200\" srcset=\"https:\/\/parroquiadealpedrete.archimadrid.es\/wp-content\/uploads\/2022\/02\/DSC00370-225x300.jpg 225w, https:\/\/parroquiadealpedrete.archimadrid.es\/wp-content\/uploads\/2022\/02\/DSC00370-768x1024.jpg 768w, https:\/\/parroquiadealpedrete.archimadrid.es\/wp-content\/uploads\/2022\/02\/DSC00370-1152x1536.jpg 1152w, https:\/\/parroquiadealpedrete.archimadrid.es\/wp-content\/uploads\/2022\/02\/DSC00370-1536x2048.jpg 1536w, https:\/\/parroquiadealpedrete.archimadrid.es\/wp-content\/uploads\/2022\/02\/DSC00370-scaled.jpg 1920w\" sizes=\"auto, (max-width: 150px) 100vw, 150px\" \/><\/a><\/p>\n<p style=\"text-align: center;\"><a href=\"https:\/\/photos.app.goo.gl\/Qss77UsKpY1qBQGo6\" target=\"_blank\" rel=\"noopener\">Im\u00e1genes y objetos lit\u00fargicos<\/a><\/p>\n<\/div>\n\n\n\n<div class=\"wp-block-column eplus-wrapper is-layout-flow wp-block-column-is-layout-flow\">\n<p><a href=\"https:\/\/photos.app.goo.gl\/D8pJZ7ZmHyiX5G196\" target=\"_blank\" rel=\"noopener\"><img loading=\"lazy\" decoding=\"async\" class=\"aligncenter wp-image-2923 size-medium\" src=\"https:\/\/parroquiadealpedrete.archimadrid.es\/wp-content\/uploads\/2022\/02\/Copia-de-mayordomos-Sta-Quiteria-2021-2022_3-e1644871623508-300x200.jpeg\" alt=\"\" width=\"300\" height=\"200\" srcset=\"https:\/\/parroquiadealpedrete.archimadrid.es\/wp-content\/uploads\/2022\/02\/Copia-de-mayordomos-Sta-Quiteria-2021-2022_3-e1644871623508-300x200.jpeg 300w, https:\/\/parroquiadealpedrete.archimadrid.es\/wp-content\/uploads\/2022\/02\/Copia-de-mayordomos-Sta-Quiteria-2021-2022_3-e1644871623508-768x512.jpeg 768w, https:\/\/parroquiadealpedrete.archimadrid.es\/wp-content\/uploads\/2022\/02\/Copia-de-mayordomos-Sta-Quiteria-2021-2022_3-e1644871623508.jpeg 1024w\" sizes=\"auto, (max-width: 300px) 100vw, 300px\" \/><\/a><\/p>\n<p style=\"text-align: center;\"><a href=\"https:\/\/photos.app.goo.gl\/D8pJZ7ZmHyiX5G196\" target=\"_blank\" rel=\"noopener\">Santa Quiteria<\/a><\/p>\n\n\n\n<p><a href=\"https:\/\/photos.app.goo.gl\/SAheEE9cpg31sMR86\" target=\"_blank\" rel=\"noopener\"><img loading=\"lazy\" decoding=\"async\" class=\"aligncenter wp-image-3493\" src=\"https:\/\/parroquiadealpedrete.archimadrid.es\/wp-content\/uploads\/2022\/04\/DSC00694-300x225.webp\" alt=\"\" width=\"267\" height=\"200\" srcset=\"https:\/\/parroquiadealpedrete.archimadrid.es\/wp-content\/uploads\/2022\/04\/DSC00694-300x225.webp 300w, https:\/\/parroquiadealpedrete.archimadrid.es\/wp-content\/uploads\/2022\/04\/DSC00694-1024x768.webp 1024w, https:\/\/parroquiadealpedrete.archimadrid.es\/wp-content\/uploads\/2022\/04\/DSC00694-768x576.webp 768w, https:\/\/parroquiadealpedrete.archimadrid.es\/wp-content\/uploads\/2022\/04\/DSC00694-1536x1152.webp 1536w, https:\/\/parroquiadealpedrete.archimadrid.es\/wp-content\/uploads\/2022\/04\/DSC00694-2048x1536.webp 2048w, https:\/\/parroquiadealpedrete.archimadrid.es\/wp-content\/uploads\/2022\/04\/DSC00694-2000x1500.webp 2000w\" sizes=\"auto, (max-width: 267px) 100vw, 267px\" \/><\/a><\/p>\n<p style=\"text-align: center;\"><a href=\"https:\/\/photos.app.goo.gl\/BewMHixp5Mk2Zx3v7\" target=\"_blank\" rel=\"noopener\">Procesi\u00f3n &#8211; Semana Santa 2022<\/a><\/p>\n\n\n\n<p><a href=\"https:\/\/photos.app.goo.gl\/CkVoz3ujei2rRgYc8\" target=\"_blank\" rel=\"noopener\"><img loading=\"lazy\" decoding=\"async\" class=\"aligncenter wp-image-3700\" src=\"https:\/\/parroquiadealpedrete.archimadrid.es\/wp-content\/uploads\/2022\/06\/IMG_20220619_134521_216-300x225.webp\" alt=\"\" width=\"267\" height=\"200\" srcset=\"https:\/\/parroquiadealpedrete.archimadrid.es\/wp-content\/uploads\/2022\/06\/IMG_20220619_134521_216-300x225.webp 300w, https:\/\/parroquiadealpedrete.archimadrid.es\/wp-content\/uploads\/2022\/06\/IMG_20220619_134521_216-1024x768.webp 1024w, https:\/\/parroquiadealpedrete.archimadrid.es\/wp-content\/uploads\/2022\/06\/IMG_20220619_134521_216-768x576.webp 768w, https:\/\/parroquiadealpedrete.archimadrid.es\/wp-content\/uploads\/2022\/06\/IMG_20220619_134521_216-1536x1152.webp 1536w, https:\/\/parroquiadealpedrete.archimadrid.es\/wp-content\/uploads\/2022\/06\/IMG_20220619_134521_216-2048x1536.webp 2048w, https:\/\/parroquiadealpedrete.archimadrid.es\/wp-content\/uploads\/2022\/06\/IMG_20220619_134521_216-2000x1500.webp 2000w\" sizes=\"auto, (max-width: 267px) 100vw, 267px\" \/><\/a><\/p>\n<p style=\"text-align: center;\"><a href=\"https:\/\/photos.app.goo.gl\/CkVoz3ujei2rRgYc8\" target=\"_blank\" rel=\"noopener\">Corpus Cristi 2022<\/a><\/p>\n<\/div>\n\n\n\n<div class=\"wp-block-column eplus-wrapper is-layout-flow wp-block-column-is-layout-flow\">\n<p><a href=\"https:\/\/photos.app.goo.gl\/QfF1pXixpkLCdBGe9\" target=\"_blank\" rel=\"noopener\"><img loading=\"lazy\" decoding=\"async\" class=\"aligncenter wp-image-2926 size-medium\" src=\"https:\/\/parroquiadealpedrete.archimadrid.es\/wp-content\/uploads\/2022\/02\/IMG_3474-scaled-e1644871674819-300x200.jpg\" alt=\"\" width=\"300\" height=\"200\" srcset=\"https:\/\/parroquiadealpedrete.archimadrid.es\/wp-content\/uploads\/2022\/02\/IMG_3474-scaled-e1644871674819-300x200.jpg 300w, https:\/\/parroquiadealpedrete.archimadrid.es\/wp-content\/uploads\/2022\/02\/IMG_3474-scaled-e1644871674819-1024x683.jpg 1024w, https:\/\/parroquiadealpedrete.archimadrid.es\/wp-content\/uploads\/2022\/02\/IMG_3474-scaled-e1644871674819-768x512.jpg 768w, https:\/\/parroquiadealpedrete.archimadrid.es\/wp-content\/uploads\/2022\/02\/IMG_3474-scaled-e1644871674819-1536x1025.jpg 1536w, https:\/\/parroquiadealpedrete.archimadrid.es\/wp-content\/uploads\/2022\/02\/IMG_3474-scaled-e1644871674819-2048x1366.jpg 2048w, https:\/\/parroquiadealpedrete.archimadrid.es\/wp-content\/uploads\/2022\/02\/IMG_3474-scaled-e1644871674819-2000x1334.jpg 2000w\" sizes=\"auto, (max-width: 300px) 100vw, 300px\" \/><\/a><\/p>\n<p style=\"text-align: center;\"><a href=\"https:\/\/photos.app.goo.gl\/QfF1pXixpkLCdBGe9\" target=\"_blank\" rel=\"noopener\">Semana Santa<\/a><\/p>\n\n\n\n<p><a href=\"https:\/\/photos.app.goo.gl\/ws4C47ZpWX86foG2A\" target=\"_blank\" rel=\"noopener\"><img loading=\"lazy\" decoding=\"async\" class=\"aligncenter wp-image-2927 size-medium\" src=\"https:\/\/parroquiadealpedrete.archimadrid.es\/wp-content\/uploads\/2022\/02\/IMG_20180827_192643-scaled-e1644871474605-300x200.jpg\" alt=\"\" width=\"300\" height=\"200\" srcset=\"https:\/\/parroquiadealpedrete.archimadrid.es\/wp-content\/uploads\/2022\/02\/IMG_20180827_192643-scaled-e1644871474605-300x200.jpg 300w, https:\/\/parroquiadealpedrete.archimadrid.es\/wp-content\/uploads\/2022\/02\/IMG_20180827_192643-scaled-e1644871474605-1024x684.jpg 1024w, https:\/\/parroquiadealpedrete.archimadrid.es\/wp-content\/uploads\/2022\/02\/IMG_20180827_192643-scaled-e1644871474605-768x513.jpg 768w, https:\/\/parroquiadealpedrete.archimadrid.es\/wp-content\/uploads\/2022\/02\/IMG_20180827_192643-scaled-e1644871474605-1536x1026.jpg 1536w, https:\/\/parroquiadealpedrete.archimadrid.es\/wp-content\/uploads\/2022\/02\/IMG_20180827_192643-scaled-e1644871474605-2048x1368.jpg 2048w, https:\/\/parroquiadealpedrete.archimadrid.es\/wp-content\/uploads\/2022\/02\/IMG_20180827_192643-scaled-e1644871474605-2000x1336.jpg 2000w\" sizes=\"auto, (max-width: 300px) 100vw, 300px\" \/><\/a><\/p>\n<p style=\"text-align: center;\"><a href=\"https:\/\/photos.app.goo.gl\/ws4C47ZpWX86foG2A\" target=\"_blank\" rel=\"noopener\">Viajes y excursiones<\/a><\/p>\n\n\n\n<p><a href=\"https:\/\/photos.app.goo.gl\/SAheEE9cpg31sMR86\" target=\"_blank\" rel=\"noopener\"><img loading=\"lazy\" decoding=\"async\" class=\"aligncenter wp-image-2921 size-medium\" src=\"https:\/\/parroquiadealpedrete.archimadrid.es\/wp-content\/uploads\/2022\/02\/WhatsApp-Image-2022-02-13-at-14.00.15-e1644871424230-300x200.jpeg\" alt=\"\" width=\"300\" height=\"200\" srcset=\"https:\/\/parroquiadealpedrete.archimadrid.es\/wp-content\/uploads\/2022\/02\/WhatsApp-Image-2022-02-13-at-14.00.15-e1644871424230-300x200.jpeg 300w, https:\/\/parroquiadealpedrete.archimadrid.es\/wp-content\/uploads\/2022\/02\/WhatsApp-Image-2022-02-13-at-14.00.15-e1644871424230-1024x684.jpeg 1024w, https:\/\/parroquiadealpedrete.archimadrid.es\/wp-content\/uploads\/2022\/02\/WhatsApp-Image-2022-02-13-at-14.00.15-e1644871424230-768x513.jpeg 768w, https:\/\/parroquiadealpedrete.archimadrid.es\/wp-content\/uploads\/2022\/02\/WhatsApp-Image-2022-02-13-at-14.00.15-e1644871424230.jpeg 1137w\" sizes=\"auto, (max-width: 300px) 100vw, 300px\" \/><\/a><\/p>\n<p style=\"text-align: center;\"><a href=\"https:\/\/photos.app.goo.gl\/SAheEE9cpg31sMR86\" target=\"_blank\" rel=\"noopener\">Otras celebraciones<\/a><\/p>\n<\/div>\n<\/div>\n\n\n<p class=\" eplus-wrapper\"><\/p>\n","protected":false},"excerpt":{"rendered":"<p>Iglesia de Alpedrete Navidad Im\u00e1genes y objetos lit\u00fargicos Santa Quiteria Procesi\u00f3n &#8211; Semana Santa 2022 Corpus Cristi 2022 Semana Santa Viajes y excursiones Otras celebraciones<\/p>\n","protected":false},"author":1,"featured_media":0,"parent":0,"menu_order":0,"comment_status":"closed","ping_status":"closed","template":"","meta":{"editor_plus_copied_stylings":"{}","footnotes":""},"class_list":["post-881","page","type-page","status-publish","hentry"],"yoast_head":"<!-- This site is optimized with the Yoast SEO plugin v26.3 - https:\/\/yoast.com\/wordpress\/plugins\/seo\/ -->\n<title>Fotos - ASUNCI\u00d3N DE NUESTRA SE\u00d1ORA ALPEDRETE<\/title>\n<meta name=\"robots\" content=\"index, follow, max-snippet:-1, max-image-preview:large, max-video-preview:-1\" \/>\n<link rel=\"canonical\" href=\"https:\/\/parroquiadealpedrete.archimadrid.es\/?page_id=881\" \/>\n<meta property=\"og:locale\" content=\"es_ES\" \/>\n<meta property=\"og:type\" content=\"article\" \/>\n<meta property=\"og:title\" content=\"Fotos - ASUNCI\u00d3N DE NUESTRA SE\u00d1ORA ALPEDRETE\" \/>\n<meta property=\"og:description\" content=\"Iglesia de Alpedrete Navidad Im\u00e1genes y objetos lit\u00fargicos Santa Quiteria Procesi\u00f3n &#8211; Semana Santa 2022 Corpus Cristi 2022 Semana Santa Viajes y excursiones Otras celebraciones\" \/>\n<meta property=\"og:url\" content=\"https:\/\/parroquiadealpedrete.archimadrid.es\/?page_id=881\" \/>\n<meta property=\"og:site_name\" content=\"ASUNCI\u00d3N DE NUESTRA SE\u00d1ORA ALPEDRETE\" \/>\n<meta property=\"article:modified_time\" content=\"2022-06-25T08:07:06+00:00\" \/>\n<meta property=\"og:image\" content=\"https:\/\/parroquiadealpedrete.archimadrid.es\/wp-content\/uploads\/2022\/02\/Copia-de-DSC_3968-300x200.jpg\" \/>\n<meta name=\"twitter:card\" content=\"summary_large_image\" \/>\n<meta name=\"twitter:label1\" content=\"Tiempo de lectura\" \/>\n\t<meta name=\"twitter:data1\" content=\"2 minutos\" \/>\n<script type=\"application\/ld+json\" class=\"yoast-schema-graph\">{\"@context\":\"https:\/\/schema.org\",\"@graph\":[{\"@type\":\"WebPage\",\"@id\":\"https:\/\/parroquiadealpedrete.archimadrid.es\/?page_id=881\",\"url\":\"https:\/\/parroquiadealpedrete.archimadrid.es\/?page_id=881\",\"name\":\"Fotos - ASUNCI\u00d3N DE NUESTRA SE\u00d1ORA ALPEDRETE\",\"isPartOf\":{\"@id\":\"https:\/\/parroquiadealpedrete.archimadrid.es\/#website\"},\"primaryImageOfPage\":{\"@id\":\"https:\/\/parroquiadealpedrete.archimadrid.es\/?page_id=881#primaryimage\"},\"image\":{\"@id\":\"https:\/\/parroquiadealpedrete.archimadrid.es\/?page_id=881#primaryimage\"},\"thumbnailUrl\":\"https:\/\/parroquiadealpedrete.archimadrid.es\/wp-content\/uploads\/2022\/02\/Copia-de-DSC_3968-300x200.jpg\",\"datePublished\":\"2021-11-02T22:51:10+00:00\",\"dateModified\":\"2022-06-25T08:07:06+00:00\",\"breadcrumb\":{\"@id\":\"https:\/\/parroquiadealpedrete.archimadrid.es\/?page_id=881#breadcrumb\"},\"inLanguage\":\"es\",\"potentialAction\":[{\"@type\":\"ReadAction\",\"target\":[\"https:\/\/parroquiadealpedrete.archimadrid.es\/?page_id=881\"]}]},{\"@type\":\"ImageObject\",\"inLanguage\":\"es\",\"@id\":\"https:\/\/parroquiadealpedrete.archimadrid.es\/?page_id=881#primaryimage\",\"url\":\"https:\/\/parroquiadealpedrete.archimadrid.es\/wp-content\/uploads\/2022\/02\/Copia-de-DSC_3968.jpg\",\"contentUrl\":\"https:\/\/parroquiadealpedrete.archimadrid.es\/wp-content\/uploads\/2022\/02\/Copia-de-DSC_3968.jpg\",\"width\":1500,\"height\":1001},{\"@type\":\"BreadcrumbList\",\"@id\":\"https:\/\/parroquiadealpedrete.archimadrid.es\/?page_id=881#breadcrumb\",\"itemListElement\":[{\"@type\":\"ListItem\",\"position\":1,\"name\":\"Portada\",\"item\":\"https:\/\/parroquiadealpedrete.archimadrid.es\/\"},{\"@type\":\"ListItem\",\"position\":2,\"name\":\"Fotos\"}]},{\"@type\":\"WebSite\",\"@id\":\"https:\/\/parroquiadealpedrete.archimadrid.es\/#website\",\"url\":\"https:\/\/parroquiadealpedrete.archimadrid.es\/\",\"name\":\"ASUNCI\u00d3N DE NUESTRA SE\u00d1ORA ALPEDRETE\",\"description\":\"Parroquia de Alpedrete\",\"publisher\":{\"@id\":\"https:\/\/parroquiadealpedrete.archimadrid.es\/#organization\"},\"potentialAction\":[{\"@type\":\"SearchAction\",\"target\":{\"@type\":\"EntryPoint\",\"urlTemplate\":\"https:\/\/parroquiadealpedrete.archimadrid.es\/?s={search_term_string}\"},\"query-input\":{\"@type\":\"PropertyValueSpecification\",\"valueRequired\":true,\"valueName\":\"search_term_string\"}}],\"inLanguage\":\"es\"},{\"@type\":\"Organization\",\"@id\":\"https:\/\/parroquiadealpedrete.archimadrid.es\/#organization\",\"name\":\"Asunci\u00f3n de nuestra Se\u00f1ora de Alpedrete\",\"url\":\"https:\/\/parroquiadealpedrete.archimadrid.es\/\",\"logo\":{\"@type\":\"ImageObject\",\"inLanguage\":\"es\",\"@id\":\"https:\/\/parroquiadealpedrete.archimadrid.es\/#\/schema\/logo\/image\/\",\"url\":\"https:\/\/parroquiadealpedrete.archimadrid.es\/wp-content\/uploads\/2022\/02\/Logo-con-fondo--scaled-e1645483003367.jpg\",\"contentUrl\":\"https:\/\/parroquiadealpedrete.archimadrid.es\/wp-content\/uploads\/2022\/02\/Logo-con-fondo--scaled-e1645483003367.jpg\",\"width\":1689,\"height\":1689,\"caption\":\"Asunci\u00f3n de nuestra Se\u00f1ora de Alpedrete\"},\"image\":{\"@id\":\"https:\/\/parroquiadealpedrete.archimadrid.es\/#\/schema\/logo\/image\/\"}}]}<\/script>\n<!-- \/ Yoast SEO plugin. -->","yoast_head_json":{"title":"Fotos - ASUNCI\u00d3N DE NUESTRA SE\u00d1ORA ALPEDRETE","robots":{"index":"index","follow":"follow","max-snippet":"max-snippet:-1","max-image-preview":"max-image-preview:large","max-video-preview":"max-video-preview:-1"},"canonical":"https:\/\/parroquiadealpedrete.archimadrid.es\/?page_id=881","og_locale":"es_ES","og_type":"article","og_title":"Fotos - ASUNCI\u00d3N DE NUESTRA SE\u00d1ORA ALPEDRETE","og_description":"Iglesia de Alpedrete Navidad Im\u00e1genes y objetos lit\u00fargicos Santa Quiteria Procesi\u00f3n &#8211; Semana Santa 2022 Corpus Cristi 2022 Semana Santa Viajes y excursiones Otras celebraciones","og_url":"https:\/\/parroquiadealpedrete.archimadrid.es\/?page_id=881","og_site_name":"ASUNCI\u00d3N DE NUESTRA SE\u00d1ORA ALPEDRETE","article_modified_time":"2022-06-25T08:07:06+00:00","og_image":[{"url":"https:\/\/parroquiadealpedrete.archimadrid.es\/wp-content\/uploads\/2022\/02\/Copia-de-DSC_3968-300x200.jpg","type":"","width":"","height":""}],"twitter_card":"summary_large_image","twitter_misc":{"Tiempo de lectura":"2 minutos"},"schema":{"@context":"https:\/\/schema.org","@graph":[{"@type":"WebPage","@id":"https:\/\/parroquiadealpedrete.archimadrid.es\/?page_id=881","url":"https:\/\/parroquiadealpedrete.archimadrid.es\/?page_id=881","name":"Fotos - ASUNCI\u00d3N DE NUESTRA SE\u00d1ORA ALPEDRETE","isPartOf":{"@id":"https:\/\/parroquiadealpedrete.archimadrid.es\/#website"},"primaryImageOfPage":{"@id":"https:\/\/parroquiadealpedrete.archimadrid.es\/?page_id=881#primaryimage"},"image":{"@id":"https:\/\/parroquiadealpedrete.archimadrid.es\/?page_id=881#primaryimage"},"thumbnailUrl":"https:\/\/parroquiadealpedrete.archimadrid.es\/wp-content\/uploads\/2022\/02\/Copia-de-DSC_3968-300x200.jpg","datePublished":"2021-11-02T22:51:10+00:00","dateModified":"2022-06-25T08:07:06+00:00","breadcrumb":{"@id":"https:\/\/parroquiadealpedrete.archimadrid.es\/?page_id=881#breadcrumb"},"inLanguage":"es","potentialAction":[{"@type":"ReadAction","target":["https:\/\/parroquiadealpedrete.archimadrid.es\/?page_id=881"]}]},{"@type":"ImageObject","inLanguage":"es","@id":"https:\/\/parroquiadealpedrete.archimadrid.es\/?page_id=881#primaryimage","url":"https:\/\/parroquiadealpedrete.archimadrid.es\/wp-content\/uploads\/2022\/02\/Copia-de-DSC_3968.jpg","contentUrl":"https:\/\/parroquiadealpedrete.archimadrid.es\/wp-content\/uploads\/2022\/02\/Copia-de-DSC_3968.jpg","width":1500,"height":1001},{"@type":"BreadcrumbList","@id":"https:\/\/parroquiadealpedrete.archimadrid.es\/?page_id=881#breadcrumb","itemListElement":[{"@type":"ListItem","position":1,"name":"Portada","item":"https:\/\/parroquiadealpedrete.archimadrid.es\/"},{"@type":"ListItem","position":2,"name":"Fotos"}]},{"@type":"WebSite","@id":"https:\/\/parroquiadealpedrete.archimadrid.es\/#website","url":"https:\/\/parroquiadealpedrete.archimadrid.es\/","name":"ASUNCI\u00d3N DE NUESTRA SE\u00d1ORA ALPEDRETE","description":"Parroquia de Alpedrete","publisher":{"@id":"https:\/\/parroquiadealpedrete.archimadrid.es\/#organization"},"potentialAction":[{"@type":"SearchAction","target":{"@type":"EntryPoint","urlTemplate":"https:\/\/parroquiadealpedrete.archimadrid.es\/?s={search_term_string}"},"query-input":{"@type":"PropertyValueSpecification","valueRequired":true,"valueName":"search_term_string"}}],"inLanguage":"es"},{"@type":"Organization","@id":"https:\/\/parroquiadealpedrete.archimadrid.es\/#organization","name":"Asunci\u00f3n de nuestra Se\u00f1ora de Alpedrete","url":"https:\/\/parroquiadealpedrete.archimadrid.es\/","logo":{"@type":"ImageObject","inLanguage":"es","@id":"https:\/\/parroquiadealpedrete.archimadrid.es\/#\/schema\/logo\/image\/","url":"https:\/\/parroquiadealpedrete.archimadrid.es\/wp-content\/uploads\/2022\/02\/Logo-con-fondo--scaled-e1645483003367.jpg","contentUrl":"https:\/\/parroquiadealpedrete.archimadrid.es\/wp-content\/uploads\/2022\/02\/Logo-con-fondo--scaled-e1645483003367.jpg","width":1689,"height":1689,"caption":"Asunci\u00f3n de nuestra Se\u00f1ora de Alpedrete"},"image":{"@id":"https:\/\/parroquiadealpedrete.archimadrid.es\/#\/schema\/logo\/image\/"}}]}},"_links":{"self":[{"href":"https:\/\/parroquiadealpedrete.archimadrid.es\/index.php?rest_route=\/wp\/v2\/pages\/881","targetHints":{"allow":["GET"]}}],"collection":[{"href":"https:\/\/parroquiadealpedrete.archimadrid.es\/index.php?rest_route=\/wp\/v2\/pages"}],"about":[{"href":"https:\/\/parroquiadealpedrete.archimadrid.es\/index.php?rest_route=\/wp\/v2\/types\/page"}],"author":[{"embeddable":true,"href":"https:\/\/parroquiadealpedrete.archimadrid.es\/index.php?rest_route=\/wp\/v2\/users\/1"}],"replies":[{"embeddable":true,"href":"https:\/\/parroquiadealpedrete.archimadrid.es\/index.php?rest_route=%2Fwp%2Fv2%2Fcomments&post=881"}],"version-history":[{"count":24,"href":"https:\/\/parroquiadealpedrete.archimadrid.es\/index.php?rest_route=\/wp\/v2\/pages\/881\/revisions"}],"predecessor-version":[{"id":3702,"href":"https:\/\/parroquiadealpedrete.archimadrid.es\/index.php?rest_route=\/wp\/v2\/pages\/881\/revisions\/3702"}],"wp:attachment":[{"href":"https:\/\/parroquiadealpedrete.archimadrid.es\/index.php?rest_route=%2Fwp%2Fv2%2Fmedia&parent=881"}],"curies":[{"name":"wp","href":"https:\/\/api.w.org\/{rel}","templated":true}]}}